{"id":70,"date":"2018-04-11T16:41:23","date_gmt":"2018-04-11T19:41:23","guid":{"rendered":"https:\/\/www.unisantos.br\/workshoprecursosespaciais2025\/?page_id=70"},"modified":"2025-10-22T18:51:58","modified_gmt":"2025-10-22T21:51:58","slug":"comissoes","status":"publish","type":"page","link":"https:\/\/www.unisantos.br\/workshoprecursosespaciais2025\/comissoes\/","title":{"rendered":"Comiss\u00f5es"},"content":{"rendered":"<p><strong>COMISS\u00c3O ORGANIZADORA E CIENT\u00cdFICA<br \/>\n<\/strong>Prof. Dr. Olavo de O. Bittencourt Neto &#8211; UNISANTOS<br \/>\nProf. Dr. Daniel Freire e Almeida &#8211; UNISANTOS<br \/>\nProf\u00aa. Dr\u00aa. Gabriela Soldano Garcez &#8211; UNISANTOS<br \/>\nPro. Dr. Guoyu Wang &#8211;\u00a0Faculdade de Direito do Beijing Institute of Technology (BIT)<\/p>\n<p><strong>COMISS\u00c3O EXECUTIVA<br \/>\n<\/strong>Prof. Dr. Olavo de O. Bittencourt Neto &#8211; UNISANTOS<br \/>\nProf. Dr. Daniel Freire e Almeida &#8211; UNISANTOS<br \/>\nProf\u00aa. Dr\u00aa. Gabriela Soldano Garcez &#8211; UNISANTOS<br \/>\nPro. Dr. Guoyu Wang &#8211;\u00a0Faculdade de Direito do Beijing Institute of Technology (BIT)<\/p>\n<p style=\"font-weight: 400;\">\n","protected":false},"excerpt":{"rendered":"<p>COMISS\u00c3O ORGANIZADORA E CIENT\u00cdFICA Prof. Dr. Olavo de O. Bittencourt Neto &#8211; UNISANTOS Prof. Dr. Daniel Freire e Almeida &#8211; UNISANTOS Prof\u00aa. Dr\u00aa. Gabriela Soldano Garcez &#8211; UNISANTOS Pro. Dr. Guoyu Wang &#8211;\u00a0Faculdade de Direito do Beijing Institute of Technology (BIT) COMISS\u00c3O EXECUTIVA Prof. Dr. Olavo de O. Bittencourt Neto &#8211; UNISANTOS Prof. Dr. Daniel [&hellip;]<\/p>\n","protected":false},"author":1,"featured_media":0,"parent":0,"menu_order":0,"comment_status":"closed","ping_status":"closed","template":"","meta":{"footnotes":""},"_links":{"self":[{"href":"https:\/\/www.unisantos.br\/workshoprecursosespaciais2025\/wp-json\/wp\/v2\/pages\/70"}],"collection":[{"href":"https:\/\/www.unisantos.br\/workshoprecursosespaciais2025\/wp-json\/wp\/v2\/pages"}],"about":[{"href":"https:\/\/www.unisantos.br\/workshoprecursosespaciais2025\/wp-json\/wp\/v2\/types\/page"}],"author":[{"embeddable":true,"href":"https:\/\/www.unisantos.br\/workshoprecursosespaciais2025\/wp-json\/wp\/v2\/users\/1"}],"replies":[{"embeddable":true,"href":"https:\/\/www.unisantos.br\/workshoprecursosespaciais2025\/wp-json\/wp\/v2\/comments?post=70"}],"version-history":[{"count":8,"href":"https:\/\/www.unisantos.br\/workshoprecursosespaciais2025\/wp-json\/wp\/v2\/pages\/70\/revisions"}],"predecessor-version":[{"id":217,"href":"https:\/\/www.unisantos.br\/workshoprecursosespaciais2025\/wp-json\/wp\/v2\/pages\/70\/revisions\/217"}],"wp:attachment":[{"href":"https:\/\/www.unisantos.br\/workshoprecursosespaciais2025\/wp-json\/wp\/v2\/media?parent=70"}],"curies":[{"name":"wp","href":"https:\/\/api.w.org\/{rel}","templated":true}]}}