{"id":170,"date":"2023-11-06T19:13:26","date_gmt":"2023-11-06T22:13:26","guid":{"rendered":"https:\/\/www.unisantos.br\/workshoprecursosespaciais2025\/?page_id=170"},"modified":"2025-10-23T14:25:58","modified_gmt":"2025-10-23T17:25:58","slug":"programacao-2023","status":"publish","type":"page","link":"https:\/\/www.unisantos.br\/workshoprecursosespaciais2025\/programacao-2023\/","title":{"rendered":"Programa\u00e7\u00e3o"},"content":{"rendered":"\n<p><strong>DIA 27\/10\/2025<\/strong><\/p>\n\n\n\n<p><\/p>\n\n\n\n<p><strong>09h \u00e0s 11h20<\/strong><\/p>\n\n\n\n<p><\/p>\n\n\n\n<p><strong>Oficina de pesquisa<\/strong><\/p>\n\n\n\n<p>Apresenta\u00e7\u00f5es de resumos expandidos (gradua\u00e7\u00e3o e p\u00f3s-gradua\u00e7\u00e3o)<\/p>\n\n\n\n<p><\/p>\n\n\n\n<p><strong>18h30 \u00e0s 21h<\/strong><\/p>\n\n\n\n<p><\/p>\n\n\n\n<p>Mesa de palestra\/debates<\/p>\n\n\n\n<p><\/p>\n\n\n\n<p>Palestrante:<br><strong>Guoyu Wang<\/strong> &#8211; Diretor da Academy of Air, Space Policy and Law do Beijing Institute of Technology (BIT), professor da Faculdade de Direito do Beijing Institute of Technology (BIT), membro da Diretoria do International Institute of Space Law (IISL)<\/p>\n\n\n\n<p><\/p>\n\n\n\n<p>Mediador:<br><strong>Prof. Dr. Olavo de O. Bittencourt Neto<\/strong> &#8211; Professor, UNISANTOS<\/p>\n\n\n\n<p><\/p>\n\n\n\n<p>Debatedores:<br><strong>Prof. Dr. Daniel Freire e Almeida <\/strong>&#8211; Professor, UNISANTOS<br><strong>Prof. Dr. Fabiano Louren\u00e7o de Menezes<\/strong> &#8211; Professor, UNISANTOS<br><strong>Prof\u00aa. Dr\u00aa. Gabriela Soldano Garcez<\/strong> &#8211; Professora, UNISANTOS<\/p>\n","protected":false},"excerpt":{"rendered":"<p>DIA 27\/10\/2025 09h \u00e0s 11h20 Oficina de pesquisa Apresenta\u00e7\u00f5es de resumos expandidos (gradua\u00e7\u00e3o e p\u00f3s-gradua\u00e7\u00e3o) 18h30 \u00e0s 21h Mesa de palestra\/debates Palestrante:Guoyu Wang &#8211; Diretor da Academy of Air, Space Policy and Law do Beijing Institute of Technology (BIT), professor da Faculdade de Direito do Beijing Institute of Technology (BIT), membro da Diretoria do International [&hellip;]<\/p>\n","protected":false},"author":1,"featured_media":0,"parent":0,"menu_order":0,"comment_status":"closed","ping_status":"closed","template":"","meta":{"footnotes":""},"_links":{"self":[{"href":"https:\/\/www.unisantos.br\/workshoprecursosespaciais2025\/wp-json\/wp\/v2\/pages\/170"}],"collection":[{"href":"https:\/\/www.unisantos.br\/workshoprecursosespaciais2025\/wp-json\/wp\/v2\/pages"}],"about":[{"href":"https:\/\/www.unisantos.br\/workshoprecursosespaciais2025\/wp-json\/wp\/v2\/types\/page"}],"author":[{"embeddable":true,"href":"https:\/\/www.unisantos.br\/workshoprecursosespaciais2025\/wp-json\/wp\/v2\/users\/1"}],"replies":[{"embeddable":true,"href":"https:\/\/www.unisantos.br\/workshoprecursosespaciais2025\/wp-json\/wp\/v2\/comments?post=170"}],"version-history":[{"count":18,"href":"https:\/\/www.unisantos.br\/workshoprecursosespaciais2025\/wp-json\/wp\/v2\/pages\/170\/revisions"}],"predecessor-version":[{"id":228,"href":"https:\/\/www.unisantos.br\/workshoprecursosespaciais2025\/wp-json\/wp\/v2\/pages\/170\/revisions\/228"}],"wp:attachment":[{"href":"https:\/\/www.unisantos.br\/workshoprecursosespaciais2025\/wp-json\/wp\/v2\/media?parent=170"}],"curies":[{"name":"wp","href":"https:\/\/api.w.org\/{rel}","templated":true}]}}