{"id":72,"date":"2018-04-11T16:41:56","date_gmt":"2018-04-11T19:41:56","guid":{"rendered":"https:\/\/www.unisantos.br\/workshoprecursosespaciais2024\/?page_id=72"},"modified":"2022-04-29T12:22:47","modified_gmt":"2022-04-29T15:22:47","slug":"workshop","status":"publish","type":"page","link":"https:\/\/www.unisantos.br\/workshoprecursosespaciais2024\/workshop\/","title":{"rendered":"Workshop"},"content":{"rendered":"<p><strong>JUSTIFICATIVA<\/strong><\/p>\n<p>&nbsp;<\/p>\n<p>A evolu\u00e7\u00e3o da tecnologia aeroespacial apresenta constantes desafios \u00e0 comunidade internacional, na busca pela garantia de sustentabilidade das atividades espaciais. A utiliza\u00e7\u00e3o de recursos espaciais tem grande potencial para o futuro da humanidade.<\/p>\n<p>&nbsp;<\/p>\n<p>Seguindo sua voca\u00e7\u00e3o de promover pesquisas acad\u00eamicas sobre tem\u00e1ticas atuais, a Universidade Cat\u00f3lica de Santos integrou o Grupo Internacional de Trabalho da Haia sobre Governan\u00e7a de Recursos Espaciais (The Hague International Space Resources Governance Working Group) &#8211; cons\u00f3rcio internacional composto por governos, universidades, empresas e sociedade civil &#8211; no debate sobre o regime aplic\u00e1vel a atividades que envolvam recursos espaciais.<\/p>\n<p>&nbsp;<\/p>\n<p>O Grupo da Haia aprovou marco regulat\u00f3rio sobre o tema em 2019, com vista a estabelecer as bases para as discuss\u00f5es internacionais sobre o potencial desenvolvimento de quadro normativo internacional, sem preju\u00edzo de forma e estrutura. O documento obteve reconhecimento internacional, influenciando tanto projetos de lei nacionais quanto o debate nas Na\u00e7\u00f5es Unidas.<\/p>\n<p>&nbsp;<\/p>\n<p>Justifica-se o estudo do legado do Grupo da Haia para o desenvolvimento do Direito Espacial, bem como da relev\u00e2ncia da coopera\u00e7\u00e3o internacional para a promo\u00e7\u00e3o dos usos pac\u00edficos do espa\u00e7o.<\/p>\n<p>&nbsp;<\/p>\n<p><strong>OBJETIVO<\/strong><\/p>\n<p>&nbsp;<\/p>\n<p>Mediante sess\u00f5es de palestras e apresenta\u00e7\u00f5es de trabalho, objetiva-se o debate sobre os resultados do Grupo de Haia quanto \u00e0 governan\u00e7a global de recursos espaciais, tendo em vista poss\u00edvel acordo ou instrumento multilateral, de modo a desenvolver perspectivas sobre o tema com particular considera\u00e7\u00e3o aos interesses dos pa\u00edses em desenvolvimento.<\/p>\n<p>&nbsp;<\/p>\n<p>Nesse cen\u00e1rio, a realiza\u00e7\u00e3o do evento na Brasil, pot\u00eancia regional em mat\u00e9ria espacial, permitir\u00e1 a discuss\u00e3o estrat\u00e9gica de temas relevantes de Direito e Pol\u00edtica Espacial, fomentando pesquisas e debates em toda a regi\u00e3o.<\/p>\n<p>&nbsp;<\/p>\n<p><strong>ABRANG\u00caNCIA<\/strong><\/p>\n<p>&nbsp;<\/p>\n<p>O workshop \u00e9 destinado a acad\u00eamicos e profissionais envolvidos com tem\u00e1ticas espaciais, inclusive nos \u00e2mbitos legal e pol\u00edtico, dos setores p\u00fablico e privado, bem como estudantes universit\u00e1rios, representantes da sociedade civil, ind\u00fastria e grande p\u00fablico.<\/p>\n","protected":false},"excerpt":{"rendered":"<p>JUSTIFICATIVA &nbsp; A evolu\u00e7\u00e3o da tecnologia aeroespacial apresenta constantes desafios \u00e0 comunidade internacional, na busca pela garantia de sustentabilidade das atividades espaciais. A utiliza\u00e7\u00e3o de recursos espaciais tem grande potencial para o futuro da humanidade. &nbsp; Seguindo sua voca\u00e7\u00e3o de promover pesquisas acad\u00eamicas sobre tem\u00e1ticas atuais, a Universidade Cat\u00f3lica de Santos integrou o Grupo Internacional [&hellip;]<\/p>\n","protected":false},"author":1,"featured_media":0,"parent":0,"menu_order":0,"comment_status":"closed","ping_status":"closed","template":"","meta":{"footnotes":""},"_links":{"self":[{"href":"https:\/\/www.unisantos.br\/workshoprecursosespaciais2024\/wp-json\/wp\/v2\/pages\/72"}],"collection":[{"href":"https:\/\/www.unisantos.br\/workshoprecursosespaciais2024\/wp-json\/wp\/v2\/pages"}],"about":[{"href":"https:\/\/www.unisantos.br\/workshoprecursosespaciais2024\/wp-json\/wp\/v2\/types\/page"}],"author":[{"embeddable":true,"href":"https:\/\/www.unisantos.br\/workshoprecursosespaciais2024\/wp-json\/wp\/v2\/users\/1"}],"replies":[{"embeddable":true,"href":"https:\/\/www.unisantos.br\/workshoprecursosespaciais2024\/wp-json\/wp\/v2\/comments?post=72"}],"version-history":[{"count":3,"href":"https:\/\/www.unisantos.br\/workshoprecursosespaciais2024\/wp-json\/wp\/v2\/pages\/72\/revisions"}],"predecessor-version":[{"id":135,"href":"https:\/\/www.unisantos.br\/workshoprecursosespaciais2024\/wp-json\/wp\/v2\/pages\/72\/revisions\/135"}],"wp:attachment":[{"href":"https:\/\/www.unisantos.br\/workshoprecursosespaciais2024\/wp-json\/wp\/v2\/media?parent=72"}],"curies":[{"name":"wp","href":"https:\/\/api.w.org\/{rel}","templated":true}]}}