{"id":70,"date":"2018-04-11T16:41:23","date_gmt":"2018-04-11T19:41:23","guid":{"rendered":"https:\/\/www.unisantos.br\/workshoprecursosespaciais2024\/?page_id=70"},"modified":"2024-11-24T11:49:18","modified_gmt":"2024-11-24T14:49:18","slug":"comissoes","status":"publish","type":"page","link":"https:\/\/www.unisantos.br\/workshoprecursosespaciais2024\/comissoes\/","title":{"rendered":"Comiss\u00f5es"},"content":{"rendered":"<p><strong>COMISS\u00c3O ORGANIZADORA E CIENT\u00cdFICA<\/strong><br \/>\nProf. Dr. Olavo de Oliveira Bittencourt Neto<br \/>\nProf. Dr. Daniel Freire e Almeida<br \/>\nProf\u00aa. Dr\u00aa. Gabriela Soldano Garcez<\/p>\n<p>&nbsp;<\/p>\n<p><strong>COMISS\u00c3O EXECUTIVA<\/strong><br \/>\nProf. Dr. Olavo de Oliveira Bittencourt Neto<br \/>\nProf. Dr. Daniel Freire e Almeida<br \/>\nProf\u00aa. Dr\u00aa. Gabriela Soldano Garcez<br \/>\nEden Clabuchar Martingo<br \/>\nProf. Dr. Michael Byers<\/p>\n<p style=\"font-weight: 400;\">\n","protected":false},"excerpt":{"rendered":"<p>COMISS\u00c3O ORGANIZADORA E CIENT\u00cdFICA Prof. Dr. Olavo de Oliveira Bittencourt Neto Prof. Dr. Daniel Freire e Almeida Prof\u00aa. Dr\u00aa. Gabriela Soldano Garcez &nbsp; COMISS\u00c3O EXECUTIVA Prof. Dr. Olavo de Oliveira Bittencourt Neto Prof. Dr. Daniel Freire e Almeida Prof\u00aa. Dr\u00aa. Gabriela Soldano Garcez Eden Clabuchar Martingo Prof. Dr. Michael Byers<\/p>\n","protected":false},"author":1,"featured_media":0,"parent":0,"menu_order":0,"comment_status":"closed","ping_status":"closed","template":"","meta":{"footnotes":""},"_links":{"self":[{"href":"https:\/\/www.unisantos.br\/workshoprecursosespaciais2024\/wp-json\/wp\/v2\/pages\/70"}],"collection":[{"href":"https:\/\/www.unisantos.br\/workshoprecursosespaciais2024\/wp-json\/wp\/v2\/pages"}],"about":[{"href":"https:\/\/www.unisantos.br\/workshoprecursosespaciais2024\/wp-json\/wp\/v2\/types\/page"}],"author":[{"embeddable":true,"href":"https:\/\/www.unisantos.br\/workshoprecursosespaciais2024\/wp-json\/wp\/v2\/users\/1"}],"replies":[{"embeddable":true,"href":"https:\/\/www.unisantos.br\/workshoprecursosespaciais2024\/wp-json\/wp\/v2\/comments?post=70"}],"version-history":[{"count":7,"href":"https:\/\/www.unisantos.br\/workshoprecursosespaciais2024\/wp-json\/wp\/v2\/pages\/70\/revisions"}],"predecessor-version":[{"id":197,"href":"https:\/\/www.unisantos.br\/workshoprecursosespaciais2024\/wp-json\/wp\/v2\/pages\/70\/revisions\/197"}],"wp:attachment":[{"href":"https:\/\/www.unisantos.br\/workshoprecursosespaciais2024\/wp-json\/wp\/v2\/media?parent=70"}],"curies":[{"name":"wp","href":"https:\/\/api.w.org\/{rel}","templated":true}]}}