{"id":38,"date":"2018-03-23T15:29:51","date_gmt":"2018-03-23T18:29:51","guid":{"rendered":"https:\/\/www.unisantos.br\/workshoprecursosespaciais2024\/?page_id=38"},"modified":"2023-11-06T19:16:00","modified_gmt":"2023-11-06T22:16:00","slug":"programacao-2022","status":"publish","type":"page","link":"https:\/\/www.unisantos.br\/workshoprecursosespaciais2024\/programacao-2022\/","title":{"rendered":"Programa\u00e7\u00e3o 2022"},"content":{"rendered":"<p><strong>DIA 1: 25\/05<\/strong><\/p>\n<p>&nbsp;<\/p>\n<p><strong>&#8211; Palestras (10h-12h): online<\/strong><\/p>\n<p>&nbsp;<\/p>\n<p><strong>Mediador<\/strong>: Prof. Dr. Olavo de Oliveira Bittencourt Neto (Docente da Universidade Cat\u00f3lica de Santos)<\/p>\n<p>&nbsp;<\/p>\n<p><em>The Legacy of the Hague International Space Resources Governance Working Group<\/em><br \/>\nTanja Masson-Zwaan (Vice-diretora do International Institute of Air and Space Law da Universidade de Leiden, Holanda; presidenta em\u00e9rita do International Institute of Space Law)<\/p>\n<p>&nbsp;<\/p>\n<p><em>Review of the Luxembourg National Legislation on Space Resource Activities<\/em><br \/>\nMahulena Hofmann (Professora titular da Universidade de Luxemburgo)<\/p>\n<p>&nbsp;<\/p>\n<p><strong>&#8211; Palestras (13h-15h): online<\/strong><\/p>\n<p>&nbsp;<\/p>\n<p><strong>Mediador<\/strong>: Prof. Dr. Olavo de Oliveira Bittencourt Neto (Docente da Universidade Cat\u00f3lica de Santos)<\/p>\n<p>&nbsp;<\/p>\n<p><em>Reviewing the Commentary on the Building Blocks for the Development of an International Framework on Space Resources Governance<br \/>\n<\/em>Dimitra Stefoudi (Doutoranda da Universidade de Leiden, Holanda)<\/p>\n<p>&nbsp;<\/p>\n<p><em>The Lunar Governance Report of the Space Generation Advisory Council<br \/>\n<\/em>Antonino Salmeri (Doutorando da Universidade de Luxemburgo)<\/p>\n<p>&nbsp;<\/p>\n<p><strong>DIA 2: 26\/05<\/strong><\/p>\n<p>&nbsp;<\/p>\n<p><strong>&#8211; Apresenta\u00e7\u00e3o de trabalhos (10h-12h): online<\/strong><\/p>\n<p>&nbsp;<\/p>\n<p><strong>Mediadores<\/strong>: Prof. Dr. Daniel Freire e Almeida e Prof\u00aa. Dr\u00aa. Gabriela Soldano Garcez (Docente da Universidade Cat\u00f3lica de Santos)<\/p>\n<p>&nbsp;<\/p>\n<p><strong>&#8211; Apresenta\u00e7\u00e3o de trabalhos (15h-17h): online<\/strong><\/p>\n<p>&nbsp;<\/p>\n<p><strong>Mediadores<\/strong>: Prof. Dr. Daniel Freire e Almeida e Prof\u00aa. Dr\u00aa. Gabriela Soldano Garcez (Docente da Universidade Cat\u00f3lica de Santos)<\/p>\n<p>&nbsp;<\/p>\n<p><strong>DIA 3: 27\/05<\/strong><\/p>\n<p>&nbsp;<\/p>\n<p><strong>&#8211; Mesa-redonda (10h-11h30): presencial e online<\/strong><\/p>\n<p>&nbsp;<\/p>\n<p><em>A Import\u00e2ncia da Coopera\u00e7\u00e3o Internacional para o Desenvolvimento do Direito Espacial<br \/>\n<\/em>Prof. Dr. Olavo de Oliveira Bittencourt Neto (Docente da Universidade Cat\u00f3lica de Santos)<br \/>\nProf. Dr. Daniel Freire e Almeida (Docente da Universidade Cat\u00f3lica de Santos)<br \/>\nProf. Me. Ian Grosner (Procurador federal da Ag\u00eancia Espacial Brasileira)<br \/>\nProf. Dr. Cesar Bargo Perez (Docente da Universidade Cat\u00f3lica de Santos)<\/p>\n<p>&nbsp;<\/p>\n<p><strong>&#8211; Cerim\u00f4nia de encerramento e formatura da 1\u00aa. turma do Curso de P\u00f3s-Gradua\u00e7\u00e3o Lato Sensu em Direito e Pol\u00edtica Espacial da UniSantos (11h30-13h): presencial<\/strong><\/p>\n","protected":false},"excerpt":{"rendered":"<p>DIA 1: 25\/05 &nbsp; &#8211; Palestras (10h-12h): online &nbsp; Mediador: Prof. Dr. Olavo de Oliveira Bittencourt Neto (Docente da Universidade Cat\u00f3lica de Santos) &nbsp; The Legacy of the Hague International Space Resources Governance Working Group Tanja Masson-Zwaan (Vice-diretora do International Institute of Air and Space Law da Universidade de Leiden, Holanda; presidenta em\u00e9rita do International [&hellip;]<\/p>\n","protected":false},"author":1,"featured_media":0,"parent":0,"menu_order":0,"comment_status":"closed","ping_status":"closed","template":"","meta":{"footnotes":""},"_links":{"self":[{"href":"https:\/\/www.unisantos.br\/workshoprecursosespaciais2024\/wp-json\/wp\/v2\/pages\/38"}],"collection":[{"href":"https:\/\/www.unisantos.br\/workshoprecursosespaciais2024\/wp-json\/wp\/v2\/pages"}],"about":[{"href":"https:\/\/www.unisantos.br\/workshoprecursosespaciais2024\/wp-json\/wp\/v2\/types\/page"}],"author":[{"embeddable":true,"href":"https:\/\/www.unisantos.br\/workshoprecursosespaciais2024\/wp-json\/wp\/v2\/users\/1"}],"replies":[{"embeddable":true,"href":"https:\/\/www.unisantos.br\/workshoprecursosespaciais2024\/wp-json\/wp\/v2\/comments?post=38"}],"version-history":[{"count":4,"href":"https:\/\/www.unisantos.br\/workshoprecursosespaciais2024\/wp-json\/wp\/v2\/pages\/38\/revisions"}],"predecessor-version":[{"id":168,"href":"https:\/\/www.unisantos.br\/workshoprecursosespaciais2024\/wp-json\/wp\/v2\/pages\/38\/revisions\/168"}],"wp:attachment":[{"href":"https:\/\/www.unisantos.br\/workshoprecursosespaciais2024\/wp-json\/wp\/v2\/media?parent=38"}],"curies":[{"name":"wp","href":"https:\/\/api.w.org\/{rel}","templated":true}]}}