{"id":70,"date":"2018-04-11T16:41:23","date_gmt":"2018-04-11T19:41:23","guid":{"rendered":"http:\/\/www.unisantos.br\/spaceresourcesworkshop\/?page_id=70"},"modified":"2023-11-06T18:56:46","modified_gmt":"2023-11-06T21:56:46","slug":"comissoes","status":"publish","type":"page","link":"https:\/\/www.unisantos.br\/workshoprecursosespaciais\/comissoes\/","title":{"rendered":"Comiss\u00f5es"},"content":{"rendered":"<p><strong>COMISS\u00c3O ORGANIZADORA E CIENT\u00cdFICA<\/strong><br \/>\nProf. Dr. Olavo de Oliveira Bittencourt Neto<br \/>\nProf. Dr. Daniel Freire e Almeida<br \/>\nProf\u00aa. Dr\u00aa. Gabriela Soldano Garcez<\/p>\n<p>&nbsp;<\/p>\n<p><strong>COMISS\u00c3O EXECUTIVA<\/strong><br \/>\nProf. Dr. Olavo de Oliveira Bittencourt Neto<br \/>\nProf. Dr. Daniel Freire e Almeida<br \/>\nProf\u00aa. Dr\u00aa. Gabriela Soldano Garcez<br \/>\nVinicius Aloia<br \/>\nMarina Stephanie Ramos Huidobro<br \/>\nSuyan Cristina Malhadas<br \/>\nRodrigo Vesule Fernandes<\/p>\n<p style=\"font-weight: 400;\">\n","protected":false},"excerpt":{"rendered":"<p>COMISS\u00c3O ORGANIZADORA E CIENT\u00cdFICA Prof. Dr. Olavo de Oliveira Bittencourt Neto Prof. Dr. Daniel Freire e Almeida Prof\u00aa. Dr\u00aa. Gabriela Soldano Garcez &nbsp; COMISS\u00c3O EXECUTIVA Prof. Dr. Olavo de Oliveira Bittencourt Neto Prof. Dr. Daniel Freire e Almeida Prof\u00aa. Dr\u00aa. Gabriela Soldano Garcez Vinicius Aloia Marina Stephanie Ramos Huidobro Suyan Cristina Malhadas Rodrigo Vesule Fernandes<\/p>\n","protected":false},"author":1,"featured_media":0,"parent":0,"menu_order":0,"comment_status":"closed","ping_status":"closed","template":"","meta":{"footnotes":""},"_links":{"self":[{"href":"https:\/\/www.unisantos.br\/workshoprecursosespaciais\/wp-json\/wp\/v2\/pages\/70"}],"collection":[{"href":"https:\/\/www.unisantos.br\/workshoprecursosespaciais\/wp-json\/wp\/v2\/pages"}],"about":[{"href":"https:\/\/www.unisantos.br\/workshoprecursosespaciais\/wp-json\/wp\/v2\/types\/page"}],"author":[{"embeddable":true,"href":"https:\/\/www.unisantos.br\/workshoprecursosespaciais\/wp-json\/wp\/v2\/users\/1"}],"replies":[{"embeddable":true,"href":"https:\/\/www.unisantos.br\/workshoprecursosespaciais\/wp-json\/wp\/v2\/comments?post=70"}],"version-history":[{"count":7,"href":"https:\/\/www.unisantos.br\/workshoprecursosespaciais\/wp-json\/wp\/v2\/pages\/70\/revisions"}],"predecessor-version":[{"id":167,"href":"https:\/\/www.unisantos.br\/workshoprecursosespaciais\/wp-json\/wp\/v2\/pages\/70\/revisions\/167"}],"wp:attachment":[{"href":"https:\/\/www.unisantos.br\/workshoprecursosespaciais\/wp-json\/wp\/v2\/media?parent=70"}],"curies":[{"name":"wp","href":"https:\/\/api.w.org\/{rel}","templated":true}]}}