{"id":170,"date":"2023-11-06T19:13:26","date_gmt":"2023-11-06T22:13:26","guid":{"rendered":"https:\/\/www.unisantos.br\/workshoprecursosespaciais\/?page_id=170"},"modified":"2023-11-06T19:34:37","modified_gmt":"2023-11-06T22:34:37","slug":"programacao-2023","status":"publish","type":"page","link":"https:\/\/www.unisantos.br\/workshoprecursosespaciais\/programacao-2023\/","title":{"rendered":"Programa\u00e7\u00e3o 2023"},"content":{"rendered":"<p><strong>DIA 7\/11<\/strong><\/p>\n<p>&nbsp;<\/p>\n<p><strong><b>10h-12h<\/b><br \/>\nPalestra<\/strong><b><br \/>\n<\/b><\/p>\n<p>&nbsp;<\/p>\n<p><em><b>Prote\u00e7\u00e3o jur\u00eddica do patrim\u00f4nio cultural humano na Lua<\/b><\/em><\/p>\n<p>&nbsp;<\/p>\n<p><strong>Palestrantes:<\/strong><br \/>\nProf. Dr. Daniel Freire e Almeida<br \/>\nProfessor e Pesquisador do Programa de P\u00f3s-Gradua\u00e7\u00e3o Stricto Sensu- Doutorado e <span class=\"more-show-hide\">Mestrado em Direito Internacional da Universidade Cat\u00f3lica de Santos<\/span><\/p>\n<p>Prof\u00aa. Dr\u00aa. Gabriela Soldano Garcez<br \/>\nProfessora e Pesquisadora do Programa de P\u00f3s-Gradua\u00e7\u00e3o Stricto Sensu em Direito<span class=\"more-show-hide\"> Ambiental Internacional da Universidade Cat\u00f3lica de Santos<\/span><\/p>\n<p>Michelle Hanlon<br \/>\nProfessor of Practice and Executive Director, Center for Air and Space Law<\/p>\n<p>&nbsp;<\/p>\n<p><strong>Mediador:<\/strong><br \/>\nProf. Dr. Olavo de Oliveira Bittencourt Neto<br \/>\nProfessor e Pesquisador do Programa de P\u00f3s-Gradua\u00e7\u00e3o Stricto Sensu em Direito A<span class=\"more-show-hide\">mbiental Internacional da Universidade Cat\u00f3lica de Santos.<\/span><\/p>\n<p>&nbsp;<\/p>\n<p><strong>Local<\/strong><br \/>\nSala de audi\u00eancias 1 + transmiss\u00e3o ao vivo no Zoom Meetings<\/p>\n<p>&nbsp;<\/p>\n<p><strong>13h-17h<br \/>\nApresenta\u00e7\u00f5es de resumos expandidos (gradua\u00e7\u00e3o e p\u00f3s-gradua\u00e7\u00e3o)<\/strong><\/p>\n<p>&nbsp;<\/p>\n<p><strong>Local<\/strong><br \/>\nGoogle Meet<\/p>\n<p>&nbsp;<\/p>\n<p><strong>DIA 8\/11<\/strong><\/p>\n<p>&nbsp;<\/p>\n<p><strong>8h-12h<\/strong><br \/>\n<strong>Apresenta\u00e7\u00f5es de resumos expandidos (gradua\u00e7\u00e3o e p\u00f3s-gradua\u00e7\u00e3o)<\/strong><\/p>\n<p>&nbsp;<\/p>\n<p><strong>Local<\/strong><br \/>\nSala de Audi\u00eancia 1 + Google Meet<\/p>\n<p>&nbsp;<\/p>\n<p><strong>15h-17h<\/strong><br \/>\n<strong>Palestra<\/strong><\/p>\n<p>&nbsp;<\/p>\n<p><em><strong>Acordos Artemis e o Direito Espacial<\/strong><\/em><\/p>\n<p>&nbsp;<\/p>\n<p><strong>Palestrantes:<\/strong><br \/>\nProf. Dr. Daniel Freire e Almeida<br \/>\nProfessor e Pesquisador do Programa de P\u00f3s-Gradua\u00e7\u00e3o Stricto Sensu- Doutorado e <span class=\"more-show-hide\">Mestrado em Direito Internacional da Universidade Cat\u00f3lica de Santos<\/span><\/p>\n<p>Prof\u00aa. Dr\u00aa. Gabriela Soldano Garcez<br \/>\nProfessora e Pesquisadora do Programa de P\u00f3s-Gradua\u00e7\u00e3o Stricto Sensu em Direito<span class=\"more-show-hide\"> Ambiental Internacional da Universidade Cat\u00f3lica de Santos<\/span><\/p>\n<p>Robin J. Frank<br \/>\nEspecialista em pol\u00edtica e legisla\u00e7\u00e3o internacional<\/p>\n<p>&nbsp;<\/p>\n<p><strong>Mediador:<\/strong><br \/>\nProf. Dr. Olavo de Oliveira Bittencourt Neto<br \/>\nProfessor e Pesquisador do Programa de P\u00f3s-Gradua\u00e7\u00e3o Stricto Sensu em Direito A<span class=\"more-show-hide\">mbiental Internacional da Universidade Cat\u00f3lica de Santos<\/span><\/p>\n<p>&nbsp;<\/p>\n<p><strong>Local<\/strong><br \/>\n<a href=\"https:\/\/us06web.zoom.us\/j\/89253856490\" target=\"_blank\" rel=\"noopener\">Zoom Meeting<\/a><\/p>\n<p>&nbsp;<\/p>\n","protected":false},"excerpt":{"rendered":"<p>DIA 7\/11 &nbsp; 10h-12h Palestra &nbsp; Prote\u00e7\u00e3o jur\u00eddica do patrim\u00f4nio cultural humano na Lua &nbsp; Palestrantes: Prof. Dr. Daniel Freire e Almeida Professor e Pesquisador do Programa de P\u00f3s-Gradua\u00e7\u00e3o Stricto Sensu- Doutorado e Mestrado em Direito Internacional da Universidade Cat\u00f3lica de Santos Prof\u00aa. Dr\u00aa. Gabriela Soldano Garcez Professora e Pesquisadora do Programa de P\u00f3s-Gradua\u00e7\u00e3o Stricto [&hellip;]<\/p>\n","protected":false},"author":1,"featured_media":0,"parent":0,"menu_order":0,"comment_status":"closed","ping_status":"closed","template":"","meta":{"footnotes":""},"_links":{"self":[{"href":"https:\/\/www.unisantos.br\/workshoprecursosespaciais\/wp-json\/wp\/v2\/pages\/170"}],"collection":[{"href":"https:\/\/www.unisantos.br\/workshoprecursosespaciais\/wp-json\/wp\/v2\/pages"}],"about":[{"href":"https:\/\/www.unisantos.br\/workshoprecursosespaciais\/wp-json\/wp\/v2\/types\/page"}],"author":[{"embeddable":true,"href":"https:\/\/www.unisantos.br\/workshoprecursosespaciais\/wp-json\/wp\/v2\/users\/1"}],"replies":[{"embeddable":true,"href":"https:\/\/www.unisantos.br\/workshoprecursosespaciais\/wp-json\/wp\/v2\/comments?post=170"}],"version-history":[{"count":7,"href":"https:\/\/www.unisantos.br\/workshoprecursosespaciais\/wp-json\/wp\/v2\/pages\/170\/revisions"}],"predecessor-version":[{"id":180,"href":"https:\/\/www.unisantos.br\/workshoprecursosespaciais\/wp-json\/wp\/v2\/pages\/170\/revisions\/180"}],"wp:attachment":[{"href":"https:\/\/www.unisantos.br\/workshoprecursosespaciais\/wp-json\/wp\/v2\/media?parent=170"}],"curies":[{"name":"wp","href":"https:\/\/api.w.org\/{rel}","templated":true}]}}