{"id":6,"date":"2022-01-11T00:59:31","date_gmt":"2022-01-11T03:59:31","guid":{"rendered":"https:\/\/www.unisantos.br\/up\/?page_id=6"},"modified":"2022-01-25T10:50:39","modified_gmt":"2022-01-25T13:50:39","slug":"programacao","status":"publish","type":"page","link":"https:\/\/www.unisantos.br\/up\/programacao\/","title":{"rendered":"Programa\u00e7\u00e3o"},"content":{"rendered":"<h2>Oficinas<\/h2>\n<h3>Das 14h30 \u00e0s 15h30<\/h3>\n<p>&nbsp;<\/p>\n<p>Startups, neg\u00f3cios digitais e inova\u00e7\u00e3o: desafios do profissional do futuro<\/p>\n<p>J\u00fari Simulado<\/p>\n<p>Desafios da alimenta\u00e7\u00e3o e da nutri\u00e7\u00e3o no s\u00e9culo XXI Intelig\u00eancia emocional e resili\u00eancia<\/p>\n<p>Suporte b\u00e1sico de vida na reanima\u00e7\u00e3o cardiopulmonar<\/p>\n<p>Extra\u00e7\u00e3o e an\u00e1lise de DNA: conhecendo a origem da vida<\/p>\n<p>Conjuntura Internacional: um mundo em transforma\u00e7\u00e3o<\/p>\n<p>Tecnologia 3D para projetos e constru\u00e7\u00f5es sustent\u00e1veis e inteligentes<\/p>\n<p>Patrim\u00f4nio e Pertencimento: hist\u00f3ria, arquitetura e mem\u00f3ria da cidade<\/p>\n<p>Educa\u00e7\u00e3o midi\u00e1tica na escola: desafios de uma sociedade hiperconectada<\/p>\n<p>Imagem, som e emo\u00e7\u00e3o: como criar sensa\u00e7\u00f5es com o audiovisual<\/p>\n<p>Desenvolvendo aplicativos com MIT App Inventor<\/p>\n<p><a href=\"https:\/\/www.unisantos.br\/up\/inscricao\/\">INSCREVA-SE<\/a><\/p>\n<p>&nbsp;<\/p>\n<h2>Orienta\u00e7\u00e3o de Carreira<\/h2>\n<h3>Das 16h \u00e0s 18h<\/h3>\n<p>&nbsp;<\/p>\n<p>Conhe\u00e7a os espa\u00e7os e os diferenciais do seu curso de interesse, atrav\u00e9s de atividades realizadas por coordenadores e professores do curso.<\/p>\n","protected":false},"excerpt":{"rendered":"<p>Oficinas Das 14h30 \u00e0s 15h30 &nbsp; Startups, neg\u00f3cios digitais e inova\u00e7\u00e3o: desafios do profissional do futuro J\u00fari Simulado Desafios da alimenta\u00e7\u00e3o e [&hellip;]<\/p>\n","protected":false},"author":5,"featured_media":0,"parent":0,"menu_order":0,"comment_status":"closed","ping_status":"closed","template":"page-programacao.php","meta":{"footnotes":""},"_links":{"self":[{"href":"https:\/\/www.unisantos.br\/up\/wp-json\/wp\/v2\/pages\/6"}],"collection":[{"href":"https:\/\/www.unisantos.br\/up\/wp-json\/wp\/v2\/pages"}],"about":[{"href":"https:\/\/www.unisantos.br\/up\/wp-json\/wp\/v2\/types\/page"}],"author":[{"embeddable":true,"href":"https:\/\/www.unisantos.br\/up\/wp-json\/wp\/v2\/users\/5"}],"replies":[{"embeddable":true,"href":"https:\/\/www.unisantos.br\/up\/wp-json\/wp\/v2\/comments?post=6"}],"version-history":[{"count":7,"href":"https:\/\/www.unisantos.br\/up\/wp-json\/wp\/v2\/pages\/6\/revisions"}],"predecessor-version":[{"id":55,"href":"https:\/\/www.unisantos.br\/up\/wp-json\/wp\/v2\/pages\/6\/revisions\/55"}],"wp:attachment":[{"href":"https:\/\/www.unisantos.br\/up\/wp-json\/wp\/v2\/media?parent=6"}],"curies":[{"name":"wp","href":"https:\/\/api.w.org\/{rel}","templated":true}]}}