{"id":612,"date":"2024-08-13T16:06:44","date_gmt":"2024-08-13T19:06:44","guid":{"rendered":"https:\/\/www.unisantos.br\/semanajuridica72\/?page_id=612"},"modified":"2025-08-13T18:20:38","modified_gmt":"2025-08-13T21:20:38","slug":"programacao-2","status":"publish","type":"page","link":"https:\/\/www.unisantos.br\/semanajuridica72\/programacao-2\/","title":{"rendered":"Programa\u00e7\u00e3o"},"content":{"rendered":"\n<p class=\"has-text-align-center\"><strong>18 de Agosto de 2025 (Segunda-feira)<\/strong><\/p>\n\n\n\n<p><strong>9h \u2013 Abertura oficial da 72\u00aa. Semana Jur\u00eddica da Universidade Cat\u00f3lica de Santos<\/strong><\/p>\n\n\n\n<p><strong>9h30 \u2013 Palestra: O Futuro do Direito do Trabalho<\/strong><br>Ementa: Apresentar, discutir e refletir sobre os desafios, inova\u00e7\u00f5es tecnol\u00f3gicas e transforma\u00e7\u00f5es nas rela\u00e7\u00f5es laborais que moldam o futuro do Direito do Trabalho s\u00e3o os objetivos da palestra de abertura da 72\u00aa Semana Jur\u00eddica.<br>Palestrante: Luiz Carlos Godoi &#8211; Graduado em Direito pela UNISANTOS. Mestre e doutor em Direito do Trabalho pela USP. Desembargador (aposentado) do Tribunal Regional do Trabalho da 2\u00aa. Regi\u00e3o. Advogado. <br><strong><a href=\"https:\/\/ww2.unisantos.br\/Relacionamento\/inscricao\/?id=1636\">Inscri\u00e7\u00e3o<\/a><\/strong> <\/p>\n\n\n\n<p><strong>19h \u2013 Palestra: O Papel Instrumental e Interdisciplinar do Advogado Corporativo<\/strong><br>Ementa: A palestra busca promover discuss\u00f5es e reflex\u00f5es sobre a forma\u00e7\u00e3o e o papel estrat\u00e9gico, instrumental e interdisciplinar do(a) advogado(a) corporativo(a) na gest\u00e3o jur\u00eddica e na tomada de decis\u00f5es empresariais.<br>Palestrante: Me. Ana\u00ea Matsushita Veronezi &#8211; Graduada em Direito pela USP. Mestre em Administra\u00e7\u00e3o P\u00fablica pela Funda\u00e7\u00e3o Get\u00falio Vargas (FGV). Gerente no Jur\u00eddico de Desenvolvimento Produtivo e Inova\u00e7\u00e3o do BNDES.<br><strong><a href=\"https:\/\/ww2.unisantos.br\/Relacionamento\/inscricao\/?id=1639\">Inscri\u00e7\u00e3o<\/a><\/strong><\/p>\n\n\n\n<p class=\"has-text-align-center\"><strong>19 de Agosto de 2025 (Ter\u00e7a-feira)<\/strong><\/p>\n\n\n\n<p><strong>9h \u2013 Palestra: Oportunidades e Desafios na Advocacia Mar\u00edtima, Portu\u00e1ria e Aduaneira<\/strong><br>Ementa: A palestra objetiva explorar as oportunidades e desafios pr\u00e1tico-profissionais na advocacia mar\u00edtima, portu\u00e1ria e aduaneira frente \u00e0s atuais demandas do mercado jur\u00eddico.<br>Palestrante: Thiago de Mello Miller &#8211; Graduado em Direito pela UNISANTOS. Especialista em Direito Tribut\u00e1rio pelo CEU\/IICS e em Contratos Administrativos pela PUC-SP. S\u00f3cio da Advocacia Ruy de Mello Miller.<br><strong><a href=\"https:\/\/ww2.unisantos.br\/Relacionamento\/inscricao\/?id=1638\">Inscri\u00e7\u00e3o<\/a><\/strong><\/p>\n\n\n\n<p><strong>19h \u2013 Palestra: <strong><strong>Habeas Corpus e o Controle do Devido Processo Legal no Processo Penal<\/strong><\/strong><\/strong><br>Ementa: A palestra visa discutir e analisar o <em>habeas corpus<\/em> como instrumento de controle do devido processo legal e garantia de direitos no processo penal brasileiro.<br>Palestrante: Alberto Zacharias Toron &#8211; Graduado em Direito pela PUC-SP. Mestre e Doutor em Direito pela USP. Advogado criminalista.<br><strong><a href=\"https:\/\/ww2.unisantos.br\/Relacionamento\/inscricao\/?id=1637\">Inscri\u00e7\u00e3o<\/a><\/strong><\/p>\n\n\n\n<p class=\"has-text-align-center\"><strong>20 de Agosto de 2025 (Quarta-feira)<\/strong><\/p>\n\n\n\n<p><strong>9h \u2013 Sess\u00e3o virtual de apresenta\u00e7\u00e3o de trabalhos cient\u00edficos da II Mostra de Trabalhos Cient\u00edficos da Faculdade de Direito da UNISANTOS<\/strong><br>Ementa: A sess\u00e3o virtual destina-se \u00e0 apresenta\u00e7\u00e3o oral dos trabalhos cient\u00edficos aprovados na II Mostra de Trabalhos Cient\u00edficos da Faculdade de Direito da UNISANTOS.<br><strong><a href=\"https:\/\/ww2.unisantos.br\/Relacionamento\/inscricao\/?id=1640\">Inscri\u00e7\u00e3o<\/a><\/strong><\/p>\n\n\n\n<p><strong>19h \u2013 Sess\u00e3o simulada de julgamento do Tribunal do J\u00fari <\/strong><br>Ementa: Sob a coordena\u00e7\u00e3o do Prof. Ricardo Ponzetto, a atividade envolver\u00e1 estudantes do Curso de Gradua\u00e7\u00e3o em Direito no julgamento simulado de um caso criminal pelo Tribunal do J\u00fari.<br><strong><a href=\"https:\/\/ww2.unisantos.br\/Relacionamento\/inscricao\/?id=1641\">Inscri\u00e7\u00e3o<\/a><\/strong><\/p>\n\n\n\n<p class=\"has-text-align-center\"><strong>21 de Agosto de 2025 (Quinta-feira)<\/strong><\/p>\n\n\n\n<p><strong>9h \u2013 Palestra: O Direito Animal nos \u00c2mbitos Municipal, Estadual e Federal: Legisla\u00e7\u00e3o e Pol\u00edticas P\u00fablicas de Prote\u00e7\u00e3o e Bem-Estar Animal<\/strong><br>Ementa: A palestra objetiva analisar e discutir a legisla\u00e7\u00e3o e as pol\u00edticas p\u00fablicas de prote\u00e7\u00e3o e bem-estar animal nos n\u00edveis municipal, estadual e federal, destacando os avan\u00e7os e as perspectivas do Direito Animal no Brasil.<br>Palestrante: Felipe Marttinni Ferreira de Souza &#8211; Graduado em Direito pela UNISANTOS. Advogado. Presidente da Comiss\u00e3o de Prote\u00e7\u00e3o aos Animais da OAB \u2013 Subse\u00e7\u00e3o de Santos. Membro do Conselho Municipal da Vida Animal. Assessor parlamentar na C\u00e2mara de Vereadores do Munic\u00edpio de Santos. <br><strong><a href=\"https:\/\/ww2.unisantos.br\/Relacionamento\/inscricao\/?id=1642\">Inscri\u00e7\u00e3o<\/a><\/strong><\/p>\n\n\n\n<p><strong>19h \u2013 Sess\u00e3o virtual de apresenta\u00e7\u00e3o de trabalhos cient\u00edficos da II Mostra de Trabalhos Cient\u00edficos da Faculdade de Direito da UNISANTOS<\/strong><br>Ementa: A sess\u00e3o virtual destina-se \u00e0 apresenta\u00e7\u00e3o oral dos trabalhos cient\u00edficos aprovados na II Mostra de Trabalhos Cient\u00edficos da Faculdade de Direito da UNISANTOS.<br><strong><a href=\"https:\/\/ww2.unisantos.br\/Relacionamento\/inscricao\/?id=1643\">Inscri\u00e7\u00e3o<\/a><\/strong><\/p>\n\n\n\n<p class=\"has-text-align-center\"><strong>22 de Agosto de 2025 (Sexta-feira)<\/strong><\/p>\n\n\n\n<p><strong>9h \u2013 Palestra: A Carreira de Analista Jur\u00eddico<\/strong><br>Ementa: A palestra visa expor e discutir a carreira de analista jur\u00eddico, enfatizando perfil, atribui\u00e7\u00f5es, desafios, trajet\u00f3ria profissional e perspectivas com relatos de profissionais da \u00e1rea.<br>Palestrantes:<br>Rebeca Sayuri Salvucci Hama &#8211; Graduada em Direito pela UNISANTOS e em Ci\u00eancias Biol\u00f3gicas pela Unesp. Escrevente t\u00e9cnico judici\u00e1rio exercendo a fun\u00e7\u00e3o de assistente jur\u00eddica no Tribunal de Justi\u00e7a do Estado de S\u00e3o Paulo. <br>Diego Teixeira &#8211; Graduado em Direito pelo Centro Universit\u00e1rio Monte Serrat (Unimonte). Analista jur\u00eddico do Minist\u00e9rio P\u00fablico do Estado de S\u00e3o Paulo, Lotado na Promotoria de Justi\u00e7a de Santos.<br>M\u00e1rcio Val\u00e9rio Alves da Costa &#8211; Graduado, mestre e doutorando em Direito pela UNISANTOS. Especialista em Direito do Trabalho pela PUC\/SP, em Direito P\u00fablico pela PUC\/MG e em Sociologia pela Est\u00e1cio. Analista Judici\u00e1rio \u2013 \u00c1rea Judici\u00e1ria, exercendo a fun\u00e7\u00e3o de Assessor Chefe de Desembargador no Tribunal Regional do Trabalho da 2\u00aa Regi\u00e3o.<br><strong><a href=\"https:\/\/ww2.unisantos.br\/Relacionamento\/inscricao\/?id=1644\">Inscri\u00e7\u00e3o<\/a><\/strong><\/p>\n\n\n\n<p><strong>19h \u2013 Palestra: Atua\u00e7\u00e3o Estrat\u00e9gica, Precedentes e Demandas Estruturais nos Tribunais Superiores<\/strong><br>Ementa: A palestra aborda a atua\u00e7\u00e3o estrat\u00e9gica nos tribunais superiores, com \u00eanfase na utiliza\u00e7\u00e3o de precedentes qualificados e no enfrentamento de demandas estruturais. Ser\u00e3o discutidas t\u00e9cnicas processuais, impacto institucional e o papel da Defensoria P\u00fablica na conforma\u00e7\u00e3o de pol\u00edticas p\u00fablicas pela via judicial.<br>Palestrante: Luciana Jord\u00e3o da Motta Armiliato de Carvalho &#8211; Defensora P\u00fablica-Geral do Estado de S\u00e3o Paulo para bi\u00eanio 2024\/2026. Doutora em Administra\u00e7\u00e3o P\u00fablica pela Funda\u00e7\u00e3o Get\u00falio Vargas (FGV). Mestre em Direitos Processual e Cidadania pela Universidade Paranaense (Unipar). Vencedora do VI Pr\u00eamio Innovare (2009) e titular da C\u00e1tedra Victor Nunes Leal (STF) e pesquisadora na FGV, com foco em gest\u00e3o p\u00fablica e inova\u00e7\u00e3o. <br><strong><a href=\"https:\/\/ww2.unisantos.br\/Relacionamento\/inscricao\/?id=1645\">Inscri\u00e7\u00e3o<\/a><\/strong><\/p>\n","protected":false},"excerpt":{"rendered":"<p>18 de Agosto de 2025 (Segunda-feira) 9h \u2013 Abertura oficial da 72\u00aa. Semana Jur\u00eddica da Universidade Cat\u00f3lica de Santos 9h30 \u2013 Palestra: O Futuro do Direito do TrabalhoEmenta: Apresentar, discutir e refletir sobre os desafios, inova\u00e7\u00f5es tecnol\u00f3gicas e transforma\u00e7\u00f5es nas rela\u00e7\u00f5es laborais que moldam o futuro do Direito do Trabalho s\u00e3o os objetivos da palestra [&hellip;]<\/p>\n","protected":false},"author":1,"featured_media":0,"parent":0,"menu_order":0,"comment_status":"closed","ping_status":"closed","template":"","meta":{"footnotes":""},"_links":{"self":[{"href":"https:\/\/www.unisantos.br\/semanajuridica72\/wp-json\/wp\/v2\/pages\/612"}],"collection":[{"href":"https:\/\/www.unisantos.br\/semanajuridica72\/wp-json\/wp\/v2\/pages"}],"about":[{"href":"https:\/\/www.unisantos.br\/semanajuridica72\/wp-json\/wp\/v2\/types\/page"}],"author":[{"embeddable":true,"href":"https:\/\/www.unisantos.br\/semanajuridica72\/wp-json\/wp\/v2\/users\/1"}],"replies":[{"embeddable":true,"href":"https:\/\/www.unisantos.br\/semanajuridica72\/wp-json\/wp\/v2\/comments?post=612"}],"version-history":[{"count":28,"href":"https:\/\/www.unisantos.br\/semanajuridica72\/wp-json\/wp\/v2\/pages\/612\/revisions"}],"predecessor-version":[{"id":698,"href":"https:\/\/www.unisantos.br\/semanajuridica72\/wp-json\/wp\/v2\/pages\/612\/revisions\/698"}],"wp:attachment":[{"href":"https:\/\/www.unisantos.br\/semanajuridica72\/wp-json\/wp\/v2\/media?parent=612"}],"curies":[{"name":"wp","href":"https:\/\/api.w.org\/{rel}","templated":true}]}}