{"id":31,"date":"2018-03-23T15:16:10","date_gmt":"2018-03-23T18:16:10","guid":{"rendered":"http:\/\/www.unisantos.br\/semanajuridica72\/?page_id=31"},"modified":"2024-08-16T06:31:52","modified_gmt":"2024-08-16T09:31:52","slug":"apresentacao","status":"publish","type":"page","link":"https:\/\/www.unisantos.br\/semanajuridica72\/apresentacao\/","title":{"rendered":"Apresenta\u00e7\u00e3o"},"content":{"rendered":"<p>A Semana Jur\u00eddica \u00e9 um evento tradicional da Faculdade de Direito que tem por objetivo criar oportunidades n\u00e3o s\u00f3 para discuss\u00f5es e reflex\u00f5es cr\u00edticas e inovadoras sobre quest\u00f5es jur\u00eddicas atuais, mas tamb\u00e9m para a divulga\u00e7\u00e3o e debate dos resultados de pesquisas cient\u00edficas.<\/p>\n<p>A Mostra de Trabalhos Cient\u00edficos faz parte da Semana Jur\u00eddica. Nela, a\u00a0Faculdade de Direito promove discuss\u00f5es, debates e reflex\u00f5es cr\u00edticas com docentes, acad\u00eamicos, pesquisadores e profissionais da \u00e1rea jur\u00eddica, bem como apresenta\u00e7\u00e3o de trabalhos cient\u00edficos.<\/p>\n","protected":false},"excerpt":{"rendered":"<p>A Semana Jur\u00eddica \u00e9 um evento tradicional da Faculdade de Direito que tem por objetivo criar oportunidades n\u00e3o s\u00f3 para discuss\u00f5es e reflex\u00f5es cr\u00edticas e inovadoras sobre quest\u00f5es jur\u00eddicas atuais, mas tamb\u00e9m para a divulga\u00e7\u00e3o e debate dos resultados de pesquisas cient\u00edficas. A Mostra de Trabalhos Cient\u00edficos faz parte da Semana Jur\u00eddica. Nela, a\u00a0Faculdade de [&hellip;]<\/p>\n","protected":false},"author":1,"featured_media":0,"parent":0,"menu_order":0,"comment_status":"closed","ping_status":"closed","template":"","meta":{"footnotes":""},"_links":{"self":[{"href":"https:\/\/www.unisantos.br\/semanajuridica72\/wp-json\/wp\/v2\/pages\/31"}],"collection":[{"href":"https:\/\/www.unisantos.br\/semanajuridica72\/wp-json\/wp\/v2\/pages"}],"about":[{"href":"https:\/\/www.unisantos.br\/semanajuridica72\/wp-json\/wp\/v2\/types\/page"}],"author":[{"embeddable":true,"href":"https:\/\/www.unisantos.br\/semanajuridica72\/wp-json\/wp\/v2\/users\/1"}],"replies":[{"embeddable":true,"href":"https:\/\/www.unisantos.br\/semanajuridica72\/wp-json\/wp\/v2\/comments?post=31"}],"version-history":[{"count":47,"href":"https:\/\/www.unisantos.br\/semanajuridica72\/wp-json\/wp\/v2\/pages\/31\/revisions"}],"predecessor-version":[{"id":643,"href":"https:\/\/www.unisantos.br\/semanajuridica72\/wp-json\/wp\/v2\/pages\/31\/revisions\/643"}],"wp:attachment":[{"href":"https:\/\/www.unisantos.br\/semanajuridica72\/wp-json\/wp\/v2\/media?parent=31"}],"curies":[{"name":"wp","href":"https:\/\/api.w.org\/{rel}","templated":true}]}}