{"id":10,"date":"2024-08-20T13:55:28","date_gmt":"2024-08-20T16:55:28","guid":{"rendered":"https:\/\/www.unisantos.br\/semanadepsicologia2025\/?page_id=10"},"modified":"2025-08-26T18:15:14","modified_gmt":"2025-08-26T21:15:14","slug":"apresentacao","status":"publish","type":"page","link":"https:\/\/www.unisantos.br\/semanadepsicologia2025\/apresentacao\/","title":{"rendered":"Apresenta\u00e7\u00e3o"},"content":{"rendered":"\n<p>A Semana da Psicologia e a Mostra Cient\u00edfica do Curso de Psicologia s\u00e3o eventos de natureza estudantil\/universit\u00e1ria e cient\u00edfica, realizadas em formato h\u00edbrido (remoto e presencial). <\/p>\n\n\n\n<p>A semana e a mostra s\u00e3o elaboradas e organizadas pela Coordena\u00e7\u00e3o do Curso de Psicologia, em conjunto com os estudantes e professores. O objetivo \u00e9 proporcionar caminhos de acesso ao conhecimento por meio da integra\u00e7\u00e3o e do compartilhamento, visando a propaga\u00e7\u00e3o dos diferentes campos e pr\u00e1ticas da Psicologia como ci\u00eancia e profiss\u00e3o.<\/p>\n","protected":false},"excerpt":{"rendered":"<p>A Semana da Psicologia e a Mostra Cient\u00edfica do Curso de Psicologia s\u00e3o eventos de natureza estudantil\/universit\u00e1ria e cient\u00edfica, realizadas [&hellip;]<\/p>\n","protected":false},"author":1,"featured_media":0,"parent":0,"menu_order":0,"comment_status":"closed","ping_status":"closed","template":"","meta":{"footnotes":""},"_links":{"self":[{"href":"https:\/\/www.unisantos.br\/semanadepsicologia2025\/wp-json\/wp\/v2\/pages\/10"}],"collection":[{"href":"https:\/\/www.unisantos.br\/semanadepsicologia2025\/wp-json\/wp\/v2\/pages"}],"about":[{"href":"https:\/\/www.unisantos.br\/semanadepsicologia2025\/wp-json\/wp\/v2\/types\/page"}],"author":[{"embeddable":true,"href":"https:\/\/www.unisantos.br\/semanadepsicologia2025\/wp-json\/wp\/v2\/users\/1"}],"replies":[{"embeddable":true,"href":"https:\/\/www.unisantos.br\/semanadepsicologia2025\/wp-json\/wp\/v2\/comments?post=10"}],"version-history":[{"count":7,"href":"https:\/\/www.unisantos.br\/semanadepsicologia2025\/wp-json\/wp\/v2\/pages\/10\/revisions"}],"predecessor-version":[{"id":115,"href":"https:\/\/www.unisantos.br\/semanadepsicologia2025\/wp-json\/wp\/v2\/pages\/10\/revisions\/115"}],"wp:attachment":[{"href":"https:\/\/www.unisantos.br\/semanadepsicologia2025\/wp-json\/wp\/v2\/media?parent=10"}],"curies":[{"name":"wp","href":"https:\/\/api.w.org\/{rel}","templated":true}]}}