{"id":10,"date":"2024-08-20T13:55:28","date_gmt":"2024-08-20T16:55:28","guid":{"rendered":"https:\/\/www.unisantos.br\/semanacomunicacao2025\/?page_id=10"},"modified":"2025-10-01T17:21:51","modified_gmt":"2025-10-01T20:21:51","slug":"apresentacao","status":"publish","type":"page","link":"https:\/\/www.unisantos.br\/semanacomunicacao2025\/apresentacao\/","title":{"rendered":"Apresenta\u00e7\u00e3o"},"content":{"rendered":"\n<p>A 13\u00aa Jornada de Comunica\u00e7\u00e3o e VI Mostra de Pesquisa em Comunica\u00e7\u00e3o da Universidade Cat\u00f3lica de Santos representam um espa\u00e7o privilegiado de reflex\u00e3o cr\u00edtica sobre os desafios contempor\u00e2neos da pr\u00e1tica profissional em Jornalismo, Publicidade e Propaganda, e Cinema e Audiovisual. Ao reunir estudantes, professores e profissionais, o evento promove o di\u00e1logo entre teoria e pr\u00e1tica, fortalecendo a forma\u00e7\u00e3o acad\u00eamica e cidad\u00e3. <\/p>\n\n\n\n<p>A tem\u00e1tica <em>Al\u00e9m do Algoritmo: o jornalismo, a publicidade e o cinema em tempos de influencers digitais<\/em> revela-se extremamente pertinente diante da crescente influ\u00eancia das redes sociais e da aus\u00eancia de regulamenta\u00e7\u00f5es claras nesse ambiente. Nessa conjuntura, o risco da desinforma\u00e7\u00e3o, da manipula\u00e7\u00e3o de p\u00fablicos e da precariza\u00e7\u00e3o das rela\u00e7\u00f5es de trabalho exige posicionamentos respons\u00e1veis. <\/p>\n\n\n\n<p>O compromisso \u00e9tico das profiss\u00f5es da comunica\u00e7\u00e3o torna-se, portanto, um pilar essencial para garantir a qualidade da informa\u00e7\u00e3o, a transpar\u00eancia nas pr\u00e1ticas publicit\u00e1rias e a valoriza\u00e7\u00e3o da produ\u00e7\u00e3o audiovisual. Al\u00e9m disso, o evento refor\u00e7a a necessidade de compreender o papel social dos comunicadores como mediadores cr\u00edticos da realidade. <\/p>\n\n\n\n<p>Dessa forma, a Jornada e a Mostra reafirmam a miss\u00e3o universit\u00e1ria de contribuir para a consolida\u00e7\u00e3o da cidadania e da democracia em tempos digitais.<\/p>\n","protected":false},"excerpt":{"rendered":"<p>A 13\u00aa Jornada de Comunica\u00e7\u00e3o e VI Mostra de Pesquisa em Comunica\u00e7\u00e3o da Universidade Cat\u00f3lica de Santos representam um espa\u00e7o [&hellip;]<\/p>\n","protected":false},"author":1,"featured_media":0,"parent":0,"menu_order":0,"comment_status":"closed","ping_status":"closed","template":"","meta":{"footnotes":""},"_links":{"self":[{"href":"https:\/\/www.unisantos.br\/semanacomunicacao2025\/wp-json\/wp\/v2\/pages\/10"}],"collection":[{"href":"https:\/\/www.unisantos.br\/semanacomunicacao2025\/wp-json\/wp\/v2\/pages"}],"about":[{"href":"https:\/\/www.unisantos.br\/semanacomunicacao2025\/wp-json\/wp\/v2\/types\/page"}],"author":[{"embeddable":true,"href":"https:\/\/www.unisantos.br\/semanacomunicacao2025\/wp-json\/wp\/v2\/users\/1"}],"replies":[{"embeddable":true,"href":"https:\/\/www.unisantos.br\/semanacomunicacao2025\/wp-json\/wp\/v2\/comments?post=10"}],"version-history":[{"count":8,"href":"https:\/\/www.unisantos.br\/semanacomunicacao2025\/wp-json\/wp\/v2\/pages\/10\/revisions"}],"predecessor-version":[{"id":149,"href":"https:\/\/www.unisantos.br\/semanacomunicacao2025\/wp-json\/wp\/v2\/pages\/10\/revisions\/149"}],"wp:attachment":[{"href":"https:\/\/www.unisantos.br\/semanacomunicacao2025\/wp-json\/wp\/v2\/media?parent=10"}],"curies":[{"name":"wp","href":"https:\/\/api.w.org\/{rel}","templated":true}]}}