{"id":972,"date":"2018-11-07T17:51:25","date_gmt":"2018-11-07T19:51:25","guid":{"rendered":"https:\/\/www.unisantos.br\/pos\/?page_id=972"},"modified":"2023-08-14T14:28:14","modified_gmt":"2023-08-14T17:28:14","slug":"hebraico-biblico-modulo-i","status":"publish","type":"page","link":"https:\/\/www.unisantos.br\/pos\/centro-de-linguas\/hebraico-biblico-modulo-i\/","title":{"rendered":"Hebraico B\u00edblico \u2013 Modulo I"},"content":{"rendered":"<p><strong>PROFESSOR RESPONS\u00c1VEL<\/strong><br \/>\nProf. Dr. \u00c9lcio Valmiro Sales de Mendon\u00e7a<\/p>\n<p><strong>CARGA HOR\u00c1RIA<\/strong><br \/>\n48 h\/a<\/p>\n<p><strong>OBJETIVO<\/strong><br \/>\nIntroduzir o discente no conhecimento do Hebraico B\u00edblico, partindo da alfabetiza\u00e7\u00e3o na l\u00edngua hebraica e fornecendo subs\u00eddios para que o aluno seja capaz de escrever, ler e traduzir textos da B\u00edblia Hebraica (Antigo Testamento).<\/p>\n<p><strong>P\u00daBLICO-ALVO<\/strong><br \/>\nEstudantes da Universidade Cat\u00f3lica de Santos, te\u00f3logos, sacerdotes, pastores e interessados em aprender o idioma no qual foi escrito o Antigo Testamento, o Hebraico B\u00edblico.<\/p>\n<p><strong>CONTE\u00daDO<\/strong><br \/>\nApresenta\u00e7\u00e3o do curso<br \/>\nBreve Hist\u00f3ria da L\u00edngua Hebraica<br \/>\nAlfabeto Hebraico<br \/>\nAlfabeto Hebraico<br \/>\nAlfabeto Hebraico<br \/>\nVocaliza\u00e7\u00e3o<br \/>\nVocaliza\u00e7\u00e3o<br \/>\nSubstantivos<br \/>\nSubstantivos<br \/>\nSubstantivos: Absoluto e Construto<br \/>\nArtigo definido<br \/>\nPreposi\u00e7\u00f5es<br \/>\nUso do Dicion\u00e1rio Hebraico-Portugu\u00eas<br \/>\nAdjetivos<br \/>\nAdjetivos<br \/>\nPronomes pessoais independentes<br \/>\nSufixos Pronominais<br \/>\nAvalia\u00e7\u00e3o Final<\/p>\n<p><strong>OBSERVA\u00c7\u00d5ES<br \/>\n<\/strong>A Universidade se reserva o direito de alterar o cronograma e o corpo docente.<br \/>\nDocumenta\u00e7\u00e3o necess\u00e1ria para quem n\u00e3o \u00e9 aluno da Cat\u00f3lica de Santos: c\u00f3pias do RG, CPF, certid\u00e3o de nascimento ou casamento.<br \/>\nA inscri\u00e7\u00e3o presencial s\u00f3 poder\u00e1 ser efetuada pelo interessado no curso, ou por pessoa munida de procura\u00e7\u00e3o autenticada em cart\u00f3rio.<br \/>\nA efetiva\u00e7\u00e3o da matr\u00edcula est\u00e1 condicionada ao pagamento do boleto da 1\u00aa. parcela e entrega da documenta\u00e7\u00e3o exigida.<\/p>\n<p><strong>OUTRAS INFORMA\u00c7\u00d5ES<br \/>\n<\/strong>Departamento de Atendimento Integrado<br \/>\nTelefone: (13) 3205-5555<br \/>\nE-mail: dat@unisantos.br<\/p>\n","protected":false},"excerpt":{"rendered":"<p>PROFESSOR RESPONS\u00c1VEL Prof. Dr. \u00c9lcio Valmiro Sales de Mendon\u00e7a CARGA HOR\u00c1RIA 48 h\/a OBJETIVO Introduzir o discente no conhecimento do [&hellip;]<\/p>\n","protected":false},"author":1,"featured_media":630,"parent":397,"menu_order":0,"comment_status":"closed","ping_status":"closed","template":"","meta":{"footnotes":""},"_links":{"self":[{"href":"https:\/\/www.unisantos.br\/pos\/wp-json\/wp\/v2\/pages\/972"}],"collection":[{"href":"https:\/\/www.unisantos.br\/pos\/wp-json\/wp\/v2\/pages"}],"about":[{"href":"https:\/\/www.unisantos.br\/pos\/wp-json\/wp\/v2\/types\/page"}],"author":[{"embeddable":true,"href":"https:\/\/www.unisantos.br\/pos\/wp-json\/wp\/v2\/users\/1"}],"replies":[{"embeddable":true,"href":"https:\/\/www.unisantos.br\/pos\/wp-json\/wp\/v2\/comments?post=972"}],"version-history":[{"count":18,"href":"https:\/\/www.unisantos.br\/pos\/wp-json\/wp\/v2\/pages\/972\/revisions"}],"predecessor-version":[{"id":5562,"href":"https:\/\/www.unisantos.br\/pos\/wp-json\/wp\/v2\/pages\/972\/revisions\/5562"}],"up":[{"embeddable":true,"href":"https:\/\/www.unisantos.br\/pos\/wp-json\/wp\/v2\/pages\/397"}],"wp:featuredmedia":[{"embeddable":true,"href":"https:\/\/www.unisantos.br\/pos\/wp-json\/wp\/v2\/media\/630"}],"wp:attachment":[{"href":"https:\/\/www.unisantos.br\/pos\/wp-json\/wp\/v2\/media?parent=972"}],"curies":[{"name":"wp","href":"https:\/\/api.w.org\/{rel}","templated":true}]}}