{"id":969,"date":"2018-11-07T16:56:03","date_gmt":"2018-11-07T18:56:03","guid":{"rendered":"https:\/\/www.unisantos.br\/pos\/?page_id=969"},"modified":"2023-08-14T14:15:55","modified_gmt":"2023-08-14T17:15:55","slug":"praticando-a-impressao-3d","status":"publish","type":"page","link":"https:\/\/www.unisantos.br\/pos\/qualificacao\/praticando-a-impressao-3d\/","title":{"rendered":"Praticando a Impress\u00e3o 3D"},"content":{"rendered":"<p><strong>PROFESSOR RESPONS\u00c1VEL<br \/>\n<\/strong>Prof. Marcelo da Silva Lobo<\/p>\n<p><strong>CARGA HOR\u00c1RIA<\/strong><br \/>\n3 h\/a<\/p>\n<p><strong>LOCAL<\/strong><br \/>\nCampus Dom Id\u00edlio Jos\u00e9 Soares<\/p>\n<p><strong>OBJETIVO<\/strong><br \/>\nO curso Praticando a Impress\u00e3o 3D, visa oferecer ao aluno no\u00e7\u00f5es b\u00e1sicas sobre a fabrica\u00e7\u00e3o digital, habilitando-o para utiliza\u00e7\u00e3o das impressoras 3D dispon\u00edveis nos Laborat\u00f3rios de Inform\u00e1tica.<\/p>\n<p><strong>P\u00daBLICO-ALVO<\/strong><br \/>\nEstudantes de gradua\u00e7\u00e3o e p\u00f3s-gradua\u00e7\u00e3o regularmente matriculados nos cursos da Universidade Cat\u00f3lica de Santos, funcion\u00e1rios e docentes interessados.<\/p>\n<p><strong>CONTE\u00daDO<\/strong><br \/>\nBreve hist\u00f3rico de impress\u00e3o 3D.<br \/>\nDestaque:<br \/>\n&#8211; funcionamento da impressora 3D;<br \/>\n&#8211; possibilidades de impress\u00e3o 3D;<br \/>\n&#8211; requisitos para impress\u00e3o 3D.<br \/>\nEtapas do processo de impress\u00e3o 3D.<br \/>\nDestaque para a configura\u00e7\u00e3o necess\u00e1ria para impress\u00e3o de um trabalho e cria\u00e7\u00e3o de um projeto (pr\u00e1tico).<\/p>\n<p><strong>OBSERVA\u00c7\u00d5ES<\/strong><br \/>\nA Universidade se reserva o direito de alterar o cronograma e o corpo docente.<br \/>\nDocumenta\u00e7\u00e3o necess\u00e1ria para quem n\u00e3o \u00e9 aluno da Cat\u00f3lica de Santos: c\u00f3pias do RG, CPF, certid\u00e3o de nascimento ou casamento.<br \/>\nA inscri\u00e7\u00e3o presencial s\u00f3 poder\u00e1 ser efetuada pelo interessado no curso, ou por pessoa munida de procura\u00e7\u00e3o autenticada em cart\u00f3rio.<br \/>\nA efetiva\u00e7\u00e3o da matr\u00edcula est\u00e1 condicionada ao pagamento do boleto da 1\u00aa. parcela e entrega da documenta\u00e7\u00e3o exigida.<\/p>\n<p><strong>OUTRAS INFORMA\u00c7\u00d5ES<\/strong><br \/>\nDepartamento de Atendimento Integrado<br \/>\nTelefones: (13) 3205-5555<br \/>\nE-mail: dat@unisantos.br<\/p>\n<p>&nbsp;<\/p>\n","protected":false},"excerpt":{"rendered":"<p>PROFESSOR RESPONS\u00c1VEL Prof. Marcelo da Silva Lobo CARGA HOR\u00c1RIA 3 h\/a LOCAL Campus Dom Id\u00edlio Jos\u00e9 Soares OBJETIVO O curso [&hellip;]<\/p>\n","protected":false},"author":1,"featured_media":678,"parent":399,"menu_order":0,"comment_status":"closed","ping_status":"closed","template":"","meta":{"footnotes":""},"_links":{"self":[{"href":"https:\/\/www.unisantos.br\/pos\/wp-json\/wp\/v2\/pages\/969"}],"collection":[{"href":"https:\/\/www.unisantos.br\/pos\/wp-json\/wp\/v2\/pages"}],"about":[{"href":"https:\/\/www.unisantos.br\/pos\/wp-json\/wp\/v2\/types\/page"}],"author":[{"embeddable":true,"href":"https:\/\/www.unisantos.br\/pos\/wp-json\/wp\/v2\/users\/1"}],"replies":[{"embeddable":true,"href":"https:\/\/www.unisantos.br\/pos\/wp-json\/wp\/v2\/comments?post=969"}],"version-history":[{"count":32,"href":"https:\/\/www.unisantos.br\/pos\/wp-json\/wp\/v2\/pages\/969\/revisions"}],"predecessor-version":[{"id":5545,"href":"https:\/\/www.unisantos.br\/pos\/wp-json\/wp\/v2\/pages\/969\/revisions\/5545"}],"up":[{"embeddable":true,"href":"https:\/\/www.unisantos.br\/pos\/wp-json\/wp\/v2\/pages\/399"}],"wp:featuredmedia":[{"embeddable":true,"href":"https:\/\/www.unisantos.br\/pos\/wp-json\/wp\/v2\/media\/678"}],"wp:attachment":[{"href":"https:\/\/www.unisantos.br\/pos\/wp-json\/wp\/v2\/media?parent=969"}],"curies":[{"name":"wp","href":"https:\/\/api.w.org\/{rel}","templated":true}]}}