{"id":95,"date":"2018-10-05T16:27:55","date_gmt":"2018-10-05T19:27:55","guid":{"rendered":"https:\/\/www.unisantos.br\/pos\/?page_id=95"},"modified":"2024-02-15T19:23:19","modified_gmt":"2024-02-15T22:23:19","slug":"organizacao-curricular","status":"publish","type":"page","link":"https:\/\/www.unisantos.br\/pos\/stricto-sensu\/doutorado\/doutorado-em-saude-coletiva\/organizacao-curricular\/","title":{"rendered":"Organiza\u00e7\u00e3o Curricular"},"content":{"rendered":"<p><strong style=\"line-height: 1.5em;\">DISCIPLINAS OBRIGAT\u00d3RIAS PARA AS TR\u00caS LINHAS DE PESQUISA<br \/>\n<\/strong>\u2022 Semin\u00e1rios avan\u00e7ados em pesquisa<\/p>\n<p><strong>DISCIPLINAS ELETIVAS<\/strong><br \/>\n\u2022 An\u00e1lise de dados n\u00e3o param\u00e9tricos<br \/>\n\u2022 Modelos de regress\u00e3o aplicados \u00e0 epidemiologia ambiental<br \/>\n\u2022 Bioestatistica avan\u00e7ada<br \/>\n\u2022 Aten\u00e7\u00e3o prim\u00e1ria no contexto atual<br \/>\n\u2022 Modelos de estudos em epidemiologia ambiental<br \/>\n\u2022 Pesquisa qualitativa em sa\u00fade: conceitos, teorias e t\u00e9cnicas<\/p>\n<p><strong>Cr\u00e9ditos<br \/>\n<\/strong>N\u00famero m\u00ednimo de cr\u00e9ditos exigidos ao aluno para a obten\u00e7\u00e3o do t\u00edtulo de doutor: 120 (cento e vinte) unidades de cr\u00e9ditos, assim classificadas:<br \/>\n\u2022 30 (trinta) unidades de cr\u00e9ditos pela obten\u00e7\u00e3o do t\u00edtulo de mestre<br \/>\n\u2022 10 (dez) em disciplinas obrigat\u00f3rias e optativas<br \/>\n\u2022 10 (dez) unidades de cr\u00e9ditos em atividades programadas, sob a supervis\u00e3o do orientador, assim consideradas:<br \/>\na) Participa\u00e7\u00e3o em atividades do programa de mestrado em Sa\u00fade Coletiva, tais como, semin\u00e1rios, bancas de defesa de defesa de qualifica\u00e7\u00e3o e de defesa de tese, e demais eventos programados, indicados pelo Programa de Doutorado;<br \/>\nb) Resumos aprovados para apresenta\u00e7\u00e3o em congressos;<br \/>\nc) Apresenta\u00e7\u00e3o de trabalho oral em congressos;<br \/>\nd) Aprova\u00e7\u00e3o de artigo para publica\u00e7\u00e3o ou artigo publicado;<br \/>\ne) Execu\u00e7\u00e3o de atividades did\u00e1ticas, tais como, aulas ministradas ou palestras, dentre outras atividades similares;<br \/>\nf) Realiza\u00e7\u00e3o de visitas t\u00e9cnicas;<br \/>\ng) Apresenta\u00e7\u00e3o de pesquisas nos Semin\u00e1rios de Pesquisa;<br \/>\nh) Outras atividades indicadas pelo orientador.<\/p>\n<p>\u2022 10 (dez) unidades de cr\u00e9ditos em participa\u00e7\u00e3o em grupos de pesquisa<br \/>\n\u2022 40\u00a0 (quarenta) unidades de cr\u00e9ditos em atividades de orienta\u00e7\u00e3o<br \/>\n\u2022 20 (vinte) unidades de cr\u00e9ditos pela defesa da tese.<\/p>\n<p><strong>Alunos bolsistas<\/strong><br \/>\nOs alunos contemplados com a Bolsa Capes\/Prosup Institucional dever\u00e3o registrar semestralmente os relat\u00f3rios de avalia\u00e7\u00e3o de desempenho acad\u00eamico, com o visto do respectivo docente orientador, que devem ser apreciados pela Comiss\u00e3o de Bolsas Capes\/Prosup do programa de Doutorado em Sa\u00fade Coletiva. A aprova\u00e7\u00e3o do relat\u00f3rio de avalia\u00e7\u00e3o de desempenho acad\u00eamico n\u00e3o produz cr\u00e9ditos, mas \u00e9 requisito obrigat\u00f3rio para a obten\u00e7\u00e3o do diploma. Consequentemente, os alunos que exerceram Est\u00e1gio de Doc\u00eancia, nos termos da portaria n\u00famero 190, de 17 de setembro de 2011, da Capes, devem computar oito cr\u00e9ditos a t\u00edtulo de substitui\u00e7\u00e3o de disciplina optativa ou eletiva cursada.<\/p>\n<p><strong>Outras disciplinas<\/strong><br \/>\nO aluno poder\u00e1 cursar disciplinas em outros programas de p\u00f3s-gradua\u00e7\u00e3o, desde que n\u00e3o ultrapasse um ter\u00e7o do total de cr\u00e9ditos.<\/p>\n","protected":false},"excerpt":{"rendered":"<p>DISCIPLINAS OBRIGAT\u00d3RIAS PARA AS TR\u00caS LINHAS DE PESQUISA \u2022 Semin\u00e1rios avan\u00e7ados em pesquisa DISCIPLINAS ELETIVAS \u2022 An\u00e1lise de dados n\u00e3o [&hellip;]<\/p>\n","protected":false},"author":1,"featured_media":0,"parent":84,"menu_order":5,"comment_status":"closed","ping_status":"closed","template":"","meta":{"footnotes":""},"_links":{"self":[{"href":"https:\/\/www.unisantos.br\/pos\/wp-json\/wp\/v2\/pages\/95"}],"collection":[{"href":"https:\/\/www.unisantos.br\/pos\/wp-json\/wp\/v2\/pages"}],"about":[{"href":"https:\/\/www.unisantos.br\/pos\/wp-json\/wp\/v2\/types\/page"}],"author":[{"embeddable":true,"href":"https:\/\/www.unisantos.br\/pos\/wp-json\/wp\/v2\/users\/1"}],"replies":[{"embeddable":true,"href":"https:\/\/www.unisantos.br\/pos\/wp-json\/wp\/v2\/comments?post=95"}],"version-history":[{"count":6,"href":"https:\/\/www.unisantos.br\/pos\/wp-json\/wp\/v2\/pages\/95\/revisions"}],"predecessor-version":[{"id":5920,"href":"https:\/\/www.unisantos.br\/pos\/wp-json\/wp\/v2\/pages\/95\/revisions\/5920"}],"up":[{"embeddable":true,"href":"https:\/\/www.unisantos.br\/pos\/wp-json\/wp\/v2\/pages\/84"}],"wp:attachment":[{"href":"https:\/\/www.unisantos.br\/pos\/wp-json\/wp\/v2\/media?parent=95"}],"curies":[{"name":"wp","href":"https:\/\/api.w.org\/{rel}","templated":true}]}}