{"id":84,"date":"2018-10-05T16:25:36","date_gmt":"2018-10-05T19:25:36","guid":{"rendered":"https:\/\/www.unisantos.br\/pos\/?page_id=84"},"modified":"2026-04-09T15:41:01","modified_gmt":"2026-04-09T18:41:01","slug":"doutorado-em-saude-coletiva","status":"publish","type":"page","link":"https:\/\/www.unisantos.br\/pos\/stricto-sensu\/doutorado\/doutorado-em-saude-coletiva\/","title":{"rendered":"Doutorado em Sa\u00fade Coletiva"},"content":{"rendered":"<p>O Curso de Doutorado do Programa de P\u00f3s-Gradua\u00e7\u00e3o <em>Stricto Sensu<\/em> em Sa\u00fade Coletiva recebeu Nota 4 na avalia\u00e7\u00e3o quadrienal 2017-2020. O curso foi Recredenciado pela Portaria MEC n\u00ba 800\/2015 \u2013 D.O.U 10\/08\/2015 e sua Renova\u00e7\u00e3o de Reconhecimento pela Portaria MEC n\u00ba 609 \u2013 D.O.U. de 18\/03\/2019.<\/p>\n<p>A \u00e1rea de concentra\u00e7\u00e3o do Curso de Doutorado em Sa\u00fade Coletiva \u00e9 <a href=\"https:\/\/portal.unisantos.br\/pos\/strictosensu.php?curso=doutorado-em-saude-coletiva&amp;pagina=area-de-concentracao-e-linhas-de-pesquisa\">Sa\u00fade, Ambiente e Mudan\u00e7as Sociais<\/a>. As linhas de pesquisa s\u00e3o<strong>\u00a0<\/strong>tr\u00eas:\u00a0Avalia\u00e7\u00e3o de Exposi\u00e7\u00e3o ao Risco Ambiental\u00a0(Linha de Pesquisa I);\u00a0Pol\u00edtica, Condi\u00e7\u00e3o Social e Sa\u00fade\u00a0(Linha de Pesquisa II); e\u00a0Popula\u00e7\u00f5es em Condi\u00e7\u00e3o de Vulnerabilidade\u00a0(Linha de Pesquisa III)<strong>.<\/strong><\/p>\n<p>O Curso de Doutorado em Sa\u00fade Coletiva decorre da experi\u00eancia adquirida pelo seu corpo docente na execu\u00e7\u00e3o de pesquisas na regi\u00e3o da Baixada Santista e, tamb\u00e9m, de um novo cen\u00e1rio decorrente de mudan\u00e7as culturais, sociais e econ\u00f4micas na regi\u00e3o. Entre estas mudan\u00e7as, destaca-se a descoberta das reservas de petr\u00f3leo do pr\u00e9-sal e o consequente redesenho da apropria\u00e7\u00e3o do espa\u00e7o; das reformula\u00e7\u00f5es dos processos produtivos; da intensifica\u00e7\u00e3o das atividades portu\u00e1rias; dos novos perfis de explora\u00e7\u00e3o e utiliza\u00e7\u00e3o do meio; e, finalmente, pelas novas din\u00e2micas de circula\u00e7\u00e3o de pessoas, culturas e mercadorias.<\/p>\n<p>O Curso de Doutorado em Sa\u00fade Coletiva se constituiu para fazer frente aos poss\u00edveis impactos sobre a sa\u00fade da popula\u00e7\u00e3o da regi\u00e3o causados por essa nova realidade.<\/p>\n<p><strong>OBJETIVOS<br \/>\n<\/strong>Produ\u00e7\u00e3o de conhecimento cient\u00edfico sobre a realidade da sa\u00fade no Brasil e na Baixada Santista.<br \/>\nCapacita\u00e7\u00e3o de docentes das institui\u00e7\u00f5es de ensino superior.<br \/>\nCapacita\u00e7\u00e3o de profissionais que atuam na \u00e1rea da sa\u00fade, sob a \u00f3tica da Sa\u00fade Coletiva.<br \/>\nIncorpora\u00e7\u00e3o de docentes e alunos dos cursos de gradua\u00e7\u00e3o da Cat\u00f3lica de Santos, favorecendo sua integra\u00e7\u00e3o \u00e0s atividades de pesquisa.<\/p>\n<p><strong>TEMAS<br \/>\n<\/strong>Contamina\u00e7\u00e3o ambiental no estu\u00e1rio de Santos<br \/>\nContamina\u00e7\u00e3o do HIV na popula\u00e7\u00e3o da regi\u00e3o da Baixada Santista<br \/>\nModelos de aten\u00e7\u00e3o \u00e0 sa\u00fade<br \/>\nPol\u00edticas p\u00fablicas sociais relativas \u00e0 sa\u00fade no contexto do Brasil e da Baixada Santista<br \/>\nSa\u00fade de grupos em situa\u00e7\u00e3o de vulnerabilidade<\/p>\n<p><strong>COORDENADOR<\/strong><br \/>\nProf. Dr. Ramiro Andres Fernandez Unsain<\/p>\n<p><strong>Secretaria Acad\u00eamica<br \/>\n<\/strong>Campus Dom Id\u00edlio Jos\u00e9 Soares<br \/>\nEndere\u00e7o: Av. Conselheiro N\u00e9bias, 300 \u2013 Vila Mathias, Santos<br \/>\nAtendimento: De 2\u00aa a 6\u00aa-feira, das 9h \u00e0s 14h e das 15h \u00e0s 18h30<br \/>\nTelefone: (13) 3205-5555 \u2013 ramal 1360<br \/>\nE-mail: secretariaposgraduacao@unisantos.br<\/p>\n","protected":false},"excerpt":{"rendered":"<p>O Curso de Doutorado do Programa de P\u00f3s-Gradua\u00e7\u00e3o Stricto Sensu em Sa\u00fade Coletiva recebeu Nota 4 na avalia\u00e7\u00e3o quadrienal 2017-2020. [&hellip;]<\/p>\n","protected":false},"author":1,"featured_media":85,"parent":21,"menu_order":1,"comment_status":"closed","ping_status":"closed","template":"","meta":{"footnotes":""},"_links":{"self":[{"href":"https:\/\/www.unisantos.br\/pos\/wp-json\/wp\/v2\/pages\/84"}],"collection":[{"href":"https:\/\/www.unisantos.br\/pos\/wp-json\/wp\/v2\/pages"}],"about":[{"href":"https:\/\/www.unisantos.br\/pos\/wp-json\/wp\/v2\/types\/page"}],"author":[{"embeddable":true,"href":"https:\/\/www.unisantos.br\/pos\/wp-json\/wp\/v2\/users\/1"}],"replies":[{"embeddable":true,"href":"https:\/\/www.unisantos.br\/pos\/wp-json\/wp\/v2\/comments?post=84"}],"version-history":[{"count":86,"href":"https:\/\/www.unisantos.br\/pos\/wp-json\/wp\/v2\/pages\/84\/revisions"}],"predecessor-version":[{"id":7236,"href":"https:\/\/www.unisantos.br\/pos\/wp-json\/wp\/v2\/pages\/84\/revisions\/7236"}],"up":[{"embeddable":true,"href":"https:\/\/www.unisantos.br\/pos\/wp-json\/wp\/v2\/pages\/21"}],"wp:featuredmedia":[{"embeddable":true,"href":"https:\/\/www.unisantos.br\/pos\/wp-json\/wp\/v2\/media\/85"}],"wp:attachment":[{"href":"https:\/\/www.unisantos.br\/pos\/wp-json\/wp\/v2\/media?parent=84"}],"curies":[{"name":"wp","href":"https:\/\/api.w.org\/{rel}","templated":true}]}}