{"id":82,"date":"2018-10-05T16:23:53","date_gmt":"2018-10-05T19:23:53","guid":{"rendered":"https:\/\/www.unisantos.br\/pos\/?page_id=82"},"modified":"2025-04-28T23:20:25","modified_gmt":"2025-04-29T02:20:25","slug":"eventos-realizados","status":"publish","type":"page","link":"https:\/\/www.unisantos.br\/pos\/stricto-sensu\/doutorado\/doutorado-em-educacao\/eventos-realizados\/","title":{"rendered":"Mostra de Pesquisa"},"content":{"rendered":"<p><strong>S\u00edntese Hist\u00f3rica<\/strong><\/p>\n<p>A Mostra de Pesquisa do Programa de Educa\u00e7\u00e3o da Universidade Cat\u00f3lica de Santos teve sua origem no Projeto de Coopera\u00e7\u00e3o Acad\u00eamica (Procad) entre os Programas de Educa\u00e7\u00e3o da Universidade do Vale dos Sinos (UniSinos) e da Universidade Cat\u00f3lica de Santos. \u00c9 uma atividade que se consolida como um espa\u00e7o de integra\u00e7\u00e3o entre pesquisadores da regi\u00e3o e de outros estados brasileiros e tem cumprido, em todos esses anos de edi\u00e7\u00e3o, seu objetivo de socializar resultados de pesquisas dos discentes, egressos do Programa e de pesquisadores externos. Configura-se como um espa\u00e7o para a interlocu\u00e7\u00e3o entre gestores e profissionais da educa\u00e7\u00e3o e dos sistemas p\u00fablicos da Baixada Santista para o debate sobre educa\u00e7\u00e3o, pol\u00edticas e forma\u00e7\u00e3o, tendo em vista promover o interc\u00e2mbio de ideias e experi\u00eancias entre pesquisadores, professores e profissionais da educa\u00e7\u00e3o sobre o desenvolvimento e as perspectivas da pesquisa em educa\u00e7\u00e3o.<\/p>\n<p><strong>2024 &#8211; XVIII Mostra de Pesquisa em Educa\u00e7\u00e3o<\/strong> <strong>da Universidade Cat\u00f3lica de Santos:<\/strong> <em>Educa\u00e7\u00e3o e pesquisa em tempos de desassossego: a esperan\u00e7a como recurso frente a limites e desafios<\/em><br \/>\nPer\u00edodo: 04 a 06 de abril de 2024<br \/>\n<a href=\"https:\/\/www.unisantos.br\/portal\/acontece\/xviii-mostra-de-pesquisa-em-educacao-educacao-e-pesquisa-em-tempos-de-desassossego\/#:~:text=A%20Mostra%20de%20Pesquisa%20busca,educadores%20e%20estudantes%20da%20Universidade\" target=\"_blank\" rel=\"noopener\"><strong>Programa\u00e7\u00e3o\/Inscri\u00e7\u00e3o\/Submiss\u00e3o de trabalhos<\/strong><\/a><\/p>\n<p><strong>2022 &#8211; XVII Mostra de Pesquisa em Educa\u00e7\u00e3o<\/strong> <strong>da Universidade Cat\u00f3lica de Santos:<\/strong> <em>Educa\u00e7\u00e3o e pesquisa em tempos de desassossego<\/em><br \/>\nPer\u00edodo: 08 a 10 de novembro de 2022<br \/>\n<strong><a href=\"https:\/\/www.unisantos.br\/?p=63755\" target=\"_blank\" rel=\"noopener\">Programa\u00e7\u00e3o\/Inscri\u00e7\u00e3o\/Submiss\u00e3o de trabalhos<\/a><\/strong><\/p>\n<p><strong>2021 &#8211;\u00a0XVI Mostra de Pesquisa em Educa\u00e7\u00e3o:<\/strong> <em>Educa\u00e7\u00e3o, Democracia e Utopia<\/em><br \/>\nPer\u00edodo: 16 a 18 de novembro de 2021<br \/>\n<a href=\"https:\/\/eventos.unisantos.br\/xvimostradepesquisaeducacao2021\/\" target=\"_blank\" rel=\"noopener\"><strong>Programa\u00e7\u00e3o\/Inscri\u00e7\u00e3o\/Submiss\u00e3o de trabalhos<\/strong><\/a><\/p>\n<p><strong>2020 &#8211; XV Mostra de Pesquisa em Educa\u00e7\u00e3o:<\/strong> <em>Pesquisa em Educa\u00e7\u00e3o e Processos de Inclus\u00e3o<\/em><br \/>\nPer\u00edodo: 17 a 19 de novembro de 2020<\/p>\n<p><strong>2019 &#8211; XIV Mostra de Pesquisa do Programa de P\u00f3s-Gradua\u00e7\u00e3o em Educa\u00e7\u00e3o: <\/strong><em>Desafios da Pesquisa em Educa\u00e7\u00e3o: Hist\u00f3ria, Pol\u00edticas, Forma\u00e7\u00e3o<\/em><br \/>\nPer\u00edodo: 24 e 25\u00a0 de setembro de 2019<\/p>\n<p><strong>2018 &#8211; XIII Mostra de Pesquisa em Educa\u00e7\u00e3o, VI Semin\u00e1rio Parfor, VI Encontro Pibid<\/strong>: \u00a0<em>O Direito \u00e0 Educa\u00e7\u00e3o: pol\u00edticas, pesquisas e pr\u00e1ticas<\/em><br \/>\nPer\u00edodo: 2 a 4 de outubro de 2018<\/p>\n<p><strong>2017 &#8211; XII Mostra de Pesquisa, V Semin\u00e1rio Parfor, V Encontro Pibid, X Col\u00f3quio de Acervos Escolares: <\/strong><em>Os rumos da ci\u00eancia no Brasil: Pesquisa e Forma\u00e7\u00e3o<\/em><br \/>\nPer\u00edodo:\u00a0 8 e 9 de novembro de 2017<\/p>\n<p><strong>2016 &#8211; XI Mostra de Pesquisa, IV Semin\u00e1rio Parfor, IX Col\u00f3quio de Acervos Escolares: <\/strong><em>Pesquisa e Compromisso Social<\/em><strong>.<br \/>\n<\/strong>Per\u00edodo: 9 e 10 de novembro de 2016<\/p>\n<p><strong>2015 &#8211; X Mostra de Pesquisa, III Semin\u00e1rio Parfor, VIII Col\u00f3quio de acervos escolares: <\/strong><em>Olhares sobre a pesquisa educacional<\/em><br \/>\nPer\u00edodo 3 a 5 de novembro de 2015<\/p>\n<p><strong>2014 &#8211; IX Mostra de Pesquisa, <\/strong><strong>II Semin\u00e1rio Parfor, VI Col\u00f3quio de Acervos Escolares: <\/strong><em>Doc\u00eancia e pesquisa: a\u00e7\u00f5es e rela\u00e7\u00f5es<\/em><strong><br \/>\n<\/strong>Per\u00edodo: 4 a 6 de novembro de 2014<\/p>\n<p><strong>2013 &#8211; VIII<\/strong> <strong>Mostra de Pesquisa, VI Semin\u00e1rio de Educa\u00e7\u00e3o e Cidadania, VI Col\u00f3quio de Acervos Escolares<\/strong>: <em>Pol\u00edticas educacionais e profissionalidade docente: quais perspectivas?<\/em>\u00a0 <strong><br \/>\n<\/strong>Per\u00edodo: 5 a 7 de novembro de 2013<\/p>\n<p><strong>2012 &#8211; VII Mostra de Pesquisa, V Semin\u00e1rio de Educa\u00e7\u00e3o e Cidadania, V Col\u00f3quio de Acervos Escolares: <\/strong><em>A<\/em><em> Pesquisa em debate: experi\u00eancias e perspectivas<\/em><br \/>\nPer\u00edodo: 6 a 8 de novembro de 2012<\/p>\n<p><strong>2011 &#8211; VI Mostra de Pesquisa, IV Semin\u00e1rio de Educa\u00e7\u00e3o e Cidadania, IV Col\u00f3quio de Acervos Escolares e II Encontro da Anfope\/Baixada Santista:\u00a0<\/strong><em>Pol\u00edticas de forma\u00e7\u00e3o de professores<\/em><em> e a pesquisa em Educa\u00e7\u00e3o<\/em><br \/>\nPer\u00edodo: 20 a 22 de setembro de 2011<\/p>\n<p><strong>2010 &#8211; V Mostra de Pesquisa, III Semin\u00e1rio de Educa\u00e7\u00e3o e Cidadania: Pol\u00edticas e Processos Formativos e III Col\u00f3quio de Acervos Escolares: <\/strong><em>Desafios e Perspectivas da Pesquisa em Educa\u00e7\u00e3o<br \/>\n<\/em>Per\u00edodo:\u00a0 9 a 11 de novembro de 2010<\/p>\n<p><strong>2009 &#8211; IV Mostra de Pesquisa, II Semin\u00e1rio Educa\u00e7\u00e3o e II Col\u00f3quio de Acervos Escolares: <\/strong><em>Educa\u00e7\u00e3o e Cidadania do Mestrado em Educa\u00e7\u00e3o<\/em><strong><br \/>\n<\/strong>Per\u00edodo:\u00a0 27 a 29 de outubro de 2009<\/p>\n<p><strong>2008 &#8211; III Mostra <\/strong><strong>de Pesquisa, I Semin\u00e1rio Educa\u00e7\u00e3o e I Col\u00f3quio de Acervos Escolares Cidadania: <\/strong><em>Pol\u00edticas e processos formativos<br \/>\n<\/em>Per\u00edodo: 11 a 13 de novembro de 2008<\/p>\n<p><strong>2007 &#8211; II Mostra de Pesquisa: <\/strong><em>Comunidades investigativas de natureza colaborativa em Programas de P\u00f3s-gradua\u00e7\u00e3o em Educa\u00e7\u00e3o<\/em><br \/>\nPer\u00edodo: 6 a 8 de novembro de 2007<\/p>\n<p><strong>2006 &#8211;\u00a0 I Mostra de Pesquisa: <\/strong><em>P\u00f3s-Gradua\u00e7\u00e3o em Educa\u00e7\u00e3o no Brasil: perspectivas e tend\u00eancias <\/em><strong><br \/>\n<\/strong>Per\u00edodo: 22 a 24 de novembro de 2006<\/p>\n<p>&nbsp;<\/p>\n","protected":false},"excerpt":{"rendered":"<p>S\u00edntese Hist\u00f3rica A Mostra de Pesquisa do Programa de Educa\u00e7\u00e3o da Universidade Cat\u00f3lica de Santos teve sua origem no Projeto [&hellip;]<\/p>\n","protected":false},"author":1,"featured_media":0,"parent":51,"menu_order":14,"comment_status":"closed","ping_status":"closed","template":"","meta":{"footnotes":""},"_links":{"self":[{"href":"https:\/\/www.unisantos.br\/pos\/wp-json\/wp\/v2\/pages\/82"}],"collection":[{"href":"https:\/\/www.unisantos.br\/pos\/wp-json\/wp\/v2\/pages"}],"about":[{"href":"https:\/\/www.unisantos.br\/pos\/wp-json\/wp\/v2\/types\/page"}],"author":[{"embeddable":true,"href":"https:\/\/www.unisantos.br\/pos\/wp-json\/wp\/v2\/users\/1"}],"replies":[{"embeddable":true,"href":"https:\/\/www.unisantos.br\/pos\/wp-json\/wp\/v2\/comments?post=82"}],"version-history":[{"count":8,"href":"https:\/\/www.unisantos.br\/pos\/wp-json\/wp\/v2\/pages\/82\/revisions"}],"predecessor-version":[{"id":6854,"href":"https:\/\/www.unisantos.br\/pos\/wp-json\/wp\/v2\/pages\/82\/revisions\/6854"}],"up":[{"embeddable":true,"href":"https:\/\/www.unisantos.br\/pos\/wp-json\/wp\/v2\/pages\/51"}],"wp:attachment":[{"href":"https:\/\/www.unisantos.br\/pos\/wp-json\/wp\/v2\/media?parent=82"}],"curies":[{"name":"wp","href":"https:\/\/api.w.org\/{rel}","templated":true}]}}