{"id":7006,"date":"2025-09-05T17:00:34","date_gmt":"2025-09-05T20:00:34","guid":{"rendered":"https:\/\/www.unisantos.br\/pos\/?page_id=7006"},"modified":"2025-09-05T17:00:34","modified_gmt":"2025-09-05T20:00:34","slug":"bolsa-sanduiche","status":"publish","type":"page","link":"https:\/\/www.unisantos.br\/pos\/stricto-sensu\/doutorado\/doutorado-em-educacao\/bolsa-sanduiche\/","title":{"rendered":"Bolsa-Sandu\u00edche"},"content":{"rendered":"<p>A CAPES publicou o <a href=\"https:\/\/www.unisantos.br\/wp-content\/uploads\/2025\/09\/EDITAL-no-17_2025.pdf\" target=\"_blank\" rel=\"noopener\">Edital n\u00ba. 17\/2025<\/a>, referente ao Programa Institucional de Doutorado Sandu\u00edche no Exterior (PDSE). O edital contempla duas chamadas, conforme os cronogramas abaixo:<\/p>\n<p><strong>1\u00aa. Chamada<\/strong><br \/>\nIn\u00edcio das atividades no exterior: 1\u00ba semestre de 2026<\/p>\n<p>Prazo para envio da inscri\u00e7\u00e3o: at\u00e9 26 de setembro de 2025, \u00e0s 18h<\/p>\n<p>Envio exclusivamente por e-mail: poseducacao@unisantos.br<\/p>\n<p><strong>2\u00aa Chamada<\/strong><br \/>\nIn\u00edcio das atividades no exterior: 2\u00ba semestre de 2026<\/p>\n<p>Prazo para envio da inscri\u00e7\u00e3o: at\u00e9 4 de fevereiro de 2026, \u00e0s 18h<\/p>\n<p>Envio exclusivamente por e-mail: poseducacao@unisantos.br<\/p>\n<p><strong>Financiamento<\/strong><br \/>\nA CAPES financiar\u00e1 bolsas na modalidade Doutorado Sandu\u00edche com dura\u00e7\u00e3o de:<\/p>\n<p>1\u00aa chamada: m\u00ednimo de 4 meses e m\u00e1ximo de 6 meses<\/p>\n<p>2\u00aa chamada: m\u00ednimo de 4 meses e m\u00e1ximo de 9 meses<\/p>\n<p><strong>Requisitos para candidatura<\/strong><br \/>\nNo momento da inscri\u00e7\u00e3o no sistema da CAPES, o(a) candidato(a) deve:<\/p>\n<p>Ser brasileiro nato, naturalizado ou estrangeiro com autoriza\u00e7\u00e3o de resid\u00eancia e CPF ativo;<\/p>\n<p>N\u00e3o possuir t\u00edtulo de doutor;<\/p>\n<p>Estar regularmente matriculado em curso de doutorado avaliado com nota \u2265 4 na \u00faltima Avalia\u00e7\u00e3o Quadrienal da CAPES;<\/p>\n<p>Estar dentro do prazo regulamentar do curso, com previs\u00e3o de pelo menos 6 meses no Brasil ap\u00f3s o retorno do est\u00e1gio;<\/p>\n<p>Ter integralizado os cr\u00e9ditos compat\u00edveis com a conclus\u00e3o do doutorado ap\u00f3s o est\u00e1gio;<\/p>\n<p>Ter aprova\u00e7\u00e3o no exame de qualifica\u00e7\u00e3o ou ter completado pelo menos dois semestres do curso;<\/p>\n<p>Apresentar declara\u00e7\u00f5es de reconhecimento de flu\u00eancia lingu\u00edstica do orientador (Brasil) e coorientador (exterior), ou comprova\u00e7\u00e3o alternativa conforme o edital;<\/p>\n<p>Possuir identificador ORCiD v\u00e1lido;<\/p>\n<p>N\u00e3o acumular bolsa de mesmo n\u00edvel financiada com recursos federais;<\/p>\n<p>N\u00e3o ter sido contemplado anteriormente com bolsa de Doutorado Sandu\u00edche;<\/p>\n<p>N\u00e3o estar inadimplente com a CAPES ou outros \u00f3rg\u00e3os p\u00fablicos.<\/p>\n<p><strong>Documentos exigidos<\/strong><br \/>\nOs seguintes documentos devem ser entregues \u00e0 Coordena\u00e7\u00e3o do Programa de P\u00f3s-Gradua\u00e7\u00e3o (ou \u00e0 Pr\u00f3-Reitoria, conforme norma institucional):<\/p>\n<p>Plano de pesquisa com cronograma, aprovado pelo orientador no Brasil e coorientador no exterior;<\/p>\n<p>Curr\u00edculo Lattes atualizado;<\/p>\n<p>Carta do orientador brasileiro, em papel timbrado, justificando a necessidade do est\u00e1gio;<\/p>\n<p>Declara\u00e7\u00e3o do coorientador no exterior com previs\u00e3o de in\u00edcio e fim do est\u00e1gio (modelo \u2013 Anexo V);<\/p>\n<p>Declara\u00e7\u00e3o de flu\u00eancia lingu\u00edstica do coorientador no exterior (Anexo II);<\/p>\n<p>Declara\u00e7\u00e3o de flu\u00eancia lingu\u00edstica do orientador no Brasil (Anexo III);<\/p>\n<p>Curr\u00edculo resumido do coorientador no exterior (m\u00ednimo doutorado e produ\u00e7\u00e3o compat\u00edvel).<\/p>\n<p>&nbsp;<\/p>\n","protected":false},"excerpt":{"rendered":"<p>A CAPES publicou o Edital n\u00ba. 17\/2025, referente ao Programa Institucional de Doutorado Sandu\u00edche no Exterior (PDSE). O edital contempla [&hellip;]<\/p>\n","protected":false},"author":1,"featured_media":0,"parent":51,"menu_order":0,"comment_status":"closed","ping_status":"closed","template":"","meta":{"footnotes":""},"_links":{"self":[{"href":"https:\/\/www.unisantos.br\/pos\/wp-json\/wp\/v2\/pages\/7006"}],"collection":[{"href":"https:\/\/www.unisantos.br\/pos\/wp-json\/wp\/v2\/pages"}],"about":[{"href":"https:\/\/www.unisantos.br\/pos\/wp-json\/wp\/v2\/types\/page"}],"author":[{"embeddable":true,"href":"https:\/\/www.unisantos.br\/pos\/wp-json\/wp\/v2\/users\/1"}],"replies":[{"embeddable":true,"href":"https:\/\/www.unisantos.br\/pos\/wp-json\/wp\/v2\/comments?post=7006"}],"version-history":[{"count":1,"href":"https:\/\/www.unisantos.br\/pos\/wp-json\/wp\/v2\/pages\/7006\/revisions"}],"predecessor-version":[{"id":7007,"href":"https:\/\/www.unisantos.br\/pos\/wp-json\/wp\/v2\/pages\/7006\/revisions\/7007"}],"up":[{"embeddable":true,"href":"https:\/\/www.unisantos.br\/pos\/wp-json\/wp\/v2\/pages\/51"}],"wp:attachment":[{"href":"https:\/\/www.unisantos.br\/pos\/wp-json\/wp\/v2\/media?parent=7006"}],"curies":[{"name":"wp","href":"https:\/\/api.w.org\/{rel}","templated":true}]}}