{"id":6683,"date":"2025-02-07T17:10:57","date_gmt":"2025-02-07T20:10:57","guid":{"rendered":"https:\/\/www.unisantos.br\/pos\/?page_id=6683"},"modified":"2025-08-12T19:51:02","modified_gmt":"2025-08-12T22:51:02","slug":"curso-para-catequistas-2","status":"publish","type":"page","link":"https:\/\/www.unisantos.br\/pos\/qualificacao\/curso-para-catequistas-2\/","title":{"rendered":"Curso para Catequistas"},"content":{"rendered":"<p><strong>PROFESSORES RESPONS\u00c1VEIS<\/strong><br \/>Pe. Aparecido Neres de Santana<br \/>Prof\u00aa. Dr\u00aa. Guadalupe Corr\u00eaa Mota<br \/>Prof. Me. Francisco Surian<\/p>\r\n<p><strong>LOCAL<\/strong><br \/>Aulas transmitidas via ZOOM (o link ser\u00e1 encaminho pelo e-mail indicado na matr\u00edcula)<\/p>\r\n<p><strong>OBJETIVO GERAL<\/strong><br \/>Formar agentes de pastoral da Igreja Cat\u00f3lica Apost\u00f3lica Romana para o acompanhamento da Inicia\u00e7\u00e3o \u00e0 Vida Crist\u00e3 de crian\u00e7as, jovens e adultos, de acordo com o Novo Diret\u00f3rio de Catequese promulgado pelo Pontif\u00edcio Conselho para a Promo\u00e7\u00e3o da Nova Evangeliza\u00e7\u00e3o, em 23 de mar\u00e7o de 2020, e de documentos recentes do Magist\u00e9rio (CNBB, CELAM, Santa S\u00e9).<\/p>\r\n<p><strong>OBJETIVOS ESPEC\u00cdFICOS<\/strong><br \/>\u2013 Conhecer o Novo Diret\u00f3rio de Catequese (2020) da Igreja Cat\u00f3lica Apost\u00f3lica Romana.<br \/>\u2013 Preparar catequistas para acompanhamento da Inicia\u00e7\u00e3o \u00e0 Vida Crist\u00e3 de crian\u00e7as, jovens e adultos no contexto da sociedade urbana pluralista.<br \/>\u2013 Habilitar novos e antigos catequistas para o uso de recursos pedag\u00f3gicos mais apropriados para a interlocu\u00e7\u00e3o com as gentes da cultura urbana, conforme pedem as Novas Diretrizes da A\u00e7\u00e3o Evangelizadora da Igreja no Brasil.<\/p>\r\n<p><strong>P\u00daBLICO-ALVO<\/strong><br \/>O aluno deve ser catequista (ou futuro catequista).<\/p>\r\n<!-- \/wp:paragraph -->\r\n\r\n<!-- wp:paragraph -->\r\n<p><strong>AULA INAUGURAL <\/strong>\u2013 27\/02 \u2013 PRESENCIAL \u2013 19h30<br \/>Palestra proferida por D. Tarc\u00edsio Scaramussa,SDB, Bispo Diocesano de Santos<br \/>Local: Universidade Cat\u00f3lica de Santos<\/p>\r\n<p><strong>OUTRAS INFORMA\u00c7\u00d5ES<\/strong><b> <br \/><strong>Departamento de Atendimento Integrado<\/strong> <br \/><\/b>Telefone: (13) 3205-5555 <br \/>E-mail: dat@unisantos.br<\/p>","protected":false},"excerpt":{"rendered":"<p>PROFESSORES RESPONS\u00c1VEISPe. Aparecido Neres de SantanaProf\u00aa. Dr\u00aa. Guadalupe Corr\u00eaa MotaProf. Me. Francisco Surian LOCALAulas transmitidas via ZOOM (o link ser\u00e1 [&hellip;]<\/p>\n","protected":false},"author":1,"featured_media":0,"parent":399,"menu_order":0,"comment_status":"closed","ping_status":"closed","template":"","meta":{"footnotes":""},"_links":{"self":[{"href":"https:\/\/www.unisantos.br\/pos\/wp-json\/wp\/v2\/pages\/6683"}],"collection":[{"href":"https:\/\/www.unisantos.br\/pos\/wp-json\/wp\/v2\/pages"}],"about":[{"href":"https:\/\/www.unisantos.br\/pos\/wp-json\/wp\/v2\/types\/page"}],"author":[{"embeddable":true,"href":"https:\/\/www.unisantos.br\/pos\/wp-json\/wp\/v2\/users\/1"}],"replies":[{"embeddable":true,"href":"https:\/\/www.unisantos.br\/pos\/wp-json\/wp\/v2\/comments?post=6683"}],"version-history":[{"count":14,"href":"https:\/\/www.unisantos.br\/pos\/wp-json\/wp\/v2\/pages\/6683\/revisions"}],"predecessor-version":[{"id":6958,"href":"https:\/\/www.unisantos.br\/pos\/wp-json\/wp\/v2\/pages\/6683\/revisions\/6958"}],"up":[{"embeddable":true,"href":"https:\/\/www.unisantos.br\/pos\/wp-json\/wp\/v2\/pages\/399"}],"wp:attachment":[{"href":"https:\/\/www.unisantos.br\/pos\/wp-json\/wp\/v2\/media?parent=6683"}],"curies":[{"name":"wp","href":"https:\/\/api.w.org\/{rel}","templated":true}]}}