{"id":668,"date":"2018-10-16T14:38:32","date_gmt":"2018-10-16T17:38:32","guid":{"rendered":"https:\/\/www.unisantos.br\/pos\/?page_id=668"},"modified":"2023-08-14T14:05:31","modified_gmt":"2023-08-14T17:05:31","slug":"producao-mais-limpa-uma-alternativa-sustentavel","status":"publish","type":"page","link":"https:\/\/www.unisantos.br\/pos\/qualificacao\/producao-mais-limpa-uma-alternativa-sustentavel\/","title":{"rendered":"Produ\u00e7\u00e3o Mais Limpa: Uma Alternativa Sustent\u00e1vel"},"content":{"rendered":"<p><strong>PROFESSOR RESPONS\u00c1VEL<\/strong><br \/>\nProf. Me. Marco Antonio Cismeiro Bumba<\/p>\n<p><strong>CARGA HOR\u00c1RIA<\/strong><br \/>\n20 h\/a<\/p>\n<p><strong>LOCAL<\/strong><br \/>\nCampus Dom Id\u00edlio Jos\u00e9 Soares<\/p>\n<p><strong>OBJETIVO<br \/>\nObjetivo Geral:<br \/>\n<\/strong>Desenvolver compet\u00eancias em planejar, coordenar, orientar e intervir nos processos produtivos visando a efici\u00eancia na utiliza\u00e7\u00e3o de mat\u00e9rias primas, \u00e1gua e energia, e, a n\u00e3o gera\u00e7\u00e3o, reciclagem ou minimiza\u00e7\u00e3o de res\u00edduos.<br \/>\n<strong>Objetivos Espec\u00edficos:<\/strong><br \/>\nConhecer os conceitos de: metodologias, t\u00e9cnicas e ferramentas expressas em casos reais;<br \/>\nPlanejar situa\u00e7\u00f5es de seguran\u00e7a no manuseio do material poluente;<br \/>\nCoordenar Equipes de Trabalho de interven\u00e7\u00e3o nos processos produtivos;<br \/>\nPropor rotinas de trabalho que visem alcan\u00e7ar os princ\u00edpios da Produ\u00e7\u00e3o Limpa e a Legisla\u00e7\u00e3o Ambiental vigente.<\/p>\n<p><strong>P\u00daBLICO-ALVO<\/strong><br \/>\nO curso tem como p\u00fablico-alvo discentes dos curso de Engenharias e Qu\u00edmica Tecnol\u00f3gica da Universidade Cat\u00f3lica de Santos, e tamb\u00e9m os estudantes e profissionais externos \u00e0 UNISANTOS que tenham interesse em conhecer processos de produ\u00e7\u00e3o limpa, log\u00edstica reversa e sustentabilidade.<\/p>\n<p><strong>CONTE\u00daDO<\/strong><br \/>\nA quest\u00e3o ambiental: uma breve abordagem hist\u00f3rica que resultou na produ\u00e7\u00e3o limpa<br \/>\nIntrodu\u00e7\u00e3o e conceitos iniciais de produ\u00e7\u00e3o limpa e tecnologias limpas.<br \/>\nConceito de sustentabilidade e sua rela\u00e7\u00e3o com a P + L.<br \/>\nPrincipais problemas ambientais relacionados \u00e0 produ\u00e7\u00e3o industrial<br \/>\nIdentifica\u00e7\u00e3o das fontes geradoras de res\u00edduos.<br \/>\nRes\u00edduos s\u00f3lidos, efluentes e emiss\u00f5es gasosas: reciclagem, destina\u00e7\u00e3o e tratamento<br \/>\nPrioridades nas aplica\u00e7\u00f5es dos conceitos de produ\u00e7\u00e3o mais limpa, envolvendo gera\u00e7\u00e3o de res\u00edduos, reciclagem interna e externa, tratamento e destina\u00e7\u00e3o.<br \/>\nRacionaliza\u00e7\u00e3o do uso de insumos: uso racional de \u00e1gua, energia e mat\u00e9ria prima.<br \/>\nRela\u00e7\u00e3o entre Produ\u00e7\u00e3o Limpa e Engenharia Verde.<br \/>\nProdu\u00e7\u00e3o e consumo sustent\u00e1veis.<br \/>\nMatriz Energ\u00e9tica: An\u00e1lise de impactos ambientais, sociais e econ\u00f4micos na substitui\u00e7\u00e3o de energias convencionais por energias renov\u00e1veis.<br \/>\nProjeto e implanta\u00e7\u00e3o da Produ\u00e7\u00e3o Limpa em um processo produtivo.<\/p>\n<p><strong>OBSERVA\u00c7\u00d5ES<\/strong><br \/>\nA Universidade se reserva o direito de alterar o cronograma e o corpo docente.<br \/>\nDocumenta\u00e7\u00e3o necess\u00e1ria para quem n\u00e3o \u00e9 aluno da Cat\u00f3lica de Santos:\u00a0c\u00f3pias do RG, CPF, certid\u00e3o de nascimento ou casamento.<br \/>\nA inscri\u00e7\u00e3o presencial s\u00f3 poder\u00e1 ser efetuada pelo interessado no curso, ou por pessoa munida de procura\u00e7\u00e3o autenticada em cart\u00f3rio.<br \/>\nA efetiva\u00e7\u00e3o da matr\u00edcula est\u00e1 condicionada ao pagamento do boleto da 1\u00aa. parcela e entrega da documenta\u00e7\u00e3o exigida.<\/p>\n<div><strong>OUTRAS INFORMA\u00c7\u00d5ES<\/strong><\/div>\n<div>Departamento de Atendimento Integrado<\/div>\n<div>Telefones: (13) 3205-5555 \u2013 ramais 1354\/1384<\/div>\n<div>E-mail: dat@unisantos.br<\/div>\n<div><\/div>\n","protected":false},"excerpt":{"rendered":"<p>PROFESSOR RESPONS\u00c1VEL Prof. Me. Marco Antonio Cismeiro Bumba CARGA HOR\u00c1RIA 20 h\/a LOCAL Campus Dom Id\u00edlio Jos\u00e9 Soares OBJETIVO Objetivo [&hellip;]<\/p>\n","protected":false},"author":1,"featured_media":675,"parent":399,"menu_order":0,"comment_status":"closed","ping_status":"closed","template":"","meta":{"footnotes":""},"_links":{"self":[{"href":"https:\/\/www.unisantos.br\/pos\/wp-json\/wp\/v2\/pages\/668"}],"collection":[{"href":"https:\/\/www.unisantos.br\/pos\/wp-json\/wp\/v2\/pages"}],"about":[{"href":"https:\/\/www.unisantos.br\/pos\/wp-json\/wp\/v2\/types\/page"}],"author":[{"embeddable":true,"href":"https:\/\/www.unisantos.br\/pos\/wp-json\/wp\/v2\/users\/1"}],"replies":[{"embeddable":true,"href":"https:\/\/www.unisantos.br\/pos\/wp-json\/wp\/v2\/comments?post=668"}],"version-history":[{"count":2,"href":"https:\/\/www.unisantos.br\/pos\/wp-json\/wp\/v2\/pages\/668\/revisions"}],"predecessor-version":[{"id":5507,"href":"https:\/\/www.unisantos.br\/pos\/wp-json\/wp\/v2\/pages\/668\/revisions\/5507"}],"up":[{"embeddable":true,"href":"https:\/\/www.unisantos.br\/pos\/wp-json\/wp\/v2\/pages\/399"}],"wp:featuredmedia":[{"embeddable":true,"href":"https:\/\/www.unisantos.br\/pos\/wp-json\/wp\/v2\/media\/675"}],"wp:attachment":[{"href":"https:\/\/www.unisantos.br\/pos\/wp-json\/wp\/v2\/media?parent=668"}],"curies":[{"name":"wp","href":"https:\/\/api.w.org\/{rel}","templated":true}]}}