{"id":666,"date":"2018-10-16T14:38:06","date_gmt":"2018-10-16T17:38:06","guid":{"rendered":"https:\/\/www.unisantos.br\/pos\/?page_id=666"},"modified":"2023-08-14T14:11:52","modified_gmt":"2023-08-14T17:11:52","slug":"processos-quimicos-industriais","status":"publish","type":"page","link":"https:\/\/www.unisantos.br\/pos\/qualificacao\/processos-quimicos-industriais\/","title":{"rendered":"Processos Qu\u00edmicos Industriais"},"content":{"rendered":"<p><strong>PROFESSOR RESPONS\u00c1VEL<\/strong><br \/>\nProf. Me. Marco Antonio Cismeiro Bumba<\/p>\n<p><strong>CARGA HOR\u00c1RIA<\/strong><br \/>\n20 h\/a<\/p>\n<p><strong>LOCAL<\/strong><br \/>\nCampus Dom Id\u00edlio Jos\u00e9 Soares<\/p>\n<p><strong>OBJETIVOS<\/strong><br \/>\n<strong>Objetivo Geral<\/strong><br \/>\nDesenvolver habilidades e compet\u00eancias relacionadas aos processos de produ\u00e7\u00e3o da ind\u00fastria qu\u00edmica.<br \/>\n<strong>Objetivos Espec\u00edficos<\/strong><br \/>\nCapacitar o profissional a correlacionar os conhecimentos de processos industriais org\u00e2nicos, inorg\u00e2nicos e bioqu\u00edmicos;<br \/>\nConhecer os processos qu\u00edmicos industriais em rela\u00e7\u00e3o \u00e0s fontes de energia e mat\u00e9rias primas, rea\u00e7\u00f5es qu\u00edmicas, descri\u00e7\u00e3o de processos e m\u00e9todos;<br \/>\nPropor a\u00e7\u00f5es sobre as opera\u00e7\u00f5es unit\u00e1rias envolvidas.<\/p>\n<p><strong>P\u00daBLICO-ALVO<\/strong><br \/>\nO curso apresenta como p\u00fablico-alvo estudantes de diferentes cursos da Universidade, principalmente de Engenharia de Produ\u00e7\u00e3o e Ambiental, e tamb\u00e9m graduandos em Qu\u00edmica Tecnol\u00f3gica. Profissionais do mercado que apresentem interesse na expertise em Processos Qu\u00edmicos Industriais<\/p>\n<p><strong>CONTE\u00daDO<\/strong><br \/>\nBreve hist\u00f3rico e panorama da ind\u00fastria qu\u00edmica brasileira; perspectivas da ind\u00fastria qu\u00edmica: nanotecnologia; biotecnologia, e tecnologia de informa\u00e7\u00e3o (TI).<br \/>\nClassifica\u00e7\u00e3o das Ind\u00fastrias Qu\u00edmicas.<br \/>\nProcessos de produ\u00e7\u00e3o Industriais: Org\u00e2nicos, Inorg\u00e2nicos e Bioqu\u00edmicos.<br \/>\nDefini\u00e7\u00e3o de Processo Qu\u00edmico e Opera\u00e7\u00e3o Unit\u00e1ria<br \/>\nFontes de energia, combust\u00edveis e tecnologia de produ\u00e7\u00e3o limpa.<br \/>\nProcessos na Refinaria de Petr\u00f3leo: separa\u00e7\u00e3o prim\u00e1ria, destila\u00e7\u00e3o fracionada do Petr\u00f3leo.<br \/>\nInd\u00fastria Petroqu\u00edmica e Pol\u00edmeros; outros derivados petroqu\u00edmicos<br \/>\nTintas industriais: classifica\u00e7\u00e3o e processos de produ\u00e7\u00e3o.<br \/>\nA\u00e7o: mat\u00e9rias primas, processo sider\u00fargico, ligas met\u00e1licas.<br \/>\nCimento: mat\u00e9rias primas, processo de fabrica\u00e7\u00e3o, tipos de cimento.<br \/>\nCelulose e Papel: mat\u00e9rias primas, processo industrial, reciclagem.<br \/>\nFertilizantes: classifica\u00e7\u00e3o, mat\u00e9rias primas, processo industrial.<\/p>\n<p><strong>OBSERVA\u00c7\u00d5ES<\/strong><br \/>\nA Universidade se reserva o direito de alterar o cronograma e o corpo docente.<br \/>\nDocumenta\u00e7\u00e3o necess\u00e1ria para quem n\u00e3o \u00e9 aluno da Cat\u00f3lica de Santos:\u00a0c\u00f3pias do RG, CPF, certid\u00e3o de nascimento ou casamento.<br \/>\nA inscri\u00e7\u00e3o presencial s\u00f3 poder\u00e1 ser efetuada pelo interessado no curso, ou por pessoa munida de procura\u00e7\u00e3o autenticada em cart\u00f3rio.<br \/>\nA efetiva\u00e7\u00e3o da matr\u00edcula est\u00e1 condicionada ao pagamento do boleto da 1\u00aa. parcela e entrega da documenta\u00e7\u00e3o exigida.<\/p>\n<div><strong>OUTRAS INFORMA\u00c7\u00d5ES<\/strong><\/div>\n<div>Departamento de Atendimento Integrado<\/div>\n<div>Telefones: (13) 3205-5555 \u2013 ramais 1354\/1384<\/div>\n<div>E-mail: dat@unisantos.br<\/div>\n<div><\/div>\n","protected":false},"excerpt":{"rendered":"<p>PROFESSOR RESPONS\u00c1VEL Prof. Me. Marco Antonio Cismeiro Bumba CARGA HOR\u00c1RIA 20 h\/a LOCAL Campus Dom Id\u00edlio Jos\u00e9 Soares OBJETIVOS Objetivo [&hellip;]<\/p>\n","protected":false},"author":1,"featured_media":685,"parent":399,"menu_order":0,"comment_status":"closed","ping_status":"closed","template":"","meta":{"footnotes":""},"_links":{"self":[{"href":"https:\/\/www.unisantos.br\/pos\/wp-json\/wp\/v2\/pages\/666"}],"collection":[{"href":"https:\/\/www.unisantos.br\/pos\/wp-json\/wp\/v2\/pages"}],"about":[{"href":"https:\/\/www.unisantos.br\/pos\/wp-json\/wp\/v2\/types\/page"}],"author":[{"embeddable":true,"href":"https:\/\/www.unisantos.br\/pos\/wp-json\/wp\/v2\/users\/1"}],"replies":[{"embeddable":true,"href":"https:\/\/www.unisantos.br\/pos\/wp-json\/wp\/v2\/comments?post=666"}],"version-history":[{"count":2,"href":"https:\/\/www.unisantos.br\/pos\/wp-json\/wp\/v2\/pages\/666\/revisions"}],"predecessor-version":[{"id":5532,"href":"https:\/\/www.unisantos.br\/pos\/wp-json\/wp\/v2\/pages\/666\/revisions\/5532"}],"up":[{"embeddable":true,"href":"https:\/\/www.unisantos.br\/pos\/wp-json\/wp\/v2\/pages\/399"}],"wp:featuredmedia":[{"embeddable":true,"href":"https:\/\/www.unisantos.br\/pos\/wp-json\/wp\/v2\/media\/685"}],"wp:attachment":[{"href":"https:\/\/www.unisantos.br\/pos\/wp-json\/wp\/v2\/media?parent=666"}],"curies":[{"name":"wp","href":"https:\/\/api.w.org\/{rel}","templated":true}]}}