{"id":664,"date":"2018-10-16T14:36:26","date_gmt":"2018-10-16T17:36:26","guid":{"rendered":"https:\/\/www.unisantos.br\/pos\/?page_id=664"},"modified":"2023-08-14T14:10:12","modified_gmt":"2023-08-14T17:10:12","slug":"processo-decisorio","status":"publish","type":"page","link":"https:\/\/www.unisantos.br\/pos\/qualificacao\/processo-decisorio\/","title":{"rendered":"Processo Decis\u00f3rio"},"content":{"rendered":"<p><strong>PROFESSOR RESPONS\u00c1VEL<br \/>\n<\/strong>Prof. Dr. Ant\u00f4nio Miranda Galle\u00e3o<\/p>\n<p><strong>CARGA HOR\u00c1RIA<br \/>\n<\/strong>21 h\/a<\/p>\n<p><strong>LOCAL<br \/>\n<\/strong>Campus Dom Id\u00edlio Jos\u00e9 Soares<\/p>\n<p><strong>OBJETIVOS<br \/>\n<\/strong>&#8211; Desenvolver habilidades b\u00e1sicas relacionadas a tomada de decis\u00e3o<br \/>\n&#8211; Conhecer os principais conceitos, t\u00e9cnicas e vieses cognitivos relacionados a tomada de decis\u00e3o<br \/>\n&#8211; Operacionalizar e sistematizar o processo de tomada de decis\u00e3o atrav\u00e9s da utiliza\u00e7\u00e3o de t\u00e9cnicas de estrutura\u00e7\u00e3o de problemas<\/p>\n<p><strong>P\u00daBLICO-ALVO<br \/>\n<\/strong>Estudantes de gradua\u00e7\u00e3o e p\u00f3s-gradua\u00e7\u00e3o, e profissionais que atuem em diversas \u00e1reas que tenham interesse em desenvolver conhecimentos e habilidades na \u00e1rea de mapeamento e modelagem de processos.<\/p>\n<p><strong>CONTE\u00daDO<br \/>\n<\/strong>Apresenta\u00e7\u00e3o do curso<br \/>\nIntrodu\u00e7\u00e3o ao processo de decis\u00e3o gerencial<br \/>\nA fun\u00e7\u00e3o decis\u00e3o no contexto da administra\u00e7\u00e3o<br \/>\nPrincipais tipos de decis\u00e3o<br \/>\nHeur\u00edstica e consci\u00eancia limitada em ambientes estrat\u00e9gicos<br \/>\nProcesso de resolu\u00e7\u00e3o de problemas<br \/>\nIdentifica\u00e7\u00e3o, diagn\u00f3stico, gera\u00e7\u00e3o de alternativas e t\u00e9cnicas decis\u00f3rias<br \/>\nT\u00e9cnicas de resolu\u00e7\u00e3o de problemas<br \/>\nFormula\u00e7\u00e3o e invers\u00e3o de prefer\u00eancias<br \/>\nInflu\u00eancias motivacionais e emocionais da tomada de decis\u00e3o<br \/>\nFerramentas e m\u00e9todos para estrutura\u00e7\u00e3o de problemas<br \/>\nEstrutura do problema de decis\u00e3o com m\u00faltiplos objetivos<br \/>\nElementos b\u00e1sicos e constru\u00e7\u00e3o de modelos de decis\u00e3o multicrit\u00e9rio<br \/>\nM\u00e9todos multicrit\u00e9rios de apoio a tomada de decis\u00e3o<br \/>\nFerramentas e m\u00e9todos para a tomada de decis\u00e3o<br \/>\nM\u00e9todos de agrega\u00e7\u00e3o: AHP<br \/>\nM\u00e9todo: Fitradeoff<\/p>\n<p><strong>OBSERVA\u00c7\u00d5ES<br \/>\n<\/strong>A Universidade se reserva o direito de alterar o cronograma e o corpo docente.<br \/>\nDocumenta\u00e7\u00e3o necess\u00e1ria para quem n\u00e3o \u00e9 aluno da Cat\u00f3lica de Santos: c\u00f3pias do RG, CPF, certid\u00e3o de nascimento ou casamento.<br \/>\nA inscri\u00e7\u00e3o presencial s\u00f3 poder\u00e1 ser efetuada pelo interessado no curso, ou por pessoa munida de procura\u00e7\u00e3o autenticada em cart\u00f3rio.<br \/>\nA efetiva\u00e7\u00e3o da matr\u00edcula est\u00e1 condicionada ao pagamento do boleto da 1\u00aa. parcela e entrega da documenta\u00e7\u00e3o exigida.<\/p>\n<p><strong>OUTRAS INFORMA\u00c7\u00d5ES<br \/>\n<\/strong>Departamento de Atendimento Integrado<br \/>\nTelefone: (13) 3205-5555 \u2013 ramais 1354\/1384<br \/>\nE-mail: dat@unisantos.br<\/p>\n<p class=\"MsoNormal\" style=\"margin-bottom: 0.0001pt;line-height: 16.5pt;vertical-align: baseline\">\n","protected":false},"excerpt":{"rendered":"<p>PROFESSOR RESPONS\u00c1VEL Prof. Dr. Ant\u00f4nio Miranda Galle\u00e3o CARGA HOR\u00c1RIA 21 h\/a LOCAL Campus Dom Id\u00edlio Jos\u00e9 Soares OBJETIVOS &#8211; Desenvolver [&hellip;]<\/p>\n","protected":false},"author":1,"featured_media":683,"parent":399,"menu_order":0,"comment_status":"closed","ping_status":"closed","template":"","meta":{"footnotes":""},"_links":{"self":[{"href":"https:\/\/www.unisantos.br\/pos\/wp-json\/wp\/v2\/pages\/664"}],"collection":[{"href":"https:\/\/www.unisantos.br\/pos\/wp-json\/wp\/v2\/pages"}],"about":[{"href":"https:\/\/www.unisantos.br\/pos\/wp-json\/wp\/v2\/types\/page"}],"author":[{"embeddable":true,"href":"https:\/\/www.unisantos.br\/pos\/wp-json\/wp\/v2\/users\/1"}],"replies":[{"embeddable":true,"href":"https:\/\/www.unisantos.br\/pos\/wp-json\/wp\/v2\/comments?post=664"}],"version-history":[{"count":3,"href":"https:\/\/www.unisantos.br\/pos\/wp-json\/wp\/v2\/pages\/664\/revisions"}],"predecessor-version":[{"id":5525,"href":"https:\/\/www.unisantos.br\/pos\/wp-json\/wp\/v2\/pages\/664\/revisions\/5525"}],"up":[{"embeddable":true,"href":"https:\/\/www.unisantos.br\/pos\/wp-json\/wp\/v2\/pages\/399"}],"wp:featuredmedia":[{"embeddable":true,"href":"https:\/\/www.unisantos.br\/pos\/wp-json\/wp\/v2\/media\/683"}],"wp:attachment":[{"href":"https:\/\/www.unisantos.br\/pos\/wp-json\/wp\/v2\/media?parent=664"}],"curies":[{"name":"wp","href":"https:\/\/api.w.org\/{rel}","templated":true}]}}