{"id":662,"date":"2018-10-16T14:35:49","date_gmt":"2018-10-16T17:35:49","guid":{"rendered":"https:\/\/www.unisantos.br\/pos\/?page_id=662"},"modified":"2023-08-14T13:45:04","modified_gmt":"2023-08-14T16:45:04","slug":"prevencao-preparacao-e-resposta-as-emergencias-quimicas-aperfeicoamento","status":"publish","type":"page","link":"https:\/\/www.unisantos.br\/pos\/qualificacao\/prevencao-preparacao-e-resposta-as-emergencias-quimicas-aperfeicoamento\/","title":{"rendered":"Preven\u00e7\u00e3o, Prepara\u00e7\u00e3o e Resposta \u00e0s Emerg\u00eancias Qu\u00edmicas (Aperfei\u00e7oamento)"},"content":{"rendered":"<p><strong>RESPONS\u00c1VEL<\/strong><br \/>\nProf\u00aa. Dr\u00aa. Michele Leiko Uemura<\/p>\n<p><strong>INSTRUTORES<br \/>\n<\/strong><a href=\"http:\/\/lattes.cnpq.br\/9487930635987521\" target=\"_blank\" rel=\"noopener\">Carlos Ferreira Lopes<br \/>\n<\/a><a href=\"http:\/\/lattes.cnpq.br\/0743623103863976\" target=\"_blank\" rel=\"noopener\">Edson Haddad<\/a><br \/>\n<a href=\"http:\/\/lattes.cnpq.br\/5691533791086430\" target=\"_blank\" rel=\"noopener\">Mauro de Souza Teixeira<\/a><br \/>\n<a href=\"http:\/\/lattes.cnpq.br\/5653919981237460\" target=\"_blank\" rel=\"noopener\">Sandro Roberto Tomaz<\/a><\/p>\n<p><strong>CARGA HOR\u00c1RIA<\/strong><br \/>\n192 h\/a<\/p>\n<p><strong>LOCAL<\/strong><br \/>\nCampus Dom Id\u00edlio Jos\u00e9 Soares<\/p>\n<p><strong>OBJETIVOS<br \/>\n<\/strong>&#8211; Capacitar profissionais para identificar, avaliar e gerenciar a\u00e7\u00f5es preventivas e corretivas relativas \u00e0s principais atividades geradoras de emerg\u00eancias qu\u00edmicas.<br \/>\n&#8211; Preparar profissionais para os desafios relacionados aos riscos tecnol\u00f3gicos inerentes ao desenvolvimento econ\u00f4mico e industrial.<\/p>\n<p><strong>P\u00daBLICO-ALVO<\/strong><br \/>\nOperadores, encarregados e gerentes de terminais de armazenamento e\/ou distribui\u00e7\u00e3o de produtos qu\u00edmicos e ind\u00fastrias qu\u00edmicas, brigadistas, t\u00e9cnicos e engenheiros ambientais e de seguran\u00e7a do trabalho, t\u00e9cnicos ambientais e de laborat\u00f3rio, Corpo de Bombeiros, profissionais de Defesa Civil, inspetores de tr\u00e1fego de concession\u00e1rias e administradoras de rodovias e ferrovias, equipes de emerg\u00eancia e demais profissionais envolvidos com o tema seguran\u00e7a qu\u00edmica.<\/p>\n<p><strong>CONTE\u00daDO<br \/>\nM\u00f3dulo 1 &#8211; Introdu\u00e7\u00e3o \u00e0s emerg\u00eancias qu\u00edmicas<br \/>\n<\/strong>Emerg\u00eancias qu\u00edmicas no Brasil e no mundo;<br \/>\nTerminologia e conceitos;<br \/>\nResponsabilidades na preven\u00e7\u00e3o, prepara\u00e7\u00e3o e resposta \u00e0s emerg\u00eancias qu\u00edmicas;<br \/>\nOrganiza\u00e7\u00f5es nacionais e internacionais envolvidas em a\u00e7\u00f5es de preven\u00e7\u00e3o, prepara\u00e7\u00e3o e resposta a emerg\u00eancias qu\u00edmicas.<\/p>\n<p><strong>M\u00f3dulo 2 \u2013 Perigos associados aos produtos qu\u00edmicos<\/strong><br \/>\nPerigos associados aos produtos qu\u00edmicos;<br \/>\nFontes de informa\u00e7\u00f5es sobre produtos qu\u00edmicos;<br \/>\nToxicologia aplicada \u00e0s emerg\u00eancias qu\u00edmicas.<\/p>\n<p><strong>M\u00f3dulo 3 &#8211; Gerenciamento de risco tecnol\u00f3gico<\/strong><br \/>\nT\u00e9cnicas de identifica\u00e7\u00e3o de perigos;<br \/>\nAn\u00e1lise e avalia\u00e7\u00e3o de consequ\u00eancias e vulnerabilidade;<br \/>\nAvalia\u00e7\u00e3o de risco quantitativo;<br \/>\nPrograma de Gerenciamento de Riscos e Plano de A\u00e7\u00e3o de Emerg\u00eancia.<\/p>\n<p><strong>M\u00f3dulo 4 &#8211; Aspectos legais nas emerg\u00eancias qu\u00edmicas<\/strong><br \/>\nPrinc\u00edpios gerais do direito ambiental;<br \/>\nPoder de pol\u00edcia ambiental;<br \/>\nDano ambiental \u2013 aspectos jur\u00eddicos;<br \/>\nA responsabilidade civil e a repara\u00e7\u00e3o do dano ambiental;<br \/>\nOs meios processuais para a defesa do meio ambiente: Inqu\u00e9rito policial; Inqu\u00e9rito civil, A\u00e7\u00e3o civil p\u00fablica, A\u00e7\u00e3o popular, Termo de Ajustamento de Conduta \u2013 TAC;<br \/>\nResponsabilidade administrativa \u2013 Responsabilidade penal \u2013 Aplica\u00e7\u00e3o da Lei de Crimes Ambientais \u2013 Lei 9.605\/1998 nas emerg\u00eancias qu\u00edmicas.<\/p>\n<p><strong>M\u00f3dulo 5 &#8211; Prepara\u00e7\u00e3o para a resposta \u00e0s emerg\u00eancias qu\u00edmicas<\/strong><br \/>\nEquipamentos de prote\u00e7\u00e3o individual;<br \/>\nEquipamentos de prote\u00e7\u00e3o respirat\u00f3ria;<br \/>\nTrabalhos em espa\u00e7os confinados;<br \/>\nEquipamentos de detec\u00e7\u00e3o ambiental;<br \/>\nDescontamina\u00e7\u00e3o;<br \/>\nAspectos ambientais nas emerg\u00eancias qu\u00edmicas;<br \/>\nOrganiza\u00e7\u00e3o de sistema de resposta \u00e0s emerg\u00eancias qu\u00edmicas;<br \/>\nEstrutura\u00e7\u00e3o, rotinas e procedimentos operacionais de centros de emerg\u00eancia;<br \/>\nGerenciamento de emerg\u00eancias;<br \/>\nAtribui\u00e7\u00f5es e responsabilidades das institui\u00e7\u00f5es nas emerg\u00eancias;<br \/>\nSistemas de Comando em Opera\u00e7\u00f5es;<br \/>\nComunica\u00e7\u00e3o de riscos.<\/p>\n<p><strong>M\u00f3dulo 6 &#8211; Preven\u00e7\u00e3o, prepara\u00e7\u00e3o e resposta \u00e0s emerg\u00eancias no transporte mar\u00edtimo e armazenagem portu\u00e1ria de produtos qu\u00edmicos<\/strong><br \/>\nPanorama internacional de emerg\u00eancias;<br \/>\nLegisla\u00e7\u00e3o aplicada ao transporte internacional de produtos qu\u00edmicos;<br \/>\nNormas de armazenagem em \u00e1reas portu\u00e1rias;<br \/>\nPlanos de Aux\u00edlio M\u00fatuo.<br \/>\nGest\u00f5es p\u00fablicas e privadas de sa\u00fade, seguran\u00e7a e meio ambiente na armazenagem de produtos qu\u00edmicos;<br \/>\nA\u00e7\u00f5es de combate \u00e0s emerg\u00eancias no transporte mar\u00edtimo e na armazenagem portu\u00e1ria de produtos qu\u00edmicos.<br \/>\nApresenta\u00e7\u00e3o e discuss\u00e3o de casos pr\u00e1ticos;<br \/>\nAtividade simulada te\u00f3rica.<\/p>\n<p><strong>M\u00f3dulo 7 &#8211; Preven\u00e7\u00e3o, prepara\u00e7\u00e3o e resposta \u00e0s emerg\u00eancias no transporte rodovi\u00e1rio de produtos perigosos &#8211; TRPP<\/strong><br \/>\nPanorama Nacional do Transporte Terrestre de Produtos Perigosos;<br \/>\nAn\u00e1lise estat\u00edstica de emerg\u00eancias qu\u00edmicas no Estado de S\u00e3o Paulo \u2013 Per\u00edodo: 1978 a 2016.<br \/>\nInterpreta\u00e7\u00e3o e aplica\u00e7\u00e3o da Norma ABNT NBR 14064:2015 \u2013 Transporte rodovi\u00e1rio de produtos perigosos- Diretrizes do atendimento \u00e0 emerg\u00eancia;<br \/>\nGest\u00f5es p\u00fablicas e privadas de sa\u00fade, seguran\u00e7a e meio ambiente no transporte rodovi\u00e1rio de produtos perigosos;<br \/>\nGest\u00e3o de riscos no transporte rodovi\u00e1rio de produtos perigosos;<br \/>\nPrograma de gerenciamento de riscos (PGR) e Plano de a\u00e7\u00e3o de emerg\u00eancia (PAE) para Administradoras de rodovias;<br \/>\nCasos pr\u00e1ticos envolvendo acidentes no transporte rodovi\u00e1rio de produtos perigosos;<br \/>\nAtividade simulada de mesa \u2013 acidentes no transporte rodovi\u00e1rio e ferrovi\u00e1rio de produtos perigosos \u2013 TableTop \u2013 utilizando cen\u00e1rios em escala (maquetes f\u00edsicas).<\/p>\n<p><strong>M\u00f3dulo 8 &#8211; Prepara\u00e7\u00e3o e resposta a emerg\u00eancias envolvendo derrames de petr\u00f3leo e derivados<\/strong><br \/>\nHist\u00f3rico e estat\u00edsticas;<br \/>\nEfeitos gerais do \u00f3leo nos organismos;<br \/>\nLegisla\u00e7\u00e3o aplicada;<br \/>\nQu\u00edmica do petr\u00f3leo;<br \/>\nProcessos de degrada\u00e7\u00e3o do \u00f3leo no mar;<br \/>\nAvalia\u00e7\u00e3o preliminar de acidentes;<br \/>\nInterpreta\u00e7\u00e3o de modelos de deriva de manchas;<br \/>\nCombate a derrames de \u00f3leo no mar;<br \/>\nDispersantes qu\u00edmicos;<br \/>\nLimpeza de ambientes costeiros atingidos por \u00f3leo;<br \/>\nCartas de sensibilidade;<br \/>\nGerenciamento de res\u00edduos na emerg\u00eancia;<br \/>\nPlano de Emerg\u00eancia Individual;<br \/>\nPlano de \u00c1rea;<br \/>\nPlano Nacional de Conting\u00eancia;<br \/>\nVISITA T\u00c9CNICA.<\/p>\n<p><strong>M\u00f3dulo 9 &#8211; APELL &#8211; Awareness and Preparedness for Emergencies at Local Level<\/strong><br \/>\nHist\u00f3rico do APELL;<br \/>\nAPELL no Brasil;<br \/>\nDiagrama de Implementa\u00e7\u00e3o do APELL;<br \/>\nResponsabilidades e atribui\u00e7\u00f5es;<br \/>\nIntera\u00e7\u00e3o com Programas Nacionais de \u00c1reas de Risco.<\/p>\n<p><strong>OBSERVA\u00c7\u00d5ES<\/strong><br \/>\nA Universidade se reserva o direito de alterar o cronograma e o corpo docente.<br \/>\nDocumenta\u00e7\u00e3o necess\u00e1ria para quem n\u00e3o \u00e9 aluno da Cat\u00f3lica de Santos:\u00a0c\u00f3pias do RG, CPF, certid\u00e3o de nascimento ou casamento.<br \/>\nA inscri\u00e7\u00e3o presencial s\u00f3 poder\u00e1 ser efetuada pelo interessado no curso, ou por pessoa munida de procura\u00e7\u00e3o autenticada em cart\u00f3rio.<br \/>\nA efetiva\u00e7\u00e3o da matr\u00edcula est\u00e1 condicionada ao pagamento do boleto da 1\u00aa. parcela e entrega da documenta\u00e7\u00e3o exigida.<\/p>\n<div>\n<div><strong>OUTRAS INFORMA\u00c7\u00d5ES<\/strong><\/div>\n<div>Departamento de Atendimento Integrado<\/div>\n<div>Telefones: (13) 3205-5555 \u2013 ramais 1354\/1384<\/div>\n<div>E-mail: dat@unisantos.br<\/div>\n<\/div>\n<p>&nbsp;<\/p>\n","protected":false},"excerpt":{"rendered":"<p>RESPONS\u00c1VEL Prof\u00aa. Dr\u00aa. Michele Leiko Uemura INSTRUTORES Carlos Ferreira Lopes Edson Haddad Mauro de Souza Teixeira Sandro Roberto Tomaz CARGA [&hellip;]<\/p>\n","protected":false},"author":1,"featured_media":681,"parent":399,"menu_order":0,"comment_status":"closed","ping_status":"closed","template":"","meta":{"footnotes":""},"_links":{"self":[{"href":"https:\/\/www.unisantos.br\/pos\/wp-json\/wp\/v2\/pages\/662"}],"collection":[{"href":"https:\/\/www.unisantos.br\/pos\/wp-json\/wp\/v2\/pages"}],"about":[{"href":"https:\/\/www.unisantos.br\/pos\/wp-json\/wp\/v2\/types\/page"}],"author":[{"embeddable":true,"href":"https:\/\/www.unisantos.br\/pos\/wp-json\/wp\/v2\/users\/1"}],"replies":[{"embeddable":true,"href":"https:\/\/www.unisantos.br\/pos\/wp-json\/wp\/v2\/comments?post=662"}],"version-history":[{"count":3,"href":"https:\/\/www.unisantos.br\/pos\/wp-json\/wp\/v2\/pages\/662\/revisions"}],"predecessor-version":[{"id":5477,"href":"https:\/\/www.unisantos.br\/pos\/wp-json\/wp\/v2\/pages\/662\/revisions\/5477"}],"up":[{"embeddable":true,"href":"https:\/\/www.unisantos.br\/pos\/wp-json\/wp\/v2\/pages\/399"}],"wp:featuredmedia":[{"embeddable":true,"href":"https:\/\/www.unisantos.br\/pos\/wp-json\/wp\/v2\/media\/681"}],"wp:attachment":[{"href":"https:\/\/www.unisantos.br\/pos\/wp-json\/wp\/v2\/media?parent=662"}],"curies":[{"name":"wp","href":"https:\/\/api.w.org\/{rel}","templated":true}]}}