{"id":660,"date":"2018-10-16T14:35:30","date_gmt":"2018-10-16T17:35:30","guid":{"rendered":"https:\/\/www.unisantos.br\/pos\/?page_id=660"},"modified":"2023-01-03T21:29:59","modified_gmt":"2023-01-04T00:29:59","slug":"curso-de-pratica-juridica-civil-e-tributaria","status":"publish","type":"page","link":"https:\/\/www.unisantos.br\/pos\/qualificacao\/curso-de-pratica-juridica-civil-e-tributaria\/","title":{"rendered":"Pr\u00e1tica Jur\u00eddica Civil e Tribut\u00e1ria"},"content":{"rendered":"<p><strong style=\"line-height: 1.5em;\">CARGA HOR\u00c1RIA<br \/>\n<\/strong>60 h<\/p>\n<p><strong>LOCAL<br \/>\n<\/strong>Campus Dom Id\u00edlio Jos\u00e9 Soares<\/p>\n<p><strong>OBJETIVO<br \/>\n<\/strong>Desenvolver habilidades voltadas \u00e0 solu\u00e7\u00e3o jur\u00eddica de quest\u00f5es contenciosas e volunt\u00e1rias e elabora\u00e7\u00e3o de pe\u00e7as pr\u00e1tico-profissionais.<\/p>\n<p><strong>P\u00daBLICO-ALVO<br \/>\n<\/strong>Estudantes universit\u00e1rios e demais operadores do Direito.<\/p>\n<p><strong>CONTE\u00daDO<br \/>\n<\/strong>\u2022 Peti\u00e7\u00e3o Inicial<br \/>\n\u2022\u00a0Resposta no processo civil<br \/>\n\u2022\u00a0Execu\u00e7\u00e3o de t\u00edtulo extrajudicial<br \/>\n\u2022\u00a0Defesas do executado &#8211; Embargos e impugna\u00e7\u00e3o<br \/>\n\u2022\u00a0A\u00e7\u00f5es do direito de fam\u00edlia<br \/>\n\u2022\u00a0A\u00e7\u00f5es Cautelares<br \/>\n\u2022 Recursos<br \/>\n\u2022\u00a0Atua\u00e7\u00e3o pr\u00e1tica nos juizados especiais<br \/>\n\u2022 Processo Judicial Tribut\u00e1rio<br \/>\n\u2022 Mandado de Seguran\u00e7a em mat\u00e9ria tribut\u00e1ria<br \/>\n\u2022 Repeti\u00e7\u00e3o de ind\u00e9bito tribut\u00e1rio<br \/>\n\u2022 Consigna\u00e7\u00e3o em pagamento<br \/>\n\u2022 Execu\u00e7\u00e3o Fiscal<\/p>\n<p><strong>OUTRAS INFORMA\u00c7\u00d5ES<br \/>\n<\/strong>Departamento de Atendimento Integrado<br \/>\nTelefone: (13) 3205-5555<br \/>\nE-mail: dat@unisantos.br<\/p>\n","protected":false},"excerpt":{"rendered":"<p>CARGA HOR\u00c1RIA 60 h LOCAL Campus Dom Id\u00edlio Jos\u00e9 Soares OBJETIVO Desenvolver habilidades voltadas \u00e0 solu\u00e7\u00e3o jur\u00eddica de quest\u00f5es contenciosas [&hellip;]<\/p>\n","protected":false},"author":1,"featured_media":671,"parent":399,"menu_order":0,"comment_status":"closed","ping_status":"closed","template":"","meta":{"footnotes":""},"_links":{"self":[{"href":"https:\/\/www.unisantos.br\/pos\/wp-json\/wp\/v2\/pages\/660"}],"collection":[{"href":"https:\/\/www.unisantos.br\/pos\/wp-json\/wp\/v2\/pages"}],"about":[{"href":"https:\/\/www.unisantos.br\/pos\/wp-json\/wp\/v2\/types\/page"}],"author":[{"embeddable":true,"href":"https:\/\/www.unisantos.br\/pos\/wp-json\/wp\/v2\/users\/1"}],"replies":[{"embeddable":true,"href":"https:\/\/www.unisantos.br\/pos\/wp-json\/wp\/v2\/comments?post=660"}],"version-history":[{"count":3,"href":"https:\/\/www.unisantos.br\/pos\/wp-json\/wp\/v2\/pages\/660\/revisions"}],"predecessor-version":[{"id":4690,"href":"https:\/\/www.unisantos.br\/pos\/wp-json\/wp\/v2\/pages\/660\/revisions\/4690"}],"up":[{"embeddable":true,"href":"https:\/\/www.unisantos.br\/pos\/wp-json\/wp\/v2\/pages\/399"}],"wp:featuredmedia":[{"embeddable":true,"href":"https:\/\/www.unisantos.br\/pos\/wp-json\/wp\/v2\/media\/671"}],"wp:attachment":[{"href":"https:\/\/www.unisantos.br\/pos\/wp-json\/wp\/v2\/media?parent=660"}],"curies":[{"name":"wp","href":"https:\/\/api.w.org\/{rel}","templated":true}]}}