{"id":66,"date":"2018-10-05T16:20:51","date_gmt":"2018-10-05T19:20:51","guid":{"rendered":"https:\/\/www.unisantos.br\/pos\/?page_id=66"},"modified":"2025-04-28T17:23:43","modified_gmt":"2025-04-28T20:23:43","slug":"organizacao-curricular","status":"publish","type":"page","link":"https:\/\/www.unisantos.br\/pos\/stricto-sensu\/doutorado\/doutorado-em-educacao\/organizacao-curricular\/","title":{"rendered":"Organiza\u00e7\u00e3o Curricular"},"content":{"rendered":"<p>A matriz curricular do Doutorado em Educa\u00e7\u00e3o compreende um conjunto de disciplinas e atividades que totalizam 90 (noventa) cr\u00e9ditos, correspondendo a 1.350 horas. Cada cr\u00e9dito equivale a 15 horas\/aula, ou de atividade programada. A organiza\u00e7\u00e3o da matriz curricular compreende:<\/p>\n<p><strong>Disciplinas Obrigat\u00f3rias (6 cr\u00e9ditos):<br \/>\n<\/strong>Semin\u00e1rios Avan\u00e7ados em Educa\u00e7\u00e3o e Forma\u00e7\u00e3o (3 cr\u00e9ditos) \u2013 Disciplina comum \u00e0s duas Linhas de Pesquisa do PPGE<br \/>\nEpistemologia da Pesquisa em Educa\u00e7\u00e3o (3 cr\u00e9ditos) \u2013 Disciplina obrigat\u00f3ria da Linha de Pesquisa 1 \u2013 Pol\u00edticas e Pr\u00e1ticas de Forma\u00e7\u00e3o de Professores<br \/>\nEstado e Pol\u00edticas Educacionais: abordagens te\u00f3rico-metodol\u00f3gicas (3 cr\u00e9ditos) \u2013 Disciplina obrigat\u00f3ria da Linha de Pesquisa 2 \u2013 Pol\u00edticas P\u00fablicas Educacionais<\/p>\n<p><strong>Disciplinas Eletivas (6 cr\u00e9ditos)<\/strong><\/p>\n<p><strong>Grupo de Pesquisa \u2013 GP (24 cr\u00e9ditos)<\/strong><\/p>\n<p><strong>Atividades Coletivas de Grupos de Pesquisa \u2013 ACGP (8 cr\u00e9ditos)<\/strong><\/p>\n<p><strong>Atividades Programadas de Pesquisa \u2013 APP (16 cr\u00e9ditos)<\/strong><\/p>\n<p><strong>Sess\u00f5es de Orienta\u00e7\u00e3o (16 cr\u00e9ditos)<\/strong><\/p>\n<p><strong>Elabora\u00e7\u00e3o de Relat\u00f3rio de Qualifica\u00e7\u00e3o e Defesa da Tese (14 cr\u00e9ditos)<\/strong><\/p>\n","protected":false},"excerpt":{"rendered":"<p>A matriz curricular do Doutorado em Educa\u00e7\u00e3o compreende um conjunto de disciplinas e atividades que totalizam 90 (noventa) cr\u00e9ditos, correspondendo [&hellip;]<\/p>\n","protected":false},"author":1,"featured_media":0,"parent":51,"menu_order":5,"comment_status":"closed","ping_status":"closed","template":"","meta":{"footnotes":""},"_links":{"self":[{"href":"https:\/\/www.unisantos.br\/pos\/wp-json\/wp\/v2\/pages\/66"}],"collection":[{"href":"https:\/\/www.unisantos.br\/pos\/wp-json\/wp\/v2\/pages"}],"about":[{"href":"https:\/\/www.unisantos.br\/pos\/wp-json\/wp\/v2\/types\/page"}],"author":[{"embeddable":true,"href":"https:\/\/www.unisantos.br\/pos\/wp-json\/wp\/v2\/users\/1"}],"replies":[{"embeddable":true,"href":"https:\/\/www.unisantos.br\/pos\/wp-json\/wp\/v2\/comments?post=66"}],"version-history":[{"count":10,"href":"https:\/\/www.unisantos.br\/pos\/wp-json\/wp\/v2\/pages\/66\/revisions"}],"predecessor-version":[{"id":6843,"href":"https:\/\/www.unisantos.br\/pos\/wp-json\/wp\/v2\/pages\/66\/revisions\/6843"}],"up":[{"embeddable":true,"href":"https:\/\/www.unisantos.br\/pos\/wp-json\/wp\/v2\/pages\/51"}],"wp:attachment":[{"href":"https:\/\/www.unisantos.br\/pos\/wp-json\/wp\/v2\/media?parent=66"}],"curies":[{"name":"wp","href":"https:\/\/api.w.org\/{rel}","templated":true}]}}