{"id":658,"date":"2018-10-16T14:35:15","date_gmt":"2018-10-16T17:35:15","guid":{"rendered":"https:\/\/www.unisantos.br\/pos\/?page_id=658"},"modified":"2023-08-14T14:11:17","modified_gmt":"2023-08-14T17:11:17","slug":"pintura-de-tecnicas-a-poetica-gestual","status":"publish","type":"page","link":"https:\/\/www.unisantos.br\/pos\/qualificacao\/pintura-de-tecnicas-a-poetica-gestual\/","title":{"rendered":"Pintura: De T\u00e9cnicas \u00e0 \u201cPo\u00e9tica Gestual\u201d"},"content":{"rendered":"<p><strong>OBJETIVOS<br \/>\n<\/strong>Capacitar o aluno a desenvolver o conhecimento e a express\u00e3o pl\u00e1stica por meio do estudo da pintura.<br \/>\nOrientar na busca de uma identidade pict\u00f3rica, atrav\u00e9s das formas e das t\u00e9cnicas.<br \/>\nDesenvolver a capacidade criativa e a sensibilidade visual.<\/p>\n<p><strong>P\u00daBLICO-ALVO<\/strong><br \/>\nAlunos de Arquitetura, atuais ou egressos, e a comunidade.<\/p>\n<p><strong>CONTE\u00daDO<\/strong><br \/>\nApresenta\u00e7\u00e3o do projeto, distribui\u00e7\u00e3o dos materiais, adapta\u00e7\u00e3o do local para trabalhar, conversa reflexiva sobre o significado da arte<br \/>\n<strong>Pintura em 4 Valores:<\/strong><br \/>\n&#8211; \u00eanfase ao ritmo tonal<br \/>\n&#8211; contrastes acentuados entre as configura\u00e7\u00f5es<br \/>\n&#8211; trabalhar onde o ritmo for mais acentuado<br \/>\n&#8211; as pinceladas dever\u00e3o expressar o entendimento da dire\u00e7\u00e3o dos planos no espa\u00e7o<br \/>\n<strong>Conhecimento dos Materiais: Massa \u2013 meia massa \u2013 esbatido <\/strong><br \/>\n&#8211; contrastes acentuados<br \/>\n&#8211; as pinceladas dever\u00e3o expressar o entendimento da dire\u00e7\u00e3o dos planos no espa\u00e7o<br \/>\n&#8211; respeitar a natureza dos materiais e do suporte que se esta trabalhando<br \/>\n<strong>Ritmo:<\/strong><br \/>\n&#8211; plano de quadro (frontal) sem plano de apoio<br \/>\n&#8211; rela\u00e7\u00f5es de tens\u00e3o interna e externa: dire\u00e7\u00e3o, peso, intervalo e tamanho<br \/>\n&#8211; tema para milho ou Z\u00edper<br \/>\n&#8211; rela\u00e7\u00f5es de tens\u00e3o interna e externa<br \/>\n&#8211; rela\u00e7\u00e3o de repeti\u00e7\u00f5es mais ou menos esperada<br \/>\n&#8211; usar pe\u00e7as que tenham encaixe<br \/>\n<strong>Cor:<\/strong><br \/>\n&#8211; pintura com \u00eanfase \u00e0 configura\u00e7\u00e3o e a textura com aplica\u00e7\u00e3o da mat\u00e9ria pict\u00f3rica segundo: massa, meia massa e esbatido e a rela\u00e7\u00e3o com a luz, meio tom e sombra<br \/>\n&#8211; usar a escala cont\u00ednua<br \/>\n&#8211; pintura com \u00eanfase aos cinzas crom\u00e1ticos<br \/>\n&#8211; partindo das complementares<br \/>\n&#8211; linhas e pontos com tens\u00e3o<br \/>\n<strong>Linha: <\/strong><br \/>\n&#8211; \u00eanfase \u00e0 estrutura linear oculta (rela\u00e7\u00e3o r\u00edtmica) espa\u00e7o positivo\/negativo<br \/>\n&#8211; \u00eanfase \u00e0s configura\u00e7\u00f5es planas (rela\u00e7\u00e3o de deforma\u00e7\u00e3o espacial)<br \/>\n&#8211; redu\u00e7\u00e3o dos valores<br \/>\n<strong>Textura:<\/strong><br \/>\n&#8211; representa\u00e7\u00e3o ou material pict\u00f3rico<br \/>\n&#8211; padr\u00e3o ou m\u00f3dulo<br \/>\n&#8211; usar chaves<br \/>\n<strong>Livre:<\/strong><br \/>\n&#8211; escolher um tema abordado nas propostas anteriores<br \/>\n-desenvolver um trabalho pesquisando uma das propostas<br \/>\n&#8211; material e suporte a sua escolha<br \/>\n<strong>Encerramento e exposi\u00e7\u00e3o dos trabalhos<\/strong><\/p>\n<p><strong>OUTRAS INFORMA\u00c7\u00d5ES<\/strong><br \/>\nDepartamento de Atendimento Integrado<br \/>\nTelefone: (13) 3205-5555<br \/>\nE-mail: dat@unisantos.br<\/p>\n","protected":false},"excerpt":{"rendered":"<p>OBJETIVOS Capacitar o aluno a desenvolver o conhecimento e a express\u00e3o pl\u00e1stica por meio do estudo da pintura. Orientar na [&hellip;]<\/p>\n","protected":false},"author":1,"featured_media":676,"parent":399,"menu_order":0,"comment_status":"closed","ping_status":"closed","template":"","meta":{"footnotes":""},"_links":{"self":[{"href":"https:\/\/www.unisantos.br\/pos\/wp-json\/wp\/v2\/pages\/658"}],"collection":[{"href":"https:\/\/www.unisantos.br\/pos\/wp-json\/wp\/v2\/pages"}],"about":[{"href":"https:\/\/www.unisantos.br\/pos\/wp-json\/wp\/v2\/types\/page"}],"author":[{"embeddable":true,"href":"https:\/\/www.unisantos.br\/pos\/wp-json\/wp\/v2\/users\/1"}],"replies":[{"embeddable":true,"href":"https:\/\/www.unisantos.br\/pos\/wp-json\/wp\/v2\/comments?post=658"}],"version-history":[{"count":3,"href":"https:\/\/www.unisantos.br\/pos\/wp-json\/wp\/v2\/pages\/658\/revisions"}],"predecessor-version":[{"id":4646,"href":"https:\/\/www.unisantos.br\/pos\/wp-json\/wp\/v2\/pages\/658\/revisions\/4646"}],"up":[{"embeddable":true,"href":"https:\/\/www.unisantos.br\/pos\/wp-json\/wp\/v2\/pages\/399"}],"wp:featuredmedia":[{"embeddable":true,"href":"https:\/\/www.unisantos.br\/pos\/wp-json\/wp\/v2\/media\/676"}],"wp:attachment":[{"href":"https:\/\/www.unisantos.br\/pos\/wp-json\/wp\/v2\/media?parent=658"}],"curies":[{"name":"wp","href":"https:\/\/api.w.org\/{rel}","templated":true}]}}