{"id":656,"date":"2018-10-16T14:33:20","date_gmt":"2018-10-16T17:33:20","guid":{"rendered":"https:\/\/www.unisantos.br\/pos\/?page_id=656"},"modified":"2021-09-28T18:33:45","modified_gmt":"2021-09-28T21:33:45","slug":"photoshop-edicao-de-foto-imagem-e-design-grafico","status":"publish","type":"page","link":"https:\/\/www.unisantos.br\/pos\/qualificacao\/photoshop-edicao-de-foto-imagem-e-design-grafico\/","title":{"rendered":"Photoshop Edi\u00e7\u00e3o de Foto-Imagem e Design Gr\u00e1fico"},"content":{"rendered":"<p><strong>CARGA HOR\u00c1RIA<\/strong><br \/>\n18 h\/a<\/p>\n<p><strong>OBJETIVO<\/strong><br \/>\nAtrav\u00e9s do software Photoshop, dar ao usu\u00e1rio instrumentos para trabalhar\/editar fotografia e imagem para diferentes usos. bem como introduzir nas t\u00e9cnicas do design gr\u00e1fico, possibilitando assim, um trabalho completo desde a edi\u00e7\u00e3o de fotografias e layout gr\u00e1fico at\u00e9 a arte final de um produto de design gr\u00e1fico, seja p\u00f4ster, cartaz, folheto, folder, cat\u00e1logo e\/ou qualquer outro material impresso.<\/p>\n<p><strong>P\u00daBLICO-ALVO<\/strong><br \/>\nEstudantes e profissionais de Arquitetura, Design, Jornalismo, Marketing e Fotografia,al\u00e9m de interessados em todas as \u00e1reas que utilizam a fotografia e imagem como estudo ou trabalho gr\u00e1fico. N\u00e3o \u00e9 necess\u00e1ria experi\u00eancia ou conhecimento em fotografia ou design gr\u00e1fico.<\/p>\n<p><strong>CONTE\u00daDO<\/strong><br \/>\nIntrodu\u00e7\u00e3o ao curso, explica\u00e7\u00e3o dos diversos usos do software, primeiros passos no software: conhecendo barra de ferramentas e as fun\u00e7\u00f5es variadas da tela, convers\u00e3o de imagens digitais (converter planos de fundo e camadas, organiza\u00e7\u00e3o das camadas, converter imagem em cores), edi\u00e7\u00e3o da foto digital (brilho, contraste, tamanho, cor, defini\u00e7\u00e3o \u2013 qualidade)<br \/>\nDefini\u00e7\u00e3o e compreens\u00e3o de ferramentas e exerc\u00edcios<br \/>\nIntrodu\u00e7\u00e3o ao design gr\u00e1fico com conceitos e exerc\u00edcios pr\u00e1ticos<br \/>\nProdu\u00e7\u00e3o de um trabalho final desde seu layout at\u00e9 arte final e impress\u00e3o<\/p>\n<p><strong>OBSERVA\u00c7\u00d5ES<\/strong><br \/>\nA Universidade se reserva o direito de alterar o cronograma e o corpo docente.<br \/>\nDocumenta\u00e7\u00e3o necess\u00e1ria: c\u00f3pias do RG, CPF, certid\u00e3o de nascimento ou casamento.<br \/>\nA inscri\u00e7\u00e3o presencial s\u00f3 poder\u00e1 ser efetuada pelo interessado no curso, ou por pessoa munida de procura\u00e7\u00e3o autenticada em cart\u00f3rio.<br \/>\nA efetiva\u00e7\u00e3o da matr\u00edcula est\u00e1 condicionada ao pagamento do boleto da 1\u00aa. parcela e entrega da documenta\u00e7\u00e3o exigida.<\/p>\n<p><strong>OUTRAS INFORMA\u00c7\u00d5ES<\/strong><br \/>\nDepartamento de Atendimento Integrada<br \/>\nTelefones: (13) 3205-5555 ramal 1354<br \/>\nE-mail: dat@unisantos.br<\/p>\n","protected":false},"excerpt":{"rendered":"<p>CARGA HOR\u00c1RIA 18 h\/a OBJETIVO Atrav\u00e9s do software Photoshop, dar ao usu\u00e1rio instrumentos para trabalhar\/editar fotografia e imagem para diferentes [&hellip;]<\/p>\n","protected":false},"author":1,"featured_media":678,"parent":399,"menu_order":0,"comment_status":"closed","ping_status":"closed","template":"","meta":{"footnotes":""},"_links":{"self":[{"href":"https:\/\/www.unisantos.br\/pos\/wp-json\/wp\/v2\/pages\/656"}],"collection":[{"href":"https:\/\/www.unisantos.br\/pos\/wp-json\/wp\/v2\/pages"}],"about":[{"href":"https:\/\/www.unisantos.br\/pos\/wp-json\/wp\/v2\/types\/page"}],"author":[{"embeddable":true,"href":"https:\/\/www.unisantos.br\/pos\/wp-json\/wp\/v2\/users\/1"}],"replies":[{"embeddable":true,"href":"https:\/\/www.unisantos.br\/pos\/wp-json\/wp\/v2\/comments?post=656"}],"version-history":[{"count":2,"href":"https:\/\/www.unisantos.br\/pos\/wp-json\/wp\/v2\/pages\/656\/revisions"}],"predecessor-version":[{"id":4009,"href":"https:\/\/www.unisantos.br\/pos\/wp-json\/wp\/v2\/pages\/656\/revisions\/4009"}],"up":[{"embeddable":true,"href":"https:\/\/www.unisantos.br\/pos\/wp-json\/wp\/v2\/pages\/399"}],"wp:featuredmedia":[{"embeddable":true,"href":"https:\/\/www.unisantos.br\/pos\/wp-json\/wp\/v2\/media\/678"}],"wp:attachment":[{"href":"https:\/\/www.unisantos.br\/pos\/wp-json\/wp\/v2\/media?parent=656"}],"curies":[{"name":"wp","href":"https:\/\/api.w.org\/{rel}","templated":true}]}}