{"id":6522,"date":"2024-12-19T07:04:21","date_gmt":"2024-12-19T10:04:21","guid":{"rendered":"https:\/\/www.unisantos.br\/pos\/?page_id=6522"},"modified":"2025-08-15T17:21:38","modified_gmt":"2025-08-15T20:21:38","slug":"habilidades-comunicativas-e-pensamento-critico-em-lingua-inglesa","status":"publish","type":"page","link":"https:\/\/www.unisantos.br\/pos\/centro-de-linguas\/habilidades-comunicativas-e-pensamento-critico-em-lingua-inglesa\/","title":{"rendered":"Habilidades Comunicativas e Pensamento Cr\u00edtico em L\u00edngua Inglesa"},"content":{"rendered":"\r\n<p><strong>PROFESSOR RESPONS\u00c1VEL<\/strong><br \/>Andrew Charles Fox<\/p>\r\n\r\n\r\n\r\n<p><strong>CARGA HOR\u00c1RIA<\/strong><br \/>30 h\/a<\/p>\r\n\r\n\r\n\r\n<p><strong>LOCAL<\/strong><br \/>Campus Dom Id\u00edlio Jos\u00e9 Soares<\/p>\r\n\r\n\r\n\r\n<p><strong>OBJETIVO<\/strong><br \/>O objetivo deste curso \u00e9 preparar os alunos para fazerem discursos em l\u00edngua inglesa, por meio de aulas te\u00f3ricas e pr\u00e1ticas. O aluno aprender\u00e1 a executar com sucesso as etapas do processo de produ\u00e7\u00e3o de discurso, incluindo: selecionar um t\u00f3pico, conduzir pesquisas, organizar um discurso, reduzir a ansiedade da produ\u00e7\u00e3o de discursos e apresenta\u00e7\u00e3o de discursos. Os alunos tamb\u00e9m trabalhar\u00e3o para desenvolver, habilidades eficazes de escuta cr\u00edtica e pensamento cr\u00edtico.<\/p>\r\n\r\n\r\n\r\n<p><strong>P\u00daBLICO-ALVO<\/strong><br \/>Alunos de gradua\u00e7\u00e3o e p\u00f3s-gradua\u00e7\u00e3o e professores de institui\u00e7\u00f5es de ensino superior.<\/p>\r\n\r\n\r\n\r\n<p><strong>CONTE\u00daDO<\/strong><br \/>Introductory class and self intro speeches<br \/>Fundamentals of Public Speaking<br \/>How to prepare a speech<br \/>Informative presentations orientation \u2013 style, language and structure<br \/>Informative presentations \u2013 practice class<br \/>Debate speech orientation \u2013 style, language and structure<br \/>Debate speech \u2013 practice class<br \/>Persuasive speech orientation \u2013 style, language and structure<br \/>Persuasive speech \u2013 practice class<br \/>Business \/ Academic presentation \u2013 style, language and structure<br \/>Business \/ Academic presentation \u2013 practice class<br \/>Final speech presentations<br \/>Final speech presentations<br \/>Assessment<\/p>\r\n\r\n\r\n\r\n<p><strong>OBSERVA\u00c7\u00d5ES<\/strong><br \/>A Universidade se reserva o direito de alterar o cronograma e o corpo docente.<br \/>Documenta\u00e7\u00e3o necess\u00e1ria para quem n\u00e3o \u00e9 aluno da Cat\u00f3lica de Santos: c\u00f3pias do RG, CPF, certid\u00e3o de nascimento ou casamento.<br \/>A inscri\u00e7\u00e3o presencial s\u00f3 poder\u00e1 ser efetuada pelo interessado no curso, ou por pessoa munida de procura\u00e7\u00e3o autenticada em cart\u00f3rio.<br \/>A efetiva\u00e7\u00e3o da matr\u00edcula est\u00e1 condicionada ao pagamento do boleto da 1\u00aa. parcela e entrega da documenta\u00e7\u00e3o exigida.<\/p>\r\n\r\n\r\n\r\n<p><strong>OUTRAS INFORMA\u00c7\u00d5ES<\/strong><br \/>Departamento de Atendimento Integrado<br \/>Telefone: (13) 3205-5555<br \/>E-mail: dat@unisantos.br<\/p>\r\n","protected":false},"excerpt":{"rendered":"<p>PROFESSOR RESPONS\u00c1VELAndrew Charles Fox CARGA HOR\u00c1RIA30 h\/a LOCALCampus Dom Id\u00edlio Jos\u00e9 Soares OBJETIVOO objetivo deste curso \u00e9 preparar os alunos [&hellip;]<\/p>\n","protected":false},"author":1,"featured_media":0,"parent":397,"menu_order":0,"comment_status":"closed","ping_status":"closed","template":"","meta":{"footnotes":""},"_links":{"self":[{"href":"https:\/\/www.unisantos.br\/pos\/wp-json\/wp\/v2\/pages\/6522"}],"collection":[{"href":"https:\/\/www.unisantos.br\/pos\/wp-json\/wp\/v2\/pages"}],"about":[{"href":"https:\/\/www.unisantos.br\/pos\/wp-json\/wp\/v2\/types\/page"}],"author":[{"embeddable":true,"href":"https:\/\/www.unisantos.br\/pos\/wp-json\/wp\/v2\/users\/1"}],"replies":[{"embeddable":true,"href":"https:\/\/www.unisantos.br\/pos\/wp-json\/wp\/v2\/comments?post=6522"}],"version-history":[{"count":6,"href":"https:\/\/www.unisantos.br\/pos\/wp-json\/wp\/v2\/pages\/6522\/revisions"}],"predecessor-version":[{"id":6973,"href":"https:\/\/www.unisantos.br\/pos\/wp-json\/wp\/v2\/pages\/6522\/revisions\/6973"}],"up":[{"embeddable":true,"href":"https:\/\/www.unisantos.br\/pos\/wp-json\/wp\/v2\/pages\/397"}],"wp:attachment":[{"href":"https:\/\/www.unisantos.br\/pos\/wp-json\/wp\/v2\/media?parent=6522"}],"curies":[{"name":"wp","href":"https:\/\/api.w.org\/{rel}","templated":true}]}}