{"id":6512,"date":"2024-12-13T19:00:49","date_gmt":"2024-12-13T22:00:49","guid":{"rendered":"https:\/\/www.unisantos.br\/pos\/?page_id=6512"},"modified":"2025-08-15T17:24:54","modified_gmt":"2025-08-15T20:24:54","slug":"mandarim-para-negocios","status":"publish","type":"page","link":"https:\/\/www.unisantos.br\/pos\/centro-de-linguas\/mandarim-para-negocios\/","title":{"rendered":"Mandarim para Neg\u00f3cios"},"content":{"rendered":"<p><strong>PROFESSOR RESPONS\u00c1VEL<br \/>\n<\/strong>Artur Rodrigues Serafim<\/p>\n<p><strong>CARGA HOR\u00c1RIA<br \/>\n<\/strong>30\u00a0 h\/a<\/p>\n<p><strong>LOCAL<br \/>\n<\/strong>Campus Dom Id\u00edlio Jos\u00e9 Soares<\/p>\n<p><strong>OBJETIVO<br \/>\n<\/strong>Capacitar os participantes para se comunicar em mandarim no contexto empresarial, abordando vocabul\u00e1rio t\u00e9cnico, express\u00f5es formais e pr\u00e1ticas de negocia\u00e7\u00e3o culturalmente adequadas.<\/p>\n<p><strong>P\u00daBLICO-ALVO<br \/>\n<\/strong>Profissionais de neg\u00f3cios, estudantes de com\u00e9rcio exterior, rela\u00e7\u00f5es internacionais e \u00e1reas afins que desejam aprimorar suas habilidades de comunica\u00e7\u00e3o em mandarim. Sem pr\u00e9-requisitos para o curso.<\/p>\n<p><strong>\u00a0<\/strong><strong>CONTE\u00daDO<br \/>\n<\/strong>Introdu\u00e7\u00e3o ao mandarim e mandarim aos neg\u00f3cios<br \/>\nPinyin \u2013 Sistema fon\u00e9tico do mandarim<br \/>\nVogais e Tons<br \/>\nPinyin \u2013 Sistema fon\u00e9tico do mandarim Consoantes<br \/>\nM\u00f3dulo 01:<br \/>\nSauda\u00e7\u00e3o formal em chin\u00eas<br \/>\nSer capaz de trocar um cart\u00e3o de visita<br \/>\nEntender como a etiqueta chinesa funciona nos neg\u00f3cios<br \/>\nM\u00f3dulo 01:<br \/>\nSauda\u00e7\u00e3o formal em chin\u00eas<br \/>\nSer capaz de trocar um cart\u00e3o de visita<br \/>\nEntender como a etiqueta chinesa funciona nos neg\u00f3cios<br \/>\nM\u00f3dulo 02:<br \/>\nSauda\u00e7\u00e3o formal em chin\u00eas 2<br \/>\nSer capaz de entender como Mianzi e Guanxi funcionam na cultura chinesa<br \/>\nM\u00f3dulo 02:<br \/>\nSauda\u00e7\u00e3o formal em chin\u00eas 2<br \/>\nM\u00f3dulo 3:<br \/>\nIntrodu\u00e7\u00e3o aos ideogramas 2<br \/>\nM\u00f3dulo 4:<br \/>\nComo se apresentar e apresentar aos outros.<br \/>\nTabus e supersti\u00e7\u00f5es na cultura chinesa<br \/>\nM\u00f3dulo 4:<br \/>\nComo se apresentar e apresentar aos outros.<br \/>\nTabus e supersti\u00e7\u00f5es na cultura chinesa<br \/>\nAvalia\u00e7\u00e3o<br \/>\nM\u00f3dulo 5:<br \/>\nComo se apresentar e apresentar aos outros 2.<br \/>\nLocaliza\u00e7\u00e3o e posi\u00e7\u00e3o<br \/>\nHashi (palitinhos) na Cultura Chinesa.<br \/>\nM\u00f3dulo 5:<br \/>\nComo se apresentar e apresentar aos outros 2.<br \/>\nLocaliza\u00e7\u00e3o e posi\u00e7\u00e3o<br \/>\nHashi (palitinhos) na Cultura Chinesa.<br \/>\nAvalia\u00e7\u00e3o Final<br \/>\nIntrodu\u00e7\u00e3o ao mandarim e mandarim aos neg\u00f3cios<br \/>\nPinyin \u2013 Sistema fon\u00e9tico do mandarim<br \/>\nVogais e Tons<br \/>\nPinyin \u2013 Sistema fon\u00e9tico do mandarim<br \/>\nConsoantes<br \/>\nM\u00f3dulo 01:<br \/>\nSauda\u00e7\u00e3o formal em chin\u00eas<br \/>\nSer capaz de trocar um cart\u00e3o de visita<br \/>\nEntender como a etiqueta chinesa funciona nos neg\u00f3cios<br \/>\nM\u00f3dulo 01:<br \/>\nSauda\u00e7\u00e3o formal em chin\u00eas<br \/>\nSer capaz de trocar um cart\u00e3o de visita<br \/>\nEntender como a etiqueta chinesa funciona nos neg\u00f3cios<br \/>\nM\u00f3dulo 02:<br \/>\nSauda\u00e7\u00e3o formal em chin\u00eas 2<br \/>\nSer capaz de entender como Mianzi e Guanxi funcionam na cultura chinesa<br \/>\nM\u00f3dulo 02:<br \/>\nSauda\u00e7\u00e3o formal em chin\u00eas 2<br \/>\nSer capaz de entender como Mianzi e Guanxi funcionam na cultura chinesa<br \/>\nM\u00f3dulo 3:<br \/>\nIntrodu\u00e7\u00e3o aos ideogramas 2<br \/>\nM\u00f3dulo 4:<br \/>\nComo se apresentar e apresentar aos outros.<br \/>\nTabus e supersti\u00e7\u00f5es na cultura chinesa<br \/>\nM\u00f3dulo 4:<br \/>\nComo se apresentar e apresentar aos outros.<br \/>\nTabus e supersti\u00e7\u00f5es na cultura chinesa<br \/>\nAvalia\u00e7\u00e3o<br \/>\nM\u00f3dulo 5:<br \/>\nComo se apresentar e apresentar aos outros 2.<br \/>\nLocaliza\u00e7\u00e3o e posi\u00e7\u00e3o<br \/>\nHashi (palitinhos) na Cultura Chinesa.<br \/>\nM\u00f3dulo 5:<br \/>\nComo se apresentar e apresentar aos outros 2.<br \/>\nLocaliza\u00e7\u00e3o e posi\u00e7\u00e3o<br \/>\nHashi (palitinhos) na Cultura Chinesa.<br \/>\nAvalia\u00e7\u00e3o Final<\/p>\n<p><strong>OBSERVA\u00c7\u00d5ES<br \/>\n<\/strong>A Universidade se reserva o direito de alterar o cronograma e o corpo docente.<br \/>\nDocumenta\u00e7\u00e3o necess\u00e1ria para quem n\u00e3o \u00e9 aluno da Cat\u00f3lica de Santos: c\u00f3pias do RG, CPF, certid\u00e3o de nascimento ou casamento.<br \/>\nA inscri\u00e7\u00e3o presencial s\u00f3 poder\u00e1 ser efetuada pelo interessado no curso, ou por pessoa munida de procura\u00e7\u00e3o autenticada em cart\u00f3rio.<br \/>\nA efetiva\u00e7\u00e3o da matr\u00edcula est\u00e1 condicionada ao pagamento do boleto da 1\u00aa. parcela e entrega da documenta\u00e7\u00e3o exigida.<\/p>\n<p><strong>OUTRAS INFORMA\u00c7\u00d5ES<br \/>\n<\/strong>Departamento de Atendimento Integrado<br \/>\nTelefones: (13) 3205-5555<br \/>\nE-mail: dat@unisantos.br<\/p>\n","protected":false},"excerpt":{"rendered":"<p>PROFESSOR RESPONS\u00c1VEL Artur Rodrigues Serafim CARGA HOR\u00c1RIA 30\u00a0 h\/a LOCAL Campus Dom Id\u00edlio Jos\u00e9 Soares OBJETIVO Capacitar os participantes para [&hellip;]<\/p>\n","protected":false},"author":1,"featured_media":0,"parent":397,"menu_order":0,"comment_status":"closed","ping_status":"closed","template":"","meta":{"footnotes":""},"_links":{"self":[{"href":"https:\/\/www.unisantos.br\/pos\/wp-json\/wp\/v2\/pages\/6512"}],"collection":[{"href":"https:\/\/www.unisantos.br\/pos\/wp-json\/wp\/v2\/pages"}],"about":[{"href":"https:\/\/www.unisantos.br\/pos\/wp-json\/wp\/v2\/types\/page"}],"author":[{"embeddable":true,"href":"https:\/\/www.unisantos.br\/pos\/wp-json\/wp\/v2\/users\/1"}],"replies":[{"embeddable":true,"href":"https:\/\/www.unisantos.br\/pos\/wp-json\/wp\/v2\/comments?post=6512"}],"version-history":[{"count":7,"href":"https:\/\/www.unisantos.br\/pos\/wp-json\/wp\/v2\/pages\/6512\/revisions"}],"predecessor-version":[{"id":6977,"href":"https:\/\/www.unisantos.br\/pos\/wp-json\/wp\/v2\/pages\/6512\/revisions\/6977"}],"up":[{"embeddable":true,"href":"https:\/\/www.unisantos.br\/pos\/wp-json\/wp\/v2\/pages\/397"}],"wp:attachment":[{"href":"https:\/\/www.unisantos.br\/pos\/wp-json\/wp\/v2\/media?parent=6512"}],"curies":[{"name":"wp","href":"https:\/\/api.w.org\/{rel}","templated":true}]}}