{"id":650,"date":"2018-10-16T14:32:11","date_gmt":"2018-10-16T17:32:11","guid":{"rendered":"https:\/\/www.unisantos.br\/pos\/?page_id=650"},"modified":"2023-01-03T11:57:19","modified_gmt":"2023-01-03T14:57:19","slug":"oficina-voz-fala-voltada-a-locucao","status":"publish","type":"page","link":"https:\/\/www.unisantos.br\/pos\/qualificacao\/oficina-voz-fala-voltada-a-locucao\/","title":{"rendered":"Oficina Voz\/Fala Voltada \u00e0 Locu\u00e7\u00e3o"},"content":{"rendered":"<p><strong>CARGA HOR\u00c1RIA<\/strong><br \/>\n12 h\/a<\/p>\n<p><strong>LOCAL<br \/>\n<\/strong>Campus Dom Id\u00edlio Jos\u00e9 Soares<\/p>\n<p><strong>OBJETIVO<br \/>\n<\/strong>A oficina objetiva o desenvolvimento da comunica\u00e7\u00e3o eficaz do participante, aprimorando a qualidade do uso de sua voz\/fala em diferentes estilos de apresenta\u00e7\u00e3o vocal\/locu\u00e7\u00e3o, a partir de diversas t\u00e9cnicas vocais e corporais. Destina-se ao profissional que usa a voz em seu cotidiano, seja ele um comunicador ou n\u00e3o (tradutor int\u00e9rprete, jornalista, advogado e publicit\u00e1rio, entre outros). O foco da oficina \u00e9 a melhoria da respira\u00e7\u00e3o, dic\u00e7\u00e3o, articula\u00e7\u00e3o, leitura e interpreta\u00e7\u00e3o de textos em diferentes contextos (r\u00e1dio, telejornalismo, conto e publicit\u00e1rio).<\/p>\n<p><strong>P\u00daBLICO-ALVO<br \/>\n<\/strong>Estudantes de Comunica\u00e7\u00e3o Social, Direito, Tradu\u00e7\u00e3o e Interpreta\u00e7\u00e3o e cursos afins<\/p>\n<p><strong>CONTE\u00daDO<br \/>\n<\/strong>Apresenta\u00e7\u00e3o do curso e da turma<br \/>\nPerfil do comunicador<br \/>\nLeitura em voz alta: da linearidade \u00e0 interpreta\u00e7\u00e3o<br \/>\nV\u00edcios de oralidade<br \/>\nExerc\u00edcios para melhorar a entona\u00e7\u00e3o e a \u00eanfase da fala e voz<br \/>\nPr\u00e1tica: leitura de textos gravados em est\u00fadio: inten\u00e7\u00e3o<br \/>\nAvalia\u00e7\u00e3o de desempenho<br \/>\nOs cuidados com a voz<br \/>\nExerc\u00edcios de respira\u00e7\u00e3o e aquecimento vocal<br \/>\nA certeza do que se fala e como se fala<br \/>\nPrepara\u00e7\u00e3o e interpreta\u00e7\u00e3o de textos para r\u00e1dio, publicit\u00e1rios e textos narrativos<br \/>\nPr\u00e1tica: leitura\/locu\u00e7\u00e3o de textos em est\u00fadio<br \/>\nAvalia\u00e7\u00e3o de desempenho<br \/>\nTelejornalismo: postura e seguran\u00e7a<br \/>\nA apresenta\u00e7\u00e3o diante da c\u00e2mera<br \/>\nInterpreta\u00e7\u00e3o de textos para a TV: credibilidade<br \/>\nO que fazer com as m\u00e3os?<br \/>\nAulas pr\u00e1ticas com grava\u00e7\u00f5es em est\u00fadio<br \/>\nAvalia\u00e7\u00e3o final de desempenho<\/p>\n<p><strong>OBSERVA\u00c7\u00d5ES<\/strong><br \/>\n\u2022 A Universidade se reserva o direito de alterar o cronograma e o corpo docente.<br \/>\n\u2022 Documenta\u00e7\u00e3o necess\u00e1ria: c\u00f3pias do RG, CPF.<br \/>\n\u2022 A inscri\u00e7\u00e3o presencial s\u00f3 poder\u00e1 ser efetuada pelo interessado no curso, ou por pessoa munida de procura\u00e7\u00e3o autenticada em cart\u00f3rio.<br \/>\n\u2022 A efetiva\u00e7\u00e3o da matr\u00edcula est\u00e1 condicionada ao pagamento do boleto da 1\u00aa. parcela e entrega da documenta\u00e7\u00e3o exigida.<\/p>\n<p><strong>OUTRAS INFORMA\u00c7\u00d5ES<\/strong><br \/>\nDepartamento de Atendimento Integrado<br \/>\nTelefone: 3205-5555<br \/>\nE-mail: dat@unisantos.br<\/p>\n","protected":false},"excerpt":{"rendered":"<p>CARGA HOR\u00c1RIA 12 h\/a LOCAL Campus Dom Id\u00edlio Jos\u00e9 Soares OBJETIVO A oficina objetiva o desenvolvimento da comunica\u00e7\u00e3o eficaz do [&hellip;]<\/p>\n","protected":false},"author":1,"featured_media":670,"parent":399,"menu_order":0,"comment_status":"closed","ping_status":"closed","template":"","meta":{"footnotes":""},"_links":{"self":[{"href":"https:\/\/www.unisantos.br\/pos\/wp-json\/wp\/v2\/pages\/650"}],"collection":[{"href":"https:\/\/www.unisantos.br\/pos\/wp-json\/wp\/v2\/pages"}],"about":[{"href":"https:\/\/www.unisantos.br\/pos\/wp-json\/wp\/v2\/types\/page"}],"author":[{"embeddable":true,"href":"https:\/\/www.unisantos.br\/pos\/wp-json\/wp\/v2\/users\/1"}],"replies":[{"embeddable":true,"href":"https:\/\/www.unisantos.br\/pos\/wp-json\/wp\/v2\/comments?post=650"}],"version-history":[{"count":4,"href":"https:\/\/www.unisantos.br\/pos\/wp-json\/wp\/v2\/pages\/650\/revisions"}],"predecessor-version":[{"id":4669,"href":"https:\/\/www.unisantos.br\/pos\/wp-json\/wp\/v2\/pages\/650\/revisions\/4669"}],"up":[{"embeddable":true,"href":"https:\/\/www.unisantos.br\/pos\/wp-json\/wp\/v2\/pages\/399"}],"wp:featuredmedia":[{"embeddable":true,"href":"https:\/\/www.unisantos.br\/pos\/wp-json\/wp\/v2\/media\/670"}],"wp:attachment":[{"href":"https:\/\/www.unisantos.br\/pos\/wp-json\/wp\/v2\/media?parent=650"}],"curies":[{"name":"wp","href":"https:\/\/api.w.org\/{rel}","templated":true}]}}