{"id":6494,"date":"2024-12-13T18:30:47","date_gmt":"2024-12-13T21:30:47","guid":{"rendered":"https:\/\/www.unisantos.br\/pos\/?page_id=6494"},"modified":"2026-03-24T17:18:33","modified_gmt":"2026-03-24T20:18:33","slug":"ingles-basico-i","status":"publish","type":"page","link":"https:\/\/www.unisantos.br\/pos\/centro-de-linguas\/ingles-basico-i\/","title":{"rendered":"Ingl\u00eas B\u00e1sico I"},"content":{"rendered":"\r\n<p><strong><img loading=\"lazy\" decoding=\"async\" class=\"size-full wp-image-2969 alignright\" src=\"https:\/\/www.unisantos.br\/pos\/wp-content\/uploads\/sites\/5\/2020\/08\/selo-curso-confirmado.png\" alt=\"\" width=\"106\" height=\"106\" \/>PROFESSOR RESPONS\u00c1VEL<br \/><\/strong>Prof. Me. Nivaldo Fernandes Silva<\/p>\r\n\r\n\r\n\r\n<p><strong>CARGA HOR\u00c1RIA<br \/><\/strong>30 h\/a<\/p>\r\n<p><strong>DIA<\/strong><br \/>Ter\u00e7a-feira<\/p>\r\n<p><strong>IN\u00cdCIO<\/strong><br \/>24\/03\/2026<\/p>\r\n<p><strong>T\u00c9RMINO<\/strong><br \/>23\/06\/2026<\/p>\r\n<p><strong>HOR\u00c1RIO<\/strong><br \/>Das 16h30 \u00e0s 18h30<\/p>\r\n<p><strong>LOCAL<\/strong><br \/>Sala 134<\/p>\r\n<p><strong>INVESTIMENTO<\/strong><br \/>4 parcelas de R$ 170,00 para alunos e ex-alunos formados na UNISANTOS<br \/>4 parcelas de R$ 200,00 para demais interessados<\/p>\r\n<p><strong>OBJETIVO<\/strong><br \/>1. Oferecer um curso de l\u00edngua inglesa n\u00edvel b\u00e1sico ao p\u00fablico interno e externo da Institui\u00e7\u00e3o, ampliando o conhecimento e proporcionando novas possibilidades no \u00e2mbito profissional, intelectual e cultural.<br \/>2. Propiciar ao estudante o dom\u00ednio em n\u00edvel b\u00e1sico das duas habilidades lingu\u00edsticas passivas ou de recep\u00e7\u00e3o (compreens\u00e3o oral e leitura) e das duas ativas ou de produ\u00e7\u00e3o (fala e escrita).<\/p>\r\n<p><strong>P\u00daBLICO-ALVO<\/strong><br \/>Estudantes de gradua\u00e7\u00e3o e p\u00f3s-gradua\u00e7\u00e3o de institui\u00e7\u00f5es de ensino superior.<\/p>\r\n<p><strong>CONTE\u00daDO<\/strong><br \/>Class 1:<br \/>Articles<br \/>Verb to be present<br \/>Possessive adjectives<br \/>Class 2:<br \/>Plural nouns<br \/>Demonstrative nouns<br \/>Question words<br \/>Class 3:<br \/>Prepositions of place<br \/>Can\/can\u2019t<br \/>Have\/has<br \/>Class 4:<br \/>Test 1<br \/>Class 5:<br \/>Adjectives<br \/>Very\/really<br \/>Live (verb)<br \/>Class 6<br \/>Objective pronouns<br \/>Present simple tense<br \/>Class 7:<br \/>Questions in the present<br \/>How often do you&#8230;<br \/>Adverbs of frequency<br \/>Class 8:<br \/>Test 2<br \/>Class 9:<br \/>There to be in the present tense: affirmative and negative<br \/>Class 10:<br \/>There to be in the present tense: questions<br \/>Class 11: <br \/>Imperative verbs<br \/>Class 12:<br \/>Present progressive: affirmative<br \/>Class 13:<br \/>Present progressive: negative and questions<br \/>Class 14:<br \/>Review class<br \/>Class 15:<br \/>Test 3<\/p>\r\n<p><strong>OBSERVA\u00c7\u00d5ES<\/strong><br \/>A Universidade se reserva o direito de alterar o cronograma e o corpo docente.<br \/>Documenta\u00e7\u00e3o necess\u00e1ria para quem n\u00e3o \u00e9 aluno da Cat\u00f3lica de Santos: c\u00f3pias do RG, CPF, certid\u00e3o de nascimento ou casamento.<br \/>A inscri\u00e7\u00e3o presencial s\u00f3 poder\u00e1 ser efetuada pelo interessado no curso, ou por pessoa munida de procura\u00e7\u00e3o autenticada em cart\u00f3rio.<br \/>A efetiva\u00e7\u00e3o da matr\u00edcula est\u00e1 condicionada ao pagamento do boleto da 1\u00aa. parcela e entrega da documenta\u00e7\u00e3o exigida.<\/p>\r\n<p><strong>OUTRAS INFORMA\u00c7\u00d5ES<\/strong><br \/>Departamento de Atendimento Integrado<br \/>Telefone: (13) 3205-5555<br \/>E-mail: dat@unisantos.br<\/p>\r\n<p>&nbsp;<\/p>\r\n","protected":false},"excerpt":{"rendered":"<p>PROFESSOR RESPONS\u00c1VELProf. Me. Nivaldo Fernandes Silva CARGA HOR\u00c1RIA30 h\/a DIATer\u00e7a-feira IN\u00cdCIO24\/03\/2026 T\u00c9RMINO23\/06\/2026 HOR\u00c1RIODas 16h30 \u00e0s 18h30 LOCALSala 134 INVESTIMENTO4 parcelas [&hellip;]<\/p>\n","protected":false},"author":1,"featured_media":0,"parent":397,"menu_order":0,"comment_status":"closed","ping_status":"closed","template":"","meta":{"footnotes":""},"_links":{"self":[{"href":"https:\/\/www.unisantos.br\/pos\/wp-json\/wp\/v2\/pages\/6494"}],"collection":[{"href":"https:\/\/www.unisantos.br\/pos\/wp-json\/wp\/v2\/pages"}],"about":[{"href":"https:\/\/www.unisantos.br\/pos\/wp-json\/wp\/v2\/types\/page"}],"author":[{"embeddable":true,"href":"https:\/\/www.unisantos.br\/pos\/wp-json\/wp\/v2\/users\/1"}],"replies":[{"embeddable":true,"href":"https:\/\/www.unisantos.br\/pos\/wp-json\/wp\/v2\/comments?post=6494"}],"version-history":[{"count":20,"href":"https:\/\/www.unisantos.br\/pos\/wp-json\/wp\/v2\/pages\/6494\/revisions"}],"predecessor-version":[{"id":7233,"href":"https:\/\/www.unisantos.br\/pos\/wp-json\/wp\/v2\/pages\/6494\/revisions\/7233"}],"up":[{"embeddable":true,"href":"https:\/\/www.unisantos.br\/pos\/wp-json\/wp\/v2\/pages\/397"}],"wp:attachment":[{"href":"https:\/\/www.unisantos.br\/pos\/wp-json\/wp\/v2\/media?parent=6494"}],"curies":[{"name":"wp","href":"https:\/\/api.w.org\/{rel}","templated":true}]}}