{"id":646,"date":"2018-10-16T14:31:29","date_gmt":"2018-10-16T17:31:29","guid":{"rendered":"https:\/\/www.unisantos.br\/pos\/?page_id=646"},"modified":"2023-08-14T14:11:09","modified_gmt":"2023-08-14T17:11:09","slug":"oficina-de-desenho-da-figura-humana-com-modelo-vivo","status":"publish","type":"page","link":"https:\/\/www.unisantos.br\/pos\/qualificacao\/oficina-de-desenho-da-figura-humana-com-modelo-vivo\/","title":{"rendered":"Oficina de Desenho da Figura Humana com Modelo Vivo"},"content":{"rendered":"<p><strong><span style=\"color: #ff0000\">Inscri\u00e7\u00f5es apenas para maiores de 18 anos<\/span><\/strong><\/p>\n<p><strong>PROFESSOR RESPONS\u00c1VEL<\/strong><br \/>\nProf\u00aa. Me. Christiane Costa Ferreira Macedo<\/p>\n<p><strong>CARGA HOR\u00c1RIA<\/strong><br \/>\n6 h\/a<\/p>\n<p><strong>LOCAL<\/strong><br \/>\nCampus Dom Id\u00edlio Jos\u00e9 Soares<\/p>\n<p><strong>OBJETIVO<\/strong><br \/>\nPraticar o desenho \u00e0 m\u00e3o livre da figura humana a partir da observa\u00e7\u00e3o de modelo vivo;<br \/>\nRealizar atividades pr\u00e1ticas com o uso de materiais diversos a fim de aprimorar o tra\u00e7o, a gestualidade e a amplitude dos movimentos necess\u00e1rios \u00e0 representa\u00e7\u00e3o da forma do corpo humano.<\/p>\n<p><strong>P\u00daBLICO-ALVO<\/strong><br \/>\nEstudantes e graduados de \u00e1reas diversas muitas vezes sentem a necessidade de desenvolver o desenho \u00e0 m\u00e3o livre como meio de express\u00e3o pessoal ou ferramenta importante de comunica\u00e7\u00e3o no exerc\u00edcio profissional.<\/p>\n<p><strong>CONTE\u00daDO<\/strong><br \/>\nA representa\u00e7\u00e3o da figura humana na hist\u00f3ria da arte;<br \/>\nMateriais utilizados no desenho de observa\u00e7\u00e3o da figura humana;<br \/>\nExperimenta\u00e7\u00f5es: os materiais e suas t\u00e9cnicas;<br \/>\nDesenhos de observa\u00e7\u00e3o do modelo vivo;<br \/>\nDiscuss\u00e3o e reflex\u00e3o sobre a produ\u00e7\u00e3o de todos os desenhos.<\/p>\n<p><strong>OBSERVA\u00c7\u00d5ES<\/strong><br \/>\nA Universidade se reserva o direito de alterar o cronograma e o corpo docente.<br \/>\nDocumenta\u00e7\u00e3o necess\u00e1ria para quem n\u00e3o \u00e9 aluno da Cat\u00f3lica de Santos:\u00a0c\u00f3pias do RG, CPF, certid\u00e3o de nascimento ou casamento.<br \/>\nA inscri\u00e7\u00e3o presencial s\u00f3 poder\u00e1 ser efetuada pelo interessado no curso, ou por pessoa munida de procura\u00e7\u00e3o autenticada em cart\u00f3rio.<br \/>\nA efetiva\u00e7\u00e3o da matr\u00edcula est\u00e1 condicionada ao pagamento do boleto da 1\u00aa. parcela e entrega da documenta\u00e7\u00e3o exigida.<\/p>\n<p><strong>OUTRAS INFORMA\u00c7\u00d5ES<\/strong><br \/>\nDepartamento de Atendimento Integrado<br \/>\nTelefone: (13) 3205-5555<br \/>\nE-mail: dat@unisantos.br<\/p>\n","protected":false},"excerpt":{"rendered":"<p>Inscri\u00e7\u00f5es apenas para maiores de 18 anos PROFESSOR RESPONS\u00c1VEL Prof\u00aa. Me. Christiane Costa Ferreira Macedo CARGA HOR\u00c1RIA 6 h\/a LOCAL [&hellip;]<\/p>\n","protected":false},"author":1,"featured_media":676,"parent":399,"menu_order":0,"comment_status":"closed","ping_status":"closed","template":"","meta":{"footnotes":""},"_links":{"self":[{"href":"https:\/\/www.unisantos.br\/pos\/wp-json\/wp\/v2\/pages\/646"}],"collection":[{"href":"https:\/\/www.unisantos.br\/pos\/wp-json\/wp\/v2\/pages"}],"about":[{"href":"https:\/\/www.unisantos.br\/pos\/wp-json\/wp\/v2\/types\/page"}],"author":[{"embeddable":true,"href":"https:\/\/www.unisantos.br\/pos\/wp-json\/wp\/v2\/users\/1"}],"replies":[{"embeddable":true,"href":"https:\/\/www.unisantos.br\/pos\/wp-json\/wp\/v2\/comments?post=646"}],"version-history":[{"count":4,"href":"https:\/\/www.unisantos.br\/pos\/wp-json\/wp\/v2\/pages\/646\/revisions"}],"predecessor-version":[{"id":5529,"href":"https:\/\/www.unisantos.br\/pos\/wp-json\/wp\/v2\/pages\/646\/revisions\/5529"}],"up":[{"embeddable":true,"href":"https:\/\/www.unisantos.br\/pos\/wp-json\/wp\/v2\/pages\/399"}],"wp:featuredmedia":[{"embeddable":true,"href":"https:\/\/www.unisantos.br\/pos\/wp-json\/wp\/v2\/media\/676"}],"wp:attachment":[{"href":"https:\/\/www.unisantos.br\/pos\/wp-json\/wp\/v2\/media?parent=646"}],"curies":[{"name":"wp","href":"https:\/\/api.w.org\/{rel}","templated":true}]}}