{"id":642,"date":"2018-10-16T14:30:34","date_gmt":"2018-10-16T17:30:34","guid":{"rendered":"https:\/\/www.unisantos.br\/pos\/?page_id=642"},"modified":"2021-09-28T18:32:21","modified_gmt":"2021-09-28T21:32:21","slug":"norma-regulamentadora-nr-20-seguranca-e-saude-no-trabalho-com-inflamavel","status":"publish","type":"page","link":"https:\/\/www.unisantos.br\/pos\/qualificacao\/norma-regulamentadora-nr-20-seguranca-e-saude-no-trabalho-com-inflamavel\/","title":{"rendered":"Norma Regulamentadora NR 20 &#8211; Seguran\u00e7a e Sa\u00fade no Trabalho com Inflam\u00e1vel"},"content":{"rendered":"<p><strong>CARGA HOR\u00c1RIA<\/strong><br \/>\n20 h\/a<\/p>\n<p><strong>OBJETIVO<\/strong><br \/>\nLaborar em instala\u00e7\u00f5es Classes I, II ou III;<br \/>\nExplorar o espa\u00e7o f\u00edsico ou o local de extra\u00e7\u00e3o, produ\u00e7\u00e3o, armazenamento, transfer\u00eancia, manuseio e manipula\u00e7\u00e3o de inflam\u00e1veis e l\u00edquidos combust\u00edveis.<\/p>\n<p><strong>P\u00daBLICO-ALVO<\/strong><br \/>\nOs trabalhadores que laboram em instala\u00e7\u00f5es classes I, II e\/ou III.<br \/>\nOs profissionais de Seguran\u00e7a e Sa\u00fade no Trabalho em instala\u00e7\u00f5es classes II e III e que mant\u00eam contato direto com o processo ou processamento.<\/p>\n<p><strong>CONTE\u00daDO<\/strong><br \/>\nNR 20 &#8211; Seguran\u00e7a e Sa\u00fade no Trabalho com Inflam\u00e1veis e Combust\u00edveis.<\/p>\n<p><strong>OBSERVA\u00c7\u00d5ES<\/strong><br \/>\nA Universidade se reserva o direito de alterar o cronograma e o corpo docente.<br \/>\nDocumenta\u00e7\u00e3o necess\u00e1ria para quem n\u00e3o \u00e9 aluno da Cat\u00f3lica de Santos:\u00a0c\u00f3pias do RG, CPF, certid\u00e3o de nascimento ou casamento.<br \/>\nA inscri\u00e7\u00e3o presencial s\u00f3 poder\u00e1 ser efetuada pelo interessado no curso, ou por pessoa munida de procura\u00e7\u00e3o autenticada em cart\u00f3rio.<br \/>\nA efetiva\u00e7\u00e3o da matr\u00edcula est\u00e1 condicionada ao pagamento do boleto da 1\u00aa. parcela e entrega da documenta\u00e7\u00e3o exigida.<\/p>\n<div><strong>OUTRAS INFORMA\u00c7\u00d5ES<\/strong><\/div>\n<div>Departamento de Atendimento Integrado<\/div>\n<div>Telefones: (13) 3205-5555 \u2013 ramais 1354\/1384<\/div>\n<div>E-mail: dat@unisantos.br<\/div>\n","protected":false},"excerpt":{"rendered":"<p>CARGA HOR\u00c1RIA 20 h\/a OBJETIVO Laborar em instala\u00e7\u00f5es Classes I, II ou III; Explorar o espa\u00e7o f\u00edsico ou o local [&hellip;]<\/p>\n","protected":false},"author":1,"featured_media":677,"parent":399,"menu_order":0,"comment_status":"closed","ping_status":"closed","template":"","meta":{"footnotes":""},"_links":{"self":[{"href":"https:\/\/www.unisantos.br\/pos\/wp-json\/wp\/v2\/pages\/642"}],"collection":[{"href":"https:\/\/www.unisantos.br\/pos\/wp-json\/wp\/v2\/pages"}],"about":[{"href":"https:\/\/www.unisantos.br\/pos\/wp-json\/wp\/v2\/types\/page"}],"author":[{"embeddable":true,"href":"https:\/\/www.unisantos.br\/pos\/wp-json\/wp\/v2\/users\/1"}],"replies":[{"embeddable":true,"href":"https:\/\/www.unisantos.br\/pos\/wp-json\/wp\/v2\/comments?post=642"}],"version-history":[{"count":2,"href":"https:\/\/www.unisantos.br\/pos\/wp-json\/wp\/v2\/pages\/642\/revisions"}],"predecessor-version":[{"id":4007,"href":"https:\/\/www.unisantos.br\/pos\/wp-json\/wp\/v2\/pages\/642\/revisions\/4007"}],"up":[{"embeddable":true,"href":"https:\/\/www.unisantos.br\/pos\/wp-json\/wp\/v2\/pages\/399"}],"wp:featuredmedia":[{"embeddable":true,"href":"https:\/\/www.unisantos.br\/pos\/wp-json\/wp\/v2\/media\/677"}],"wp:attachment":[{"href":"https:\/\/www.unisantos.br\/pos\/wp-json\/wp\/v2\/media?parent=642"}],"curies":[{"name":"wp","href":"https:\/\/api.w.org\/{rel}","templated":true}]}}