{"id":64,"date":"2018-10-05T16:20:11","date_gmt":"2018-10-05T19:20:11","guid":{"rendered":"https:\/\/www.unisantos.br\/pos\/?page_id=64"},"modified":"2026-03-05T17:33:26","modified_gmt":"2026-03-05T20:33:26","slug":"grupos-de-pesquisa","status":"publish","type":"page","link":"https:\/\/www.unisantos.br\/pos\/stricto-sensu\/doutorado\/doutorado-em-educacao\/grupos-de-pesquisa\/","title":{"rendered":"Grupos de Pesquisa"},"content":{"rendered":"<p>Os\u00a0 grupos de pesquisa do Programa de Educa\u00e7\u00e3o da Universidade Cat\u00f3lica de Santos integram a matriz curricular dos cursos de Mestrado e Doutorado. S\u00e3o espa\u00e7os destinados ao debate coletivo sobre as investiga\u00e7\u00f5es em curso, cujo objetivo \u00e9 o fortalecimento das linhas de pesquisa do Programa.<strong><em>\u00a0<\/em><\/strong><\/p>\n<p><strong>Avalia\u00e7\u00e3o Educacional e Forma\u00e7\u00e3o de Educadores: Pol\u00edticas e Pr\u00e1ticas<br \/>\n<\/strong>Certificado no <a href=\"http:\/\/dgp.cnpq.br\/dgp\/espelhogrupo\/1809618700828871#linhaPesquisa\" target=\"_blank\" rel=\"noopener\">Diret\u00f3rio do CNPq<\/a><strong><br \/>\n<\/strong><strong>L\u00edder:\u00a0<\/strong><a href=\"http:\/\/lattes.cnpq.br\/5453878722612411\" target=\"_blank\" rel=\"noopener\">Prof\u00aa. Dr\u00aa. Fernanda Quatorze Voltas<\/a><br \/>\n<strong>Contato:<\/strong> fernanda14voltas@unisantos.br<br \/>\n<strong>Linhas de Pesquisa<\/strong><br \/>\n1) Pol\u00edticas e Pr\u00e1ticas de Forma\u00e7\u00e3o de Professores<br \/>\n2) Pensamento de Paulo Freire<\/p>\n<p><strong>Educa\u00e7\u00e3o e Forma\u00e7\u00e3o de Professores em Contexto de Cibercultura Digital: Por Novas Abordagens Cr\u00edtico-Decoloniais<br \/>\n<\/strong><strong>L\u00edder:\u00a0<\/strong><a href=\"http:\/\/lattes.cnpq.br\/3019239152920228\" target=\"_blank\" rel=\"noopener\">Prof\u00aa. Dr\u00aa. Guadalupe Corr\u00eaa Mota<\/a><br \/>\n<strong>Contato<\/strong>:\u00a0guadalupemota@unisantos.br<br \/>\n<strong>Linhas de Pesquisa: <\/strong>Pol\u00edticas e Pr\u00e1ticas de Forma\u00e7\u00e3o de Professores<br \/>\n<a href=\"https:\/\/www.unisantos.br\/educiber\/\" target=\"_blank\" rel=\"noopener\"><strong><span style=\"color: #ff0000;\">Acesse o site<\/span><\/strong><\/a><\/p>\n<p><strong>Educa\u00e7\u00e3o e Pol\u00edtica<br \/>\n<\/strong>Certificado no <a href=\"http:\/\/dgp.cnpq.br\/dgp\/espelhogrupo\/2669251931559599\" target=\"_blank\" rel=\"noopener\">Diret\u00f3rio do CNPq<\/a><br \/>\n<strong>L\u00edder:\u00a0<\/strong><a href=\"http:\/\/lattes.cnpq.br\/3408153688132316\" target=\"_blank\" rel=\"noopener\">Prof. Dr. Ricardo Costa Galvanese<\/a><br \/>\n<strong>Contato:\u00a0<\/strong>ricardo.galvanese@unisantos.br<br \/>\n<strong>Linhas de Pesquisa<br \/>\n<\/strong>1) Crise da democracia, neofascismo e ascens\u00e3o da extrema direita<br \/>\n2) Os Objetivos do Desenvolvimento Sustent\u00e1vel e as Pol\u00edticas P\u00fablicas<\/p>\n<p><strong>Forma\u00e7\u00e3o de Professores e Profissionais para a Educa\u00e7\u00e3o Superior<br \/>\n<\/strong>Certificado no <a href=\"http:\/\/dgp.cnpq.br\/dgp\/espelhogrupo\/7518934104338567\" target=\"_blank\" rel=\"noopener\">Diret\u00f3rio do CNPq<\/a><br \/>\n<strong>L\u00edder:\u00a0<\/strong><a href=\"http:\/\/lattes.cnpq.br\/4101520993652162\" target=\"_blank\" rel=\"noopener\">Prof. Dr. Roberto Ara\u00fajo da Silva Vasques Rabelo<\/a><br \/>\n<strong>Contato:\u00a0<\/strong>roberto@unisantos.br<br \/>\n<strong>Linhas de Pesquisa<\/strong><br \/>\n1) Fundamentos da educa\u00e7\u00e3o superior, pedagogia universit\u00e1ria e did\u00e1tica no ensino superior<br \/>\n2) Hist\u00f3ria, pol\u00edtica, gest\u00e3o e avalia\u00e7\u00e3o da educa\u00e7\u00e3o superior<br \/>\n3) Pol\u00edticas, pr\u00e1ticas e processos de forma\u00e7\u00e3o de professores e profissionais para a educa\u00e7\u00e3o superior<\/p>\n<p><strong>GEPPGE &#8211; Grupo de Estudos e Pesquisas: Pol\u00edticas e Gest\u00e3o Educacional<br \/>\n<\/strong>Certificado no <a href=\"http:\/\/dgp.cnpq.br\/dgp\/espelhogrupo\/1724912739676459\" target=\"_blank\" rel=\"noopener\">Diret\u00f3rio do CNPq<\/a><br \/>\n<strong>L\u00edder:\u00a0<\/strong><a href=\"http:\/\/lattes.cnpq.br\/2477851211882211\" target=\"_blank\" rel=\"noopener\">Prof. Dr. Itamar Mendes da Silva<\/a><br \/>\n<strong>Contato:\u00a0<\/strong>itamarmendes@unisantos.br<br \/>\n<strong>Linhas de Pesquisa<\/strong><br \/>\n1) Pol\u00edtica, Planejamento e Gest\u00e3o em Educa\u00e7\u00e3o<br \/>\n2) Unidades, Sistemas e Redes de Educa\u00e7\u00e3o<\/p>\n<p><strong>Institui\u00e7\u00f5es de Ensino: Pol\u00edticas e Pr\u00e1ticas Pedag\u00f3gicas<br \/>\n<\/strong>Certificado no <a href=\"http:\/\/dgp.cnpq.br\/dgp\/espelhogrupo\/5420033345146725\" target=\"_blank\" rel=\"noopener\">Diret\u00f3rio do CNPq<\/a><br \/>\n<strong>L\u00edder: <\/strong><a href=\"http:\/\/lattes.cnpq.br\/7099315868609771\" target=\"_blank\" rel=\"noopener\">Prof\u00aa. Dr\u00aa. Maria de F\u00e1tima Barbosa Abdalla<\/a><br \/>\n<strong>Contato<\/strong>:\u00a0mfabdalla@unisantos.br<br \/>\n<strong>Linhas de Pesquisa<\/strong><br \/>\n1) Pol\u00edticas e Pr\u00e1ticas de Forma\u00e7\u00e3o de Professores<br \/>\n2) Pol\u00edticas P\u00fablicas Educacionais<\/p>\n<p><strong>Pedagogia Cr\u00edtica: Pr\u00e1ticas e Forma\u00e7\u00e3o<br \/>\n<\/strong>Certificado no <a href=\"http:\/\/dgp.cnpq.br\/dgp\/espelhogrupo\/2981857705106021\" target=\"_blank\" rel=\"noopener\">Diret\u00f3rio do CNPq<\/a><br \/>\n<strong>L\u00edder: <\/strong><a href=\"http:\/\/lattes.cnpq.br\/3600560690195448\" target=\"_blank\" rel=\"noopener\">Prof\u00aa. Dr\u00aa. Maria Am\u00e9lia do Ros\u00e1rio Santoro Franco<\/a><br \/>\n<strong>Contato<\/strong>:\u00a0amelia@unisantos.br<br \/>\n<strong>Linhas de Pesquisa<\/strong><br \/>\n1) Pedagogia: Epistemologia e Pr\u00e1xis<br \/>\n2) Pesquisa-A\u00e7\u00e3o e Pr\u00e1tica Docente<br \/>\n3) Pr\u00e1tica Docente no Ensino Superior<br \/>\n4) Pr\u00e1ticas Pedag\u00f3gicas de Forma\u00e7\u00e3o Docente<br \/>\n<a href=\"https:\/\/www.unisantos.br\/grupopedagogiacritica\/\" target=\"_blank\" rel=\"noopener\"><strong><span style=\"color: #ff0000;\">Acesse o site<\/span><\/strong><\/a><\/p>\n<p><strong>Pol\u00edticas P\u00fablicas Educacionais: Cotidiano Escolar e Trabalho Pedag\u00f3gico<br \/>\n<\/strong><strong>L\u00edder:\u00a0<\/strong><a href=\"http:\/\/lattes.cnpq.br\/3825835597960275\" target=\"_blank\" rel=\"noopener\">Prof\u00aa. Dr\u00aa. Denise Regina da Costa Aguiar<\/a><br \/>\n<strong>Contato<\/strong>:\u00a0deniseaguiar@unisantos.br<br \/>\n<strong>Linha de Pesquisa: <\/strong>Pol\u00edticas P\u00fablicas Educacionais<\/p>\n<p><strong>Pol\u00edticas P\u00fablicas em Educa\u00e7\u00e3o: Trabalho e Forma\u00e7\u00e3o<br \/>\n<\/strong>Certificado no <a href=\"http:\/\/dgp.cnpq.br\/dgp\/espelhogrupo\/0066376133767148\" target=\"_blank\" rel=\"noopener\">Diret\u00f3rio do CNPq<\/a><br \/>\n<strong>L\u00edderes:<br \/>\n<\/strong><a href=\"http:\/\/lattes.cnpq.br\/4534611937031694\" target=\"_blank\" rel=\"noopener\">Prof\u00aa. Dr\u00aa. Ivanise Monfredini<\/a><br \/>\n<a href=\"http:\/\/lattes.cnpq.br\/8563994643585300\" target=\"_blank\" rel=\"noopener\">Prof\u00aa. Dr\u00aa\u00a0Maria do Carmo Luiz Caldas Leite<\/a><br \/>\n<strong>Contato<\/strong>:\u00a0ivanise.monfredini@unisantos.br<br \/>\n<strong>Linhas de Pesquisa<\/strong><br \/>\n1) Pol\u00edticas de Ensino Superior, Ci\u00eancia e Tecnologia<br \/>\n2) Pol\u00edticas Educacionais: institui\u00e7\u00f5es, sujeitos e Pr\u00e1ticas<br \/>\n3) Pol\u00edticas P\u00fablicas em Educa\u00e7\u00e3o<br \/>\n4) Trabalho e Profiss\u00e3o Docente<br \/>\n<a href=\"https:\/\/www.unisantos.br\/grupopoliticaspublicaseducacao\/\" target=\"_blank\" rel=\"noopener\"><span style=\"color: #ff0000;\"><strong>Acesse o site<\/strong><\/span><\/a><\/p>\n<p>&nbsp;<\/p>\n","protected":false},"excerpt":{"rendered":"<p>Os\u00a0 grupos de pesquisa do Programa de Educa\u00e7\u00e3o da Universidade Cat\u00f3lica de Santos integram a matriz curricular dos cursos de [&hellip;]<\/p>\n","protected":false},"author":1,"featured_media":0,"parent":51,"menu_order":4,"comment_status":"closed","ping_status":"closed","template":"","meta":{"footnotes":""},"_links":{"self":[{"href":"https:\/\/www.unisantos.br\/pos\/wp-json\/wp\/v2\/pages\/64"}],"collection":[{"href":"https:\/\/www.unisantos.br\/pos\/wp-json\/wp\/v2\/pages"}],"about":[{"href":"https:\/\/www.unisantos.br\/pos\/wp-json\/wp\/v2\/types\/page"}],"author":[{"embeddable":true,"href":"https:\/\/www.unisantos.br\/pos\/wp-json\/wp\/v2\/users\/1"}],"replies":[{"embeddable":true,"href":"https:\/\/www.unisantos.br\/pos\/wp-json\/wp\/v2\/comments?post=64"}],"version-history":[{"count":19,"href":"https:\/\/www.unisantos.br\/pos\/wp-json\/wp\/v2\/pages\/64\/revisions"}],"predecessor-version":[{"id":7198,"href":"https:\/\/www.unisantos.br\/pos\/wp-json\/wp\/v2\/pages\/64\/revisions\/7198"}],"up":[{"embeddable":true,"href":"https:\/\/www.unisantos.br\/pos\/wp-json\/wp\/v2\/pages\/51"}],"wp:attachment":[{"href":"https:\/\/www.unisantos.br\/pos\/wp-json\/wp\/v2\/media?parent=64"}],"curies":[{"name":"wp","href":"https:\/\/api.w.org\/{rel}","templated":true}]}}