{"id":6346,"date":"2024-10-21T17:21:36","date_gmt":"2024-10-21T20:21:36","guid":{"rendered":"https:\/\/www.unisantos.br\/pos\/?page_id=6346"},"modified":"2025-10-13T13:31:06","modified_gmt":"2025-10-13T16:31:06","slug":"sistema-operacional-gnu-linux","status":"publish","type":"page","link":"https:\/\/www.unisantos.br\/pos\/qualificacao\/sistema-operacional-gnu-linux\/","title":{"rendered":"Sistema Operacional GNU Linux"},"content":{"rendered":"\r\n<p><strong>PROFESSOR RESPONS\u00c1VEL<br \/><\/strong>Prof. Dr. Thiago Ferauche<\/p>\r\n\r\n\r\n\r\n<p><strong>CARGA HOR\u00c1RIA\u00a0\u00a0\u00a0<br \/><\/strong>8 h\/a<\/p>\r\n<p><strong>LOCAL<br \/><\/strong>Campus Dom Id\u00edlio Jos\u00e9 Soares<\/p>\r\n\r\n\r\n\r\n<p><strong>OBJETIVO<\/strong><br \/>Apresentar, discutir e compreender o funcionamento do Sistema Operacional GNU Linux, suas diversas distribui\u00e7\u00f5es, e oper\u00e1-lo tanto na interface de linha de comando, quanto na interface gr\u00e1fica.<\/p>\r\n\r\n\r\n\r\n<p><strong>P\u00daBLICO-ALVO<br \/><\/strong>Interessados em entender o funcionamento do sistema operacional Linux que possuam conhecimentos b\u00e1sicos do uso computador. Estudantes do ensino m\u00e9dio regular, m\u00e9dio t\u00e9cnico e ensino superior em qualquer \u00e1rea que desejam complementar conhecimentos na \u00e1rea de Tecnologia da Informa\u00e7\u00e3o e Comunica\u00e7\u00e3o.<\/p>\r\n\r\n\r\n\r\n<p><strong>CONTE\u00daDO<\/strong><br \/>Apresenta\u00e7\u00e3o do Sistema Operacional GNU Linux, suas distribui\u00e7\u00f5es e a distribui\u00e7\u00e3o a ser usada no curso.<br \/>Forma de produ\u00e7\u00e3o colaborativa do SO Linux e a estrutura comum de todas as distribui\u00e7\u00f5es.<br \/>Gerenciamento de contas de usu\u00e1rios e grupos de usu\u00e1rios.<br \/>Gerenciamento de sistema de arquivos e permiss\u00f5es.<br \/>Gerenciamento de pacotes de software.<br \/>Estrutura de diret\u00f3rios e arquivos de configura\u00e7\u00e3o.<br \/>Configura\u00e7\u00f5es de ambiente.<br \/>Configura\u00e7\u00f5es de hardware.<\/p>\r\n\r\n\r\n\r\n<p><strong>OBSERVA\u00c7\u00d5ES<\/strong><br \/>A Universidade se reserva o direito de alterar o cronograma e o corpo docente.<br \/>Documenta\u00e7\u00e3o necess\u00e1ria para quem n\u00e3o \u00e9 aluno da Cat\u00f3lica de Santos: c\u00f3pias do RG, CPF, certid\u00e3o de nascimento ou casamento.<br \/>A inscri\u00e7\u00e3o presencial s\u00f3 poder\u00e1 ser efetuada pelo interessado no curso, ou por pessoa munida de procura\u00e7\u00e3o autenticada em cart\u00f3rio.<br \/>A efetiva\u00e7\u00e3o da matr\u00edcula est\u00e1 condicionada ao pagamento do boleto da 1\u00aa. parcela e entrega da documenta\u00e7\u00e3o exigida.<br \/><br \/><strong>OUTRAS INFORMA\u00c7\u00d5ES<br \/><\/strong>Departamento de Atendimento Integrado<br \/>Telefones: (13) 3205-5555<br \/>E-mail: dat@unisantos.br<\/p>\r\n","protected":false},"excerpt":{"rendered":"<p>PROFESSOR RESPONS\u00c1VELProf. Dr. Thiago Ferauche CARGA HOR\u00c1RIA\u00a0\u00a0\u00a08 h\/a LOCALCampus Dom Id\u00edlio Jos\u00e9 Soares OBJETIVOApresentar, discutir e compreender o funcionamento do [&hellip;]<\/p>\n","protected":false},"author":1,"featured_media":0,"parent":399,"menu_order":0,"comment_status":"closed","ping_status":"closed","template":"","meta":{"footnotes":""},"_links":{"self":[{"href":"https:\/\/www.unisantos.br\/pos\/wp-json\/wp\/v2\/pages\/6346"}],"collection":[{"href":"https:\/\/www.unisantos.br\/pos\/wp-json\/wp\/v2\/pages"}],"about":[{"href":"https:\/\/www.unisantos.br\/pos\/wp-json\/wp\/v2\/types\/page"}],"author":[{"embeddable":true,"href":"https:\/\/www.unisantos.br\/pos\/wp-json\/wp\/v2\/users\/1"}],"replies":[{"embeddable":true,"href":"https:\/\/www.unisantos.br\/pos\/wp-json\/wp\/v2\/comments?post=6346"}],"version-history":[{"count":22,"href":"https:\/\/www.unisantos.br\/pos\/wp-json\/wp\/v2\/pages\/6346\/revisions"}],"predecessor-version":[{"id":7068,"href":"https:\/\/www.unisantos.br\/pos\/wp-json\/wp\/v2\/pages\/6346\/revisions\/7068"}],"up":[{"embeddable":true,"href":"https:\/\/www.unisantos.br\/pos\/wp-json\/wp\/v2\/pages\/399"}],"wp:attachment":[{"href":"https:\/\/www.unisantos.br\/pos\/wp-json\/wp\/v2\/media?parent=6346"}],"curies":[{"name":"wp","href":"https:\/\/api.w.org\/{rel}","templated":true}]}}