{"id":634,"date":"2018-10-16T14:28:30","date_gmt":"2018-10-16T17:28:30","guid":{"rendered":"https:\/\/www.unisantos.br\/pos\/?page_id=634"},"modified":"2023-01-03T21:28:07","modified_gmt":"2023-01-04T00:28:07","slug":"mediacao-socioambiental","status":"publish","type":"page","link":"https:\/\/www.unisantos.br\/pos\/qualificacao\/mediacao-socioambiental\/","title":{"rendered":"Media\u00e7\u00e3o Socioambiental"},"content":{"rendered":"<p><strong>CARGA HOR\u00c1RIA<\/strong><br \/>\n32 h\/a<\/p>\n<p><strong>LOCAL<\/strong><br \/>\nCampus Dom Id\u00edlio Jos\u00e9 Soares<\/p>\n<p><strong>OBJETIVO<\/strong><br \/>\nConhecer a normatiza\u00e7\u00e3o referente ao tema do curso.<br \/>\nCompreender a pol\u00edtica p\u00fablica de tratamento aos meios alternativos de solu\u00e7\u00e3o de conflitos.<br \/>\nRefletir sobre o conceito de \u201cconflito ambiental\u201d e suas caracter\u00edsticas.<br \/>\nConhecer o panorama nacional e internacional sobre o meio ambiente e a rela\u00e7\u00e3o com meios alternativos de Solu\u00e7\u00f5es de Conflitos e a media\u00e7\u00e3o.<br \/>\nConhecer as etapas de media\u00e7\u00e3o conflitos coletivos: em especial dos conflitos ambientais.<br \/>\nPromover a atualiza\u00e7\u00e3o e aperfei\u00e7oamento de mediadores.<\/p>\n<p><strong>P\u00daBLICO-ALVO<\/strong><br \/>\nAdvogados, Membros da Magistratura e do Minist\u00e9rio P\u00fablico, Promotores, Gestores ambientais, Administradores, Psic\u00f3logos, Assistentes Sociais, Estudantes e demais interessados.<\/p>\n<p><strong>CONTE\u00daDO<\/strong><br \/>\nA internacionaliza\u00e7\u00e3o da quest\u00e3o ambiental;<br \/>\nConstru\u00e7\u00e3o normativa;<br \/>\nO direito ambiental brasileiro: objeto e caracter\u00edsticas do direito ambiental;<br \/>\nPrinc\u00edpios do direito ambiental;<br \/>\nLei de pol\u00edtica nacional do meio ambiente;<br \/>\nO meio ambiente na constitui\u00e7\u00e3o de 1988;<br \/>\nO meio ambiente como direito humano e solidariedade intergeracional;<br \/>\nAutocomposi\u00e7\u00e3o na administra\u00e7\u00e3o p\u00fablica;<br \/>\nResponsabilidade penal ambiental;<br \/>\nAtua\u00e7\u00e3o extrajudicial do minist\u00e9rio p\u00fablico;<br \/>\nPromotoria comunit\u00e1ria;<br \/>\nMedia\u00e7\u00e3o ambiental: sujeitos, tipos de conflitos, direito dispon\u00edveis x indispon\u00edveis;<br \/>\nFundamentos normativos: resolu\u00e7\u00e3o 125\/2010;<br \/>\nLei de media\u00e7\u00e3o;<br \/>\nRela\u00e7\u00e3o com os objetivos do desenvolvimento sustent\u00e1vel;<br \/>\nFases do processo de media\u00e7\u00e3o;<br \/>\nSess\u00e3o propriamente dita e t\u00e9cnicas;<br \/>\nAcordo\/Estudo de casos.<\/p>\n<p><strong>OBSERVA\u00c7\u00d5ES<\/strong><br \/>\nA Universidade se reserva o direito de alterar o cronograma e o corpo docente.<br \/>\nDocumenta\u00e7\u00e3o necess\u00e1ria: c\u00f3pias do RG, CPF, certid\u00e3o de nascimento ou casamento.<br \/>\nA inscri\u00e7\u00e3o presencial s\u00f3 poder\u00e1 ser efetuada pelo interessado no curso, ou por pessoa munida de procura\u00e7\u00e3o autenticada em cart\u00f3rio.<br \/>\nA efetiva\u00e7\u00e3o da matr\u00edcula est\u00e1 condicionada ao pagamento do boleto da 1\u00aa. parcela e entrega da documenta\u00e7\u00e3o exigida.<\/p>\n<p><strong>OUTRAS INFORMA\u00c7\u00d5ES<br \/>\n<\/strong>Departamento de Atendimento Integrado<br \/>\nTelefone: (13) 3205-5555<br \/>\nE-mail: dat@unisantos.br<\/p>\n","protected":false},"excerpt":{"rendered":"<p>CARGA HOR\u00c1RIA 32 h\/a LOCAL Campus Dom Id\u00edlio Jos\u00e9 Soares OBJETIVO Conhecer a normatiza\u00e7\u00e3o referente ao tema do curso. Compreender [&hellip;]<\/p>\n","protected":false},"author":1,"featured_media":671,"parent":399,"menu_order":0,"comment_status":"closed","ping_status":"closed","template":"","meta":{"footnotes":""},"_links":{"self":[{"href":"https:\/\/www.unisantos.br\/pos\/wp-json\/wp\/v2\/pages\/634"}],"collection":[{"href":"https:\/\/www.unisantos.br\/pos\/wp-json\/wp\/v2\/pages"}],"about":[{"href":"https:\/\/www.unisantos.br\/pos\/wp-json\/wp\/v2\/types\/page"}],"author":[{"embeddable":true,"href":"https:\/\/www.unisantos.br\/pos\/wp-json\/wp\/v2\/users\/1"}],"replies":[{"embeddable":true,"href":"https:\/\/www.unisantos.br\/pos\/wp-json\/wp\/v2\/comments?post=634"}],"version-history":[{"count":3,"href":"https:\/\/www.unisantos.br\/pos\/wp-json\/wp\/v2\/pages\/634\/revisions"}],"predecessor-version":[{"id":4688,"href":"https:\/\/www.unisantos.br\/pos\/wp-json\/wp\/v2\/pages\/634\/revisions\/4688"}],"up":[{"embeddable":true,"href":"https:\/\/www.unisantos.br\/pos\/wp-json\/wp\/v2\/pages\/399"}],"wp:featuredmedia":[{"embeddable":true,"href":"https:\/\/www.unisantos.br\/pos\/wp-json\/wp\/v2\/media\/671"}],"wp:attachment":[{"href":"https:\/\/www.unisantos.br\/pos\/wp-json\/wp\/v2\/media?parent=634"}],"curies":[{"name":"wp","href":"https:\/\/api.w.org\/{rel}","templated":true}]}}