{"id":632,"date":"2018-10-16T14:28:03","date_gmt":"2018-10-16T17:28:03","guid":{"rendered":"https:\/\/www.unisantos.br\/pos\/?page_id=632"},"modified":"2023-08-14T14:09:04","modified_gmt":"2023-08-14T17:09:04","slug":"marketing-globalizado","status":"publish","type":"page","link":"https:\/\/www.unisantos.br\/pos\/qualificacao\/marketing-globalizado\/","title":{"rendered":"Marketing Globalizado"},"content":{"rendered":"<p><strong>CARGA HOR\u00c1RIA<br \/>\n<\/strong>40h<\/p>\n<p><strong>OBJETIVO<br \/>\n<\/strong>O curso explorar\u00e1 de forma conceitual e pr\u00e1tica as caracter\u00edsticas e m\u00e9todos dos sistemas de marketing atuais, expandindo a capacidade cr\u00edtica do aluno no que diz respeito \u00e0 tomada de decis\u00f5es em um mercado cada vez mais exigente e competitivo. Dentro desse contexto, o curso tem como finalidade apresentar aos participantes o cen\u00e1rio atual do Marketing.<\/p>\n<p><strong>P\u00daBLICO-ALVO<br \/>\n<\/strong>Profissionais e estudantes da \u00e1rea de gest\u00e3o, bem como profissionais que atuem em \u00e1reas afins.<\/p>\n<p><strong>CONTE\u00daDO<br \/>\n<\/strong>\u2022 A fun\u00e7\u00e3o de Marketing e seu ambiente<br \/>\n\u2022 Segmenta\u00e7\u00e3o de mercado<br \/>\n\u2022 Comportamento do consumidor<br \/>\n\u2022 Produto<br \/>\n\u2022 Estrat\u00e9gia de pre\u00e7os<br \/>\n\u2022 Distribui\u00e7\u00e3o<br \/>\n\u2022 Processo de comunica\u00e7\u00e3o<br \/>\n\u2022 Marketing Internacional<\/p>\n<p><strong>OBSERVA\u00c7\u00d5ES<\/strong><br \/>\n\u2022 A Universidade se reserva o direito de alterar o cronograma e o corpo docente.<br \/>\n\u2022 Documenta\u00e7\u00e3o necess\u00e1ria: c\u00f3pias do RG, CPF.<br \/>\n\u2022 A inscri\u00e7\u00e3o presencial s\u00f3 poder\u00e1 ser efetuada pelo interessado no curso, ou por pessoa munida de procura\u00e7\u00e3o autenticada em cart\u00f3rio.<br \/>\n\u2022 A efetiva\u00e7\u00e3o da matr\u00edcula est\u00e1 condicionada ao pagamento do boleto da 1\u00aa. parcela e entrega da documenta\u00e7\u00e3o exigida.<\/p>\n","protected":false},"excerpt":{"rendered":"<p>CARGA HOR\u00c1RIA 40h OBJETIVO O curso explorar\u00e1 de forma conceitual e pr\u00e1tica as caracter\u00edsticas e m\u00e9todos dos sistemas de marketing [&hellip;]<\/p>\n","protected":false},"author":1,"featured_media":683,"parent":399,"menu_order":0,"comment_status":"closed","ping_status":"closed","template":"","meta":{"footnotes":""},"_links":{"self":[{"href":"https:\/\/www.unisantos.br\/pos\/wp-json\/wp\/v2\/pages\/632"}],"collection":[{"href":"https:\/\/www.unisantos.br\/pos\/wp-json\/wp\/v2\/pages"}],"about":[{"href":"https:\/\/www.unisantos.br\/pos\/wp-json\/wp\/v2\/types\/page"}],"author":[{"embeddable":true,"href":"https:\/\/www.unisantos.br\/pos\/wp-json\/wp\/v2\/users\/1"}],"replies":[{"embeddable":true,"href":"https:\/\/www.unisantos.br\/pos\/wp-json\/wp\/v2\/comments?post=632"}],"version-history":[{"count":2,"href":"https:\/\/www.unisantos.br\/pos\/wp-json\/wp\/v2\/pages\/632\/revisions"}],"predecessor-version":[{"id":5523,"href":"https:\/\/www.unisantos.br\/pos\/wp-json\/wp\/v2\/pages\/632\/revisions\/5523"}],"up":[{"embeddable":true,"href":"https:\/\/www.unisantos.br\/pos\/wp-json\/wp\/v2\/pages\/399"}],"wp:featuredmedia":[{"embeddable":true,"href":"https:\/\/www.unisantos.br\/pos\/wp-json\/wp\/v2\/media\/683"}],"wp:attachment":[{"href":"https:\/\/www.unisantos.br\/pos\/wp-json\/wp\/v2\/media?parent=632"}],"curies":[{"name":"wp","href":"https:\/\/api.w.org\/{rel}","templated":true}]}}