{"id":629,"date":"2018-10-16T14:25:15","date_gmt":"2018-10-16T17:25:15","guid":{"rendered":"https:\/\/www.unisantos.br\/pos\/?page_id=629"},"modified":"2023-08-14T14:08:50","modified_gmt":"2023-08-14T17:08:50","slug":"mapeamento-e-modelagem-de-processos-com-bpmn","status":"publish","type":"page","link":"https:\/\/www.unisantos.br\/pos\/qualificacao\/mapeamento-e-modelagem-de-processos-com-bpmn\/","title":{"rendered":"Mapeamento e Modelagem de Processos com BPMN"},"content":{"rendered":"<p><strong>PROFESSOR RESPONS\u00c1VEL<\/strong><br \/>\nProf. Dr. Ant\u00f4nio Miranda Galle\u00e3o<\/p>\n<p><strong>CARGA HOR\u00c1RIA<\/strong><br \/>\n16 h\/a<\/p>\n<p><strong>LOCAL<\/strong><br \/>\nCampus Dom Id\u00edlio Jos\u00e9 Soares<\/p>\n<p><strong>OBJETIVOS<\/strong><br \/>\n&#8211; Desenvolver habilidades necess\u00e1rias \u00e0s atividades de mapeamento e desenho de processos<br \/>\n&#8211; Conhecer as ferramentas e t\u00e9cnicas para mapeamento e desenho de processos e uma vis\u00e3o geral das boas pr\u00e1ticas descritas no BPM CBOK<br \/>\n&#8211; Operacionalizar e aprender a identificar e registrar processos e atividades dentro da organiza\u00e7\u00e3o<\/p>\n<p><strong>P\u00daBLICO-ALVO<\/strong><br \/>\nEstudantes de gradua\u00e7\u00e3o e p\u00f3s-gradua\u00e7\u00e3o, e profissionais que atuem em diversas \u00e1reas que tenham interesse em desenvolver conhecimentos e habilidades na \u00e1rea de mapeamento e modelagem de processos.<\/p>\n<p><strong>CONTE\u00daDO<\/strong><br \/>\nApresenta\u00e7\u00e3o do curso<br \/>\nO BPM CBOK como refer\u00eancia para o gerenciamento de processos<br \/>\nConceito de mapeamento e modelagem de processos<br \/>\nOs 10 passos para mapear e modelar um processo<br \/>\nNota\u00e7\u00f5es e ferramentas para mapeamento de processos (Bizage, EA)<br \/>\nBPMN, fluxograma, IDEF<br \/>\nFerramentas da qualidade para a ajuda na melhoria de processos<br \/>\nMASP &#8211; m\u00e9todo de an\u00e1lise e solu\u00e7\u00e3o de problemas<\/p>\n<p><strong>OBSERVA\u00c7\u00d5ES<\/strong><br \/>\nA Universidade se reserva o direito de alterar o cronograma e o corpo docente.<br \/>\nDocumenta\u00e7\u00e3o necess\u00e1ria para quem n\u00e3o \u00e9 aluno da Cat\u00f3lica de Santos: c\u00f3pias do RG, CPF, certid\u00e3o de nascimento ou casamento.<br \/>\nA inscri\u00e7\u00e3o presencial s\u00f3 poder\u00e1 ser efetuada pelo interessado no curso, ou por pessoa munida de procura\u00e7\u00e3o autenticada em cart\u00f3rio.<br \/>\nA efetiva\u00e7\u00e3o da matr\u00edcula est\u00e1 condicionada ao pagamento do boleto da 1\u00aa. parcela e entrega da documenta\u00e7\u00e3o exigida.<\/p>\n<p><strong>OUTRAS INFORMA\u00c7\u00d5ES<\/strong><br \/>\nDepartamento de Atendimento Integrado<br \/>\nTelefone: (13) 3205-5555 \u2013 ramais 1354\/1384<br \/>\nE-mail: dat@unisantos.br<\/p>\n","protected":false},"excerpt":{"rendered":"<p>PROFESSOR RESPONS\u00c1VEL Prof. Dr. Ant\u00f4nio Miranda Galle\u00e3o CARGA HOR\u00c1RIA 16 h\/a LOCAL Campus Dom Id\u00edlio Jos\u00e9 Soares OBJETIVOS &#8211; Desenvolver [&hellip;]<\/p>\n","protected":false},"author":1,"featured_media":683,"parent":399,"menu_order":0,"comment_status":"closed","ping_status":"closed","template":"","meta":{"footnotes":""},"_links":{"self":[{"href":"https:\/\/www.unisantos.br\/pos\/wp-json\/wp\/v2\/pages\/629"}],"collection":[{"href":"https:\/\/www.unisantos.br\/pos\/wp-json\/wp\/v2\/pages"}],"about":[{"href":"https:\/\/www.unisantos.br\/pos\/wp-json\/wp\/v2\/types\/page"}],"author":[{"embeddable":true,"href":"https:\/\/www.unisantos.br\/pos\/wp-json\/wp\/v2\/users\/1"}],"replies":[{"embeddable":true,"href":"https:\/\/www.unisantos.br\/pos\/wp-json\/wp\/v2\/comments?post=629"}],"version-history":[{"count":3,"href":"https:\/\/www.unisantos.br\/pos\/wp-json\/wp\/v2\/pages\/629\/revisions"}],"predecessor-version":[{"id":5522,"href":"https:\/\/www.unisantos.br\/pos\/wp-json\/wp\/v2\/pages\/629\/revisions\/5522"}],"up":[{"embeddable":true,"href":"https:\/\/www.unisantos.br\/pos\/wp-json\/wp\/v2\/pages\/399"}],"wp:featuredmedia":[{"embeddable":true,"href":"https:\/\/www.unisantos.br\/pos\/wp-json\/wp\/v2\/media\/683"}],"wp:attachment":[{"href":"https:\/\/www.unisantos.br\/pos\/wp-json\/wp\/v2\/media?parent=629"}],"curies":[{"name":"wp","href":"https:\/\/api.w.org\/{rel}","templated":true}]}}