{"id":627,"date":"2018-10-16T13:48:39","date_gmt":"2018-10-16T16:48:39","guid":{"rendered":"https:\/\/www.unisantos.br\/pos\/?page_id=627"},"modified":"2023-08-14T14:08:40","modified_gmt":"2023-08-14T17:08:40","slug":"logistica-portuaria-e-intermodalidade","status":"publish","type":"page","link":"https:\/\/www.unisantos.br\/pos\/qualificacao\/logistica-portuaria-e-intermodalidade\/","title":{"rendered":"Log\u00edstica Portu\u00e1ria e Intermodalidade"},"content":{"rendered":"<p><strong>CARGA HOR\u00c1RIA<br \/>\n<\/strong>30 h<\/p>\n<p><strong>OBJETIVO<br \/>\n<\/strong>Oferecer oportunidades de atualiza\u00e7\u00e3o e especializa\u00e7\u00e3o nos conceitos, temas e pr\u00e1ticas b\u00e1sico de Log\u00edstica e Gest\u00e3o Portu\u00e1ria, tendo em mente formar especialistas em novas t\u00e9cnicas de gest\u00e3o portu\u00e1ria com conhecimento global do mundo portu\u00e1rio e o aprimoramento da Log\u00edstica Portu\u00e1ria, apresentando as novas condi\u00e7\u00f5es, atividades e tend\u00eancias nos portos desenvolvidos e identificar oportunidades para os portos brasileiros.<\/p>\n<p><strong>P\u00daBLICO-ALVO<br \/>\n<\/strong>Profissionais:<br \/>\na) da \u00e1rea portu\u00e1ria; graduados em engenharia, administra\u00e7\u00e3o de empresas, economia e \u00e1reas afins;<br \/>\nb) de n\u00edvel superior, envolvidos com as v\u00e1rias \u00e1reas jur\u00eddicas e funcionais da Log\u00edstica e dos Neg\u00f3cios Portu\u00e1rios;<br \/>\nc) que atuam em \u00e1reas de interface com as Atividades Portu\u00e1rias como Marketing, Direito, Tecnologia da Informa\u00e7\u00e3o, Produ\u00e7\u00e3o, Engenharia Naval e Comercio Exterior.<\/p>\n<p><strong>CONTE\u00daDO<br \/>\n<\/strong>\u2022\u00a0O novo cen\u00e1rio competitivo e fatores de competitividade<br \/>\n\u2022\u00a0Log\u00edstica Integrada: Supply Chain management: conceitos b\u00e1sicos, implementa\u00e7\u00e3o<br \/>\n\u2022\u00a0Efficient consumer response<br \/>\n\u2022\u00a0Cadeia de Valores e sistema de valores: cadeia f\u00edsica de valores, cadeia virtual de valores, subsistemas de suprimentos, produ\u00e7\u00e3o e distribui\u00e7\u00e3o<br \/>\n\u2022\u00a0Log\u00edstica Internacional: opera\u00e7\u00f5es multinacionais, diversidade dos fornecedores<br \/>\n\u2022\u00a0Tecnologia como fator de vantagem competitiva<br \/>\n\u2022\u00a0Intermodalidade: conceitos, legisla\u00e7\u00e3o(IN79) e tend\u00eancias<br \/>\n\u2022\u00a0transportes mar\u00edtimos e sua integra\u00e7\u00e3o com outros meios<br \/>\n\u2022\u00a0Gest\u00e3o: redes em opera\u00e7\u00e3o de servi\u00e7os: An\u00e1lise de redes de servi\u00e7os e de suprimentos, Avalia\u00e7\u00e3o de Desempenho.<\/p>\n<p><strong>OBSERVA\u00c7\u00d5ES<\/strong><br \/>\n\u2022 A Universidade se reserva o direito de alterar o cronograma e o corpo docente.<br \/>\n\u2022 Documenta\u00e7\u00e3o necess\u00e1ria: c\u00f3pias do RG, CPF.<br \/>\n\u2022 A inscri\u00e7\u00e3o presencial s\u00f3 poder\u00e1 ser efetuada pelo interessado no curso, ou por pessoa munida de procura\u00e7\u00e3o autenticada em cart\u00f3rio.<br \/>\n\u2022 A efetiva\u00e7\u00e3o da matr\u00edcula est\u00e1 condicionada ao pagamento do boleto da 1\u00aa. parcela e entrega da documenta\u00e7\u00e3o exigida.<\/p>\n","protected":false},"excerpt":{"rendered":"<p>CARGA HOR\u00c1RIA 30 h OBJETIVO Oferecer oportunidades de atualiza\u00e7\u00e3o e especializa\u00e7\u00e3o nos conceitos, temas e pr\u00e1ticas b\u00e1sico de Log\u00edstica e [&hellip;]<\/p>\n","protected":false},"author":1,"featured_media":683,"parent":399,"menu_order":0,"comment_status":"closed","ping_status":"closed","template":"","meta":{"footnotes":""},"_links":{"self":[{"href":"https:\/\/www.unisantos.br\/pos\/wp-json\/wp\/v2\/pages\/627"}],"collection":[{"href":"https:\/\/www.unisantos.br\/pos\/wp-json\/wp\/v2\/pages"}],"about":[{"href":"https:\/\/www.unisantos.br\/pos\/wp-json\/wp\/v2\/types\/page"}],"author":[{"embeddable":true,"href":"https:\/\/www.unisantos.br\/pos\/wp-json\/wp\/v2\/users\/1"}],"replies":[{"embeddable":true,"href":"https:\/\/www.unisantos.br\/pos\/wp-json\/wp\/v2\/comments?post=627"}],"version-history":[{"count":2,"href":"https:\/\/www.unisantos.br\/pos\/wp-json\/wp\/v2\/pages\/627\/revisions"}],"predecessor-version":[{"id":5521,"href":"https:\/\/www.unisantos.br\/pos\/wp-json\/wp\/v2\/pages\/627\/revisions\/5521"}],"up":[{"embeddable":true,"href":"https:\/\/www.unisantos.br\/pos\/wp-json\/wp\/v2\/pages\/399"}],"wp:featuredmedia":[{"embeddable":true,"href":"https:\/\/www.unisantos.br\/pos\/wp-json\/wp\/v2\/media\/683"}],"wp:attachment":[{"href":"https:\/\/www.unisantos.br\/pos\/wp-json\/wp\/v2\/media?parent=627"}],"curies":[{"name":"wp","href":"https:\/\/api.w.org\/{rel}","templated":true}]}}