{"id":625,"date":"2018-10-16T13:48:13","date_gmt":"2018-10-16T16:48:13","guid":{"rendered":"https:\/\/www.unisantos.br\/pos\/?page_id=625"},"modified":"2023-08-14T14:13:05","modified_gmt":"2023-08-14T17:13:05","slug":"logistica-farmaceutica","status":"publish","type":"page","link":"https:\/\/www.unisantos.br\/pos\/qualificacao\/logistica-farmaceutica\/","title":{"rendered":"Log\u00edstica Farmac\u00eautica"},"content":{"rendered":"<p><strong>PROFESSOR RESPONS\u00c1VEL<\/strong><br \/>\nProf. Clayton Gerber Mangini<\/p>\n<p><strong>CARGA HOR\u00c1RIA<\/strong><br \/>\n16 h<\/p>\n<p><strong>LOCAL<\/strong><br \/>\nCampus Dom Id\u00edlio Jos\u00e9 Soares<\/p>\n<p><strong>OBJETIVO<\/strong><br \/>\nDesenvolver e estimular nos acad\u00eamicos de farm\u00e1cia ou log\u00edstica, e tamb\u00e9m nos profissionais farmac\u00eauticos ou atuantes na \u00e1rea de log\u00edstica farmac\u00eautica, compet\u00eancia t\u00e9cnica em boas pr\u00e1ticas operacionais, aplica\u00e7\u00e3o de legisla\u00e7\u00e3o sanit\u00e1ria e lideran\u00e7a, para atender as necessidades de qualidade em log\u00edstica farmac\u00eautica por meio do dom\u00ednio de t\u00e9cnicas de opera\u00e7\u00e3o de distribui\u00e7\u00e3o, transporte, armazenagem e movimenta\u00e7\u00e3o de medicamentos, cosm\u00e9ticos e produtos para a sa\u00fade, al\u00e9m da importa\u00e7\u00e3o e exporta\u00e7\u00e3o destes materiais e demais temas espec\u00edficos inerentes ao setor.<\/p>\n<p><strong>P\u00daBLICO-ALVO<\/strong><br \/>\nProfissionais e estudantes que atuam ou desejam atuar em log\u00edstica farmac\u00eautica.<\/p>\n<p><strong>CONTE\u00daDO<\/strong><br \/>\n\u2022 Gest\u00e3o de Opera\u00e7\u00f5es em Log\u00edstica Farmac\u00eautica<br \/>\n&#8211; Legisla\u00e7\u00e3o Sanit\u00e1ria aplicada \u00e0 Log\u00edstica Farmac\u00eautica<br \/>\n&#8211; Gest\u00e3o de Armazenagem<br \/>\n&#8211; Gest\u00e3o de Transportes<br \/>\n&#8211; Gest\u00e3o em Comex<br \/>\n&#8211; Cadeia do Frio<br \/>\n&#8211; Produtos Perigosos<br \/>\n\u2022 Diagn\u00f3stico Situacional em Log\u00edstica Farmac\u00eautica<br \/>\n&#8211; Visita t\u00e9cnica em empresa do segmento log\u00edstico, observando na pr\u00e1tica a opera\u00e7\u00e3o e a fun\u00e7\u00e3o do trabalhador deste setor<br \/>\n&#8211; Diagn\u00f3stico Situacional<br \/>\n&#8211; Relat\u00f3rio Gerencial<\/p>\n<p><strong>OUTRAS INFORMA\u00c7\u00d5ES<br \/>\n<\/strong><strong>Departamento de Atendimento Integrado<br \/>\n<\/strong>Telefone: (13) 3205-5555<br \/>\nE-mail: dat@unisantos.br<\/p>\n<p>&nbsp;<\/p>\n","protected":false},"excerpt":{"rendered":"<p>PROFESSOR RESPONS\u00c1VEL Prof. Clayton Gerber Mangini CARGA HOR\u00c1RIA 16 h LOCAL Campus Dom Id\u00edlio Jos\u00e9 Soares OBJETIVO Desenvolver e estimular [&hellip;]<\/p>\n","protected":false},"author":1,"featured_media":677,"parent":399,"menu_order":0,"comment_status":"closed","ping_status":"closed","template":"","meta":{"footnotes":""},"_links":{"self":[{"href":"https:\/\/www.unisantos.br\/pos\/wp-json\/wp\/v2\/pages\/625"}],"collection":[{"href":"https:\/\/www.unisantos.br\/pos\/wp-json\/wp\/v2\/pages"}],"about":[{"href":"https:\/\/www.unisantos.br\/pos\/wp-json\/wp\/v2\/types\/page"}],"author":[{"embeddable":true,"href":"https:\/\/www.unisantos.br\/pos\/wp-json\/wp\/v2\/users\/1"}],"replies":[{"embeddable":true,"href":"https:\/\/www.unisantos.br\/pos\/wp-json\/wp\/v2\/comments?post=625"}],"version-history":[{"count":3,"href":"https:\/\/www.unisantos.br\/pos\/wp-json\/wp\/v2\/pages\/625\/revisions"}],"predecessor-version":[{"id":5536,"href":"https:\/\/www.unisantos.br\/pos\/wp-json\/wp\/v2\/pages\/625\/revisions\/5536"}],"up":[{"embeddable":true,"href":"https:\/\/www.unisantos.br\/pos\/wp-json\/wp\/v2\/pages\/399"}],"wp:featuredmedia":[{"embeddable":true,"href":"https:\/\/www.unisantos.br\/pos\/wp-json\/wp\/v2\/media\/677"}],"wp:attachment":[{"href":"https:\/\/www.unisantos.br\/pos\/wp-json\/wp\/v2\/media?parent=625"}],"curies":[{"name":"wp","href":"https:\/\/api.w.org\/{rel}","templated":true}]}}