{"id":623,"date":"2018-10-16T13:47:46","date_gmt":"2018-10-16T16:47:46","guid":{"rendered":"https:\/\/www.unisantos.br\/pos\/?page_id=623"},"modified":"2023-08-14T14:08:28","modified_gmt":"2023-08-14T17:08:28","slug":"laboratorio-vivencial-de-convivencia-empresarial","status":"publish","type":"page","link":"https:\/\/www.unisantos.br\/pos\/qualificacao\/laboratorio-vivencial-de-convivencia-empresarial\/","title":{"rendered":"Laborat\u00f3rio Vivencial de Conviv\u00eancia Empresarial"},"content":{"rendered":"<p><strong>CARGA HOR\u00c1RIA<br \/>\n<\/strong>20h<\/p>\n<p><strong>OBJETIVO<br \/>\n<\/strong>Conhecer as pr\u00e1ticas inovadoras aplicadas para nas intera\u00e7\u00f5es interpessoais e grupais dentro das organiza\u00e7\u00f5es. Aplicar a integra\u00e7\u00e3o das equipes, ampliar o conhecimento das tecnologias de relacionamento e viv\u00eancia na pr\u00e1tica dos conceitos aplicados.<\/p>\n<p><strong>P\u00daBLICO-ALVO<br \/>\n<\/strong>Profissionais e estudantes da \u00e1rea de recursos humanos, bem como profissionais que atuem em \u00e1reas afins<\/p>\n<p><strong>CONTE\u00daDO<br \/>\n<\/strong>\u2022 Vis\u00e3o corporativa com viv\u00eancia e conviv\u00eancia empresarial<br \/>\n\u2022 Gest\u00e3o de pessoas<br \/>\n\u2022 Principais conceitos de tomada de decis\u00e3o<\/p>\n<p><strong>OBSERVA\u00c7\u00d5ES<\/strong><br \/>\n\u2022 A Universidade se reserva o direito de alterar o cronograma e o corpo docente.<br \/>\n\u2022 Documenta\u00e7\u00e3o necess\u00e1ria: c\u00f3pias do RG, CPF.<br \/>\n\u2022 A inscri\u00e7\u00e3o presencial s\u00f3 poder\u00e1 ser efetuada pelo interessado no curso, ou por pessoa munida de procura\u00e7\u00e3o autenticada em cart\u00f3rio.<br \/>\n\u2022 A efetiva\u00e7\u00e3o da matr\u00edcula est\u00e1 condicionada ao pagamento do boleto da 1\u00aa. parcela e entrega da documenta\u00e7\u00e3o exigida.<\/p>\n","protected":false},"excerpt":{"rendered":"<p>CARGA HOR\u00c1RIA 20h OBJETIVO Conhecer as pr\u00e1ticas inovadoras aplicadas para nas intera\u00e7\u00f5es interpessoais e grupais dentro das organiza\u00e7\u00f5es. Aplicar a [&hellip;]<\/p>\n","protected":false},"author":1,"featured_media":683,"parent":399,"menu_order":0,"comment_status":"closed","ping_status":"closed","template":"","meta":{"footnotes":""},"_links":{"self":[{"href":"https:\/\/www.unisantos.br\/pos\/wp-json\/wp\/v2\/pages\/623"}],"collection":[{"href":"https:\/\/www.unisantos.br\/pos\/wp-json\/wp\/v2\/pages"}],"about":[{"href":"https:\/\/www.unisantos.br\/pos\/wp-json\/wp\/v2\/types\/page"}],"author":[{"embeddable":true,"href":"https:\/\/www.unisantos.br\/pos\/wp-json\/wp\/v2\/users\/1"}],"replies":[{"embeddable":true,"href":"https:\/\/www.unisantos.br\/pos\/wp-json\/wp\/v2\/comments?post=623"}],"version-history":[{"count":2,"href":"https:\/\/www.unisantos.br\/pos\/wp-json\/wp\/v2\/pages\/623\/revisions"}],"predecessor-version":[{"id":5520,"href":"https:\/\/www.unisantos.br\/pos\/wp-json\/wp\/v2\/pages\/623\/revisions\/5520"}],"up":[{"embeddable":true,"href":"https:\/\/www.unisantos.br\/pos\/wp-json\/wp\/v2\/pages\/399"}],"wp:featuredmedia":[{"embeddable":true,"href":"https:\/\/www.unisantos.br\/pos\/wp-json\/wp\/v2\/media\/683"}],"wp:attachment":[{"href":"https:\/\/www.unisantos.br\/pos\/wp-json\/wp\/v2\/media?parent=623"}],"curies":[{"name":"wp","href":"https:\/\/api.w.org\/{rel}","templated":true}]}}