{"id":619,"date":"2018-10-16T13:47:04","date_gmt":"2018-10-16T16:47:04","guid":{"rendered":"https:\/\/www.unisantos.br\/pos\/?page_id=619"},"modified":"2023-08-14T14:15:14","modified_gmt":"2023-08-14T17:15:14","slug":"introducao-ao-microsoft-office","status":"publish","type":"page","link":"https:\/\/www.unisantos.br\/pos\/qualificacao\/introducao-ao-microsoft-office\/","title":{"rendered":"Introdu\u00e7\u00e3o ao Microsoft Office"},"content":{"rendered":"<p><b>PROFESSOR RESPONS\u00c1VEL<br \/>\n<\/b>Prof. Me. Jo\u00e3o Alfredo Carvalho Rodrigues Gon\u00e7alves<b>\u00a0<\/b><\/p>\n<p><b>CARGA HOR\u00c1RIA<br \/>\n<\/b>12 h\/a<\/p>\n<p><b>LOCAL<br \/>\n<\/b>Campus Dom Id\u00edlio Jos\u00e9 Soares<b>\u00a0<\/b><\/p>\n<p><b>OBJETIVO<br \/>\n<\/b>Capacitar o aluno para utilizar os recursos b\u00e1sicos do Microsoft Office, na elabora\u00e7\u00e3o de textos, atrav\u00e9s do Microsoft Word; demonstra\u00e7\u00e3o de planilhas, an\u00e1lises financeiras e gr\u00e1ficos pelo Microsoft Excel e na elabora\u00e7\u00e3o de apresenta\u00e7\u00f5es para atividades acad\u00eamicas atrav\u00e9s do Microsoft Powerpoint.<\/p>\n<p><b>P\u00daBLICO-ALVO<br \/>\n<\/b>Estudantes ingressantes (primeiro semestre) dos cursos da \u00e1rea de Neg\u00f3cios. Considera-se tamb\u00e9m a possibilidade de participa\u00e7\u00e3o dos estudantes de outros cursos e do p\u00fablico em geral.<\/p>\n<p><b>CONTE\u00daDO<br \/>\n<\/b><b>Introdu\u00e7\u00e3o ao Microsoft Office:<br \/>\n<\/b>Apresenta\u00e7\u00e3o: Word, Excel e Powerpoint e as suas finalidades;<br \/>\nOrienta\u00e7\u00f5es em microinform\u00e1tica, como: Criar Pastas, Salvar, Copiar, Colar e Recortar Arquivos. Rotinas de <i>backup <\/i>e armazenamento na \u201cnuvem\u201d (GoogleDrive, OneDrive, Dropbox), e Textos e forma\u00e7\u00e3o no Microsoft Word.<br \/>\n<b>Microsoft Word:<br \/>\n<\/b>Formata\u00e7\u00e3o de Textos, Par\u00e1grafos, Espa\u00e7amento (comentar sobre os padr\u00f5es ABNT para Trabalhos de Conclus\u00e3o de Curso);<br \/>\nInser\u00e7\u00e3o de Tabelas, Figuras, Formas e Worddart;<br \/>\nLayout de P\u00e1gina (Margem, Orienta\u00e7\u00e3o, Tamanhos, Colunas e Se\u00e7\u00f5es);<br \/>\nInser\u00e7\u00e3o de: Sum\u00e1rio, Legenda, \u00cdndice de Ilustra\u00e7\u00f5es, \u00cdndice Remissivo, e Mala Direta.<br \/>\n<b>Microsoft Excel:<br \/>\n<\/b>Inser\u00e7\u00e3o de dados e Formata\u00e7\u00e3o de C\u00e9lulas;<br \/>\nInser\u00e7\u00e3o das f\u00f3rmulas b\u00e1sicas: Soma, M\u00e9dia, Contar N\u00fameros, M\u00e1ximo e M\u00ednimo, e Formata\u00e7\u00e3o de Planilhas;<br \/>\nApresenta\u00e7\u00e3o de algumas f\u00f3rmulas por classe: Data e hora: Hoje, Dia, M\u00eas, Ano, Dia da Semana;<br \/>\nEstat\u00edstica: Cont. N\u00fam, Cont. Se;<br \/>\nFinanceira: BD (Deprecia\u00e7\u00e3o);<br \/>\nInforma\u00e7\u00f5es: C\u00e9l, \u00c9. Cel.vazia;<br \/>\nL\u00f3gica: E, Ou, Se, Seerro;<br \/>\nPesquisa e Refer\u00eancia: Proc, Procv, Proch, e<br \/>\nTexto: Concat, Direita, Esquerda, Localizar<br \/>\nInser\u00e7\u00e3o de Gr\u00e1ficos, e Tabela Din\u00e2mica.<br \/>\n<b>Microsoft Powerpoint:<br \/>\n<\/b>Apresenta\u00e7\u00e3o dos slides, layout, Design e Transa\u00e7\u00f5es;<br \/>\nInser\u00e7\u00e3o de: imagens, som, filme, formas, tabelas, gr\u00e1ficos e hiperlink.<\/p>\n<p><strong>OBSERVA\u00c7\u00d5ES<br \/>\n<\/strong>A Universidade se reserva o direito de alterar o cronograma e o corpo docente.<br \/>\nDocumenta\u00e7\u00e3o necess\u00e1ria para quem n\u00e3o \u00e9 aluno da Cat\u00f3lica de Santos:\u00a0c\u00f3pias do RG, CPF, certid\u00e3o de nascimento ou casamento.<br \/>\nA inscri\u00e7\u00e3o presencial s\u00f3 poder\u00e1 ser efetuada pelo interessado no curso, ou por pessoa munida de procura\u00e7\u00e3o autenticada em cart\u00f3rio.<br \/>\nA efetiva\u00e7\u00e3o da matr\u00edcula est\u00e1 condicionada ao pagamento do boleto da 1\u00aa. parcela e entrega da documenta\u00e7\u00e3o exigida.<\/p>\n<div><strong>OUTRAS INFORMA\u00c7\u00d5ES<\/strong><\/div>\n<div>Departamento de Atendimento Integrado<\/div>\n<div>Telefones: (13) 3205-5555 \u2013 ramais 1354\/1384<\/div>\n<div>E-mail: dat@unisantos.br<\/div>\n","protected":false},"excerpt":{"rendered":"<p>PROFESSOR RESPONS\u00c1VEL Prof. Me. Jo\u00e3o Alfredo Carvalho Rodrigues Gon\u00e7alves\u00a0 CARGA HOR\u00c1RIA 12 h\/a LOCAL Campus Dom Id\u00edlio Jos\u00e9 Soares\u00a0 OBJETIVO [&hellip;]<\/p>\n","protected":false},"author":1,"featured_media":678,"parent":399,"menu_order":0,"comment_status":"closed","ping_status":"closed","template":"","meta":{"footnotes":""},"_links":{"self":[{"href":"https:\/\/www.unisantos.br\/pos\/wp-json\/wp\/v2\/pages\/619"}],"collection":[{"href":"https:\/\/www.unisantos.br\/pos\/wp-json\/wp\/v2\/pages"}],"about":[{"href":"https:\/\/www.unisantos.br\/pos\/wp-json\/wp\/v2\/types\/page"}],"author":[{"embeddable":true,"href":"https:\/\/www.unisantos.br\/pos\/wp-json\/wp\/v2\/users\/1"}],"replies":[{"embeddable":true,"href":"https:\/\/www.unisantos.br\/pos\/wp-json\/wp\/v2\/comments?post=619"}],"version-history":[{"count":2,"href":"https:\/\/www.unisantos.br\/pos\/wp-json\/wp\/v2\/pages\/619\/revisions"}],"predecessor-version":[{"id":5542,"href":"https:\/\/www.unisantos.br\/pos\/wp-json\/wp\/v2\/pages\/619\/revisions\/5542"}],"up":[{"embeddable":true,"href":"https:\/\/www.unisantos.br\/pos\/wp-json\/wp\/v2\/pages\/399"}],"wp:featuredmedia":[{"embeddable":true,"href":"https:\/\/www.unisantos.br\/pos\/wp-json\/wp\/v2\/media\/678"}],"wp:attachment":[{"href":"https:\/\/www.unisantos.br\/pos\/wp-json\/wp\/v2\/media?parent=619"}],"curies":[{"name":"wp","href":"https:\/\/api.w.org\/{rel}","templated":true}]}}