{"id":617,"date":"2018-10-16T13:46:40","date_gmt":"2018-10-16T16:46:40","guid":{"rendered":"https:\/\/www.unisantos.br\/pos\/?page_id=617"},"modified":"2023-08-14T13:47:08","modified_gmt":"2023-08-14T16:47:08","slug":"introducao-ao-geoprocessamento-utilizando-o-software-qgis","status":"publish","type":"page","link":"https:\/\/www.unisantos.br\/pos\/qualificacao\/introducao-ao-geoprocessamento-utilizando-o-software-qgis\/","title":{"rendered":"Introdu\u00e7\u00e3o ao Geoprocessamento Utilizando o Software QGIS"},"content":{"rendered":"<p><strong>PROFESSOR RESPONS\u00c1VEL<\/strong><br \/>\nProfessor Me. Jhonnes Alberto Vaz<\/p>\n<p><strong>CARGA HOR\u00c1RIA<\/strong><br \/>\n30 h\/a<\/p>\n<p><strong>LOCAL<\/strong><br \/>\nCampus Dom Id\u00edlio Jos\u00e9 Soares<\/p>\n<p><strong>OBJETIVOS<\/strong><br \/>\nConceituar: Cartografia, Sistema de Informa\u00e7\u00f5es Geogr\u00e1fica, Sensoriamento Remoto e Geoprocessamento;<br \/>\nExplorar o software <em>open source<\/em> QGIS como uma poderosa ferramenta gratuita de geoprocessamento;<br \/>\nPromover o contato do estudante, com exemplos reais, sobre a manipula\u00e7\u00e3o de dados espaciais e extra\u00e7\u00e3o de informa\u00e7\u00f5es utilizando o Geoprocessamento;<br \/>\nConhecer as fontes, nacionais e internacionais, de dados geogr\u00e1ficos;<br \/>\nExecutar a produ\u00e7\u00e3o de cartas e mapas tem\u00e1ticos utilizando o geoprocessamento.<\/p>\n<p><strong>P\u00daBLICO-ALVO<\/strong><br \/>\nO curso tem como p\u00fablico-alvo discentes da Universidade Cat\u00f3lica de Santos, bem como profissionais que tenham o interesse e o objetivo de conhecer o geoprocessamento e o software QGIS e utilizar a ferramenta em seu cotidiano profissional e\/ou de estudos.<\/p>\n<p><strong>CONTE\u00daDO<\/strong><br \/>\nIntrodu\u00e7\u00e3o aos conceitos de cartografia tem\u00e1tica;<br \/>\nSistema de informa\u00e7\u00f5es geogr\u00e1ficas;<br \/>\nSensoriamento remoto e geoprocessamento.<br \/>\nInicializando o uso do software qgis e sua interface.<br \/>\nDados vetoriais e matriciais.<br \/>\nInicializando projetos no qgis\/sele\u00e7\u00e3o e consulta em dados vetoriais.<br \/>\nElabora\u00e7\u00e3o de mapas tem\u00e1ticos;<br \/>\nOp\u00e7\u00f5es de simbologia e rotula\u00e7\u00e3o.<br \/>\nManipula\u00e7\u00e3o da tabela de atributos;<br \/>\nEdi\u00e7\u00e3o de atributos;<br \/>\nUni\u00e3o de tabelas de atributos.<br \/>\nM\u00e9todos de c\u00e1lculo de \u00e1reas e dist\u00e2ncias;<br \/>\nExtra\u00e7\u00e3o de coordenadas;<br \/>\nGera\u00e7\u00e3o de camadas vetoriais a partir de lista de coordenadas de pontos.<br \/>\nProdu\u00e7\u00e3o de mapas para impress\u00e3o e publica\u00e7\u00e3o (layout).<br \/>\nAn\u00e1lise espacial;<br \/>\nMapas de kernel;<br \/>\nDiagramas de voronoi.<br \/>\nComplementos (plugins) do qgis;<br \/>\nComplemento openlayers;<br \/>\nFerramentas para memorial descritivo.<br \/>\nGeorreferenciamento de dados raster;<br \/>\nRecorte e mosaico de dados raster;<br \/>\nComposi\u00e7\u00e3o rgb de dados raster<br \/>\nUso da calculadora raster; c\u00e1lculo ndvi;<br \/>\nClassifica\u00e7\u00e3o a partir de banda simples falsa cor; vetoriza\u00e7\u00e3o de dados raster.<\/p>\n<p><strong>OBSERVA\u00c7\u00d5ES<\/strong><br \/>\nA Universidade se reserva o direito de alterar o cronograma e o corpo docente.<br \/>\nDocumenta\u00e7\u00e3o necess\u00e1ria para quem n\u00e3o \u00e9 aluno da Cat\u00f3lica de Santos:\u00a0c\u00f3pias do RG, CPF, certid\u00e3o de nascimento ou casamento.<br \/>\nA inscri\u00e7\u00e3o presencial s\u00f3 poder\u00e1 ser efetuada pelo interessado no curso, ou por pessoa munida de procura\u00e7\u00e3o autenticada em cart\u00f3rio.<br \/>\nA efetiva\u00e7\u00e3o da matr\u00edcula est\u00e1 condicionada ao pagamento do boleto da 1\u00aa. parcela e entrega da documenta\u00e7\u00e3o exigida.<\/p>\n<div><strong>OUTRAS INFORMA\u00c7\u00d5ES<\/strong><\/div>\n<div>Departamento de Atendimento Integrado<\/div>\n<div>Telefones: (13) 3205-5555 \u2013 ramais 1354\/1384<\/div>\n<div>E-mail: dat@unisantos.br<\/div>\n<p>&nbsp;<\/p>\n","protected":false},"excerpt":{"rendered":"<p>PROFESSOR RESPONS\u00c1VEL Professor Me. Jhonnes Alberto Vaz CARGA HOR\u00c1RIA 30 h\/a LOCAL Campus Dom Id\u00edlio Jos\u00e9 Soares OBJETIVOS Conceituar: Cartografia, [&hellip;]<\/p>\n","protected":false},"author":1,"featured_media":673,"parent":399,"menu_order":0,"comment_status":"closed","ping_status":"closed","template":"","meta":{"footnotes":""},"_links":{"self":[{"href":"https:\/\/www.unisantos.br\/pos\/wp-json\/wp\/v2\/pages\/617"}],"collection":[{"href":"https:\/\/www.unisantos.br\/pos\/wp-json\/wp\/v2\/pages"}],"about":[{"href":"https:\/\/www.unisantos.br\/pos\/wp-json\/wp\/v2\/types\/page"}],"author":[{"embeddable":true,"href":"https:\/\/www.unisantos.br\/pos\/wp-json\/wp\/v2\/users\/1"}],"replies":[{"embeddable":true,"href":"https:\/\/www.unisantos.br\/pos\/wp-json\/wp\/v2\/comments?post=617"}],"version-history":[{"count":2,"href":"https:\/\/www.unisantos.br\/pos\/wp-json\/wp\/v2\/pages\/617\/revisions"}],"predecessor-version":[{"id":5483,"href":"https:\/\/www.unisantos.br\/pos\/wp-json\/wp\/v2\/pages\/617\/revisions\/5483"}],"up":[{"embeddable":true,"href":"https:\/\/www.unisantos.br\/pos\/wp-json\/wp\/v2\/pages\/399"}],"wp:featuredmedia":[{"embeddable":true,"href":"https:\/\/www.unisantos.br\/pos\/wp-json\/wp\/v2\/media\/673"}],"wp:attachment":[{"href":"https:\/\/www.unisantos.br\/pos\/wp-json\/wp\/v2\/media?parent=617"}],"curies":[{"name":"wp","href":"https:\/\/api.w.org\/{rel}","templated":true}]}}