{"id":615,"date":"2018-10-16T13:46:18","date_gmt":"2018-10-16T16:46:18","guid":{"rendered":"https:\/\/www.unisantos.br\/pos\/?page_id=615"},"modified":"2021-09-28T18:29:32","modified_gmt":"2021-09-28T21:29:32","slug":"interpretacao-dos-requisitos-da-ohsas-180012007","status":"publish","type":"page","link":"https:\/\/www.unisantos.br\/pos\/qualificacao\/interpretacao-dos-requisitos-da-ohsas-180012007\/","title":{"rendered":"Interpreta\u00e7\u00e3o dos Requisitos da OHSAS 18001:2007"},"content":{"rendered":"<p><strong>CARGA HOR\u00c1RIA<\/strong><br \/>\n16 h\/a<\/p>\n<p><strong>OBJETIVO<\/strong><br \/>\nConhecer o Sistema de Gest\u00e3o de Sa\u00fade e Seguran\u00e7a do Trabalho na norma OHSAS 18001:2007.<\/p>\n<p><strong>P\u00daBLICO-ALVO<\/strong><br \/>\nGestores e profissionais que atuam no de Sistema de Gest\u00e3o, profissionais de consultoria, especialistas em gest\u00e3o da qualidade e demais interessados que buscam aperfei\u00e7oamento profissional.<\/p>\n<p><strong>CONTE\u00daDO<\/strong><br \/>\nConceitos relativos a sa\u00fade e seguran\u00e7a do trabalho;<br \/>\nObjetivos e campo de aplica\u00e7\u00e3o da OHSAS 18001:07;<br \/>\nDescri\u00e7\u00e3o dos requisitos da OHSAS 18001:07;<br \/>\nRequisitos Gerais;<br \/>\nPol\u00edtica SSO;<br \/>\nIdentifica\u00e7\u00e3o de Perigos, Classifica\u00e7\u00e3o de Riscos e Medidas de Controle;<br \/>\nRequisitos Legais e Outros Subscritos;<br \/>\nObjetivos, Metas e Programas;<br \/>\nFun\u00e7\u00f5es, Presta\u00e7\u00e3o de Contas, Responsabilidades, Autoridades e Recursos;<br \/>\nCompet\u00eancia, Treinamento e Conscientiza\u00e7\u00e3o;<br \/>\nComunica\u00e7\u00e3o e Consulta;<br \/>\nDocumenta\u00e7\u00e3o e Controle de Documentos;<br \/>\nControle Operacional;<br \/>\nPrepara\u00e7\u00e3o e Resposta a Emerg\u00eancias;<br \/>\nMonitoramento e Medi\u00e7\u00e3o;<br \/>\nMonitoramento do Atendimento aos Requisitos Legais;<br \/>\nN\u00e3o Conformidades, Incidentes, A\u00e7\u00f5es Corretivas e Preventivas;<br \/>\nControle de registros;<br \/>\nAuditoria Interna;<br \/>\nAn\u00e1lise cr\u00edtica da Dire\u00e7\u00e3o.<\/p>\n<p><strong>OBSERVA\u00c7\u00d5ES<\/strong><br \/>\nA Universidade se reserva o direito de alterar o cronograma e o corpo docente.<br \/>\nDocumenta\u00e7\u00e3o necess\u00e1ria para quem n\u00e3o \u00e9 aluno da Cat\u00f3lica de Santos:\u00a0c\u00f3pias do RG, CPF, certid\u00e3o de nascimento ou casamento.<br \/>\nA inscri\u00e7\u00e3o presencial s\u00f3 poder\u00e1 ser efetuada pelo interessado no curso, ou por pessoa munida de procura\u00e7\u00e3o autenticada em cart\u00f3rio.<br \/>\nA efetiva\u00e7\u00e3o da matr\u00edcula est\u00e1 condicionada ao pagamento do boleto da 1\u00aa. parcela e entrega da documenta\u00e7\u00e3o exigida.<\/p>\n<div><strong>OUTRAS INFORMA\u00c7\u00d5ES<\/strong><\/div>\n<div>Departamento de Atendimento Integrado<\/div>\n<div>Telefones: (13) 3205-5555 \u2013 ramais 1354\/1384<\/div>\n<div>E-mail: dat@unisantos.br<\/div>\n<p>&nbsp;<\/p>\n","protected":false},"excerpt":{"rendered":"<p>CARGA HOR\u00c1RIA 16 h\/a OBJETIVO Conhecer o Sistema de Gest\u00e3o de Sa\u00fade e Seguran\u00e7a do Trabalho na norma OHSAS 18001:2007. [&hellip;]<\/p>\n","protected":false},"author":1,"featured_media":686,"parent":399,"menu_order":0,"comment_status":"closed","ping_status":"closed","template":"","meta":{"footnotes":""},"_links":{"self":[{"href":"https:\/\/www.unisantos.br\/pos\/wp-json\/wp\/v2\/pages\/615"}],"collection":[{"href":"https:\/\/www.unisantos.br\/pos\/wp-json\/wp\/v2\/pages"}],"about":[{"href":"https:\/\/www.unisantos.br\/pos\/wp-json\/wp\/v2\/types\/page"}],"author":[{"embeddable":true,"href":"https:\/\/www.unisantos.br\/pos\/wp-json\/wp\/v2\/users\/1"}],"replies":[{"embeddable":true,"href":"https:\/\/www.unisantos.br\/pos\/wp-json\/wp\/v2\/comments?post=615"}],"version-history":[{"count":2,"href":"https:\/\/www.unisantos.br\/pos\/wp-json\/wp\/v2\/pages\/615\/revisions"}],"predecessor-version":[{"id":4004,"href":"https:\/\/www.unisantos.br\/pos\/wp-json\/wp\/v2\/pages\/615\/revisions\/4004"}],"up":[{"embeddable":true,"href":"https:\/\/www.unisantos.br\/pos\/wp-json\/wp\/v2\/pages\/399"}],"wp:featuredmedia":[{"embeddable":true,"href":"https:\/\/www.unisantos.br\/pos\/wp-json\/wp\/v2\/media\/686"}],"wp:attachment":[{"href":"https:\/\/www.unisantos.br\/pos\/wp-json\/wp\/v2\/media?parent=615"}],"curies":[{"name":"wp","href":"https:\/\/api.w.org\/{rel}","templated":true}]}}