{"id":613,"date":"2018-10-16T13:45:50","date_gmt":"2018-10-16T16:45:50","guid":{"rendered":"https:\/\/www.unisantos.br\/pos\/?page_id=613"},"modified":"2023-08-14T14:05:12","modified_gmt":"2023-08-14T17:05:12","slug":"interpretacao-dos-requisitos-da-nova-iso-90012015","status":"publish","type":"page","link":"https:\/\/www.unisantos.br\/pos\/qualificacao\/interpretacao-dos-requisitos-da-nova-iso-90012015\/","title":{"rendered":"Interpreta\u00e7\u00e3o dos Requisitos da Nova ISO 9001:2015"},"content":{"rendered":"<p><strong>PROFESSORA RESPONS\u00c1VEL<\/strong><br \/>\nProf\u00aa. Dr\u00aa. Michele Leiko Uemura<\/p>\n<p><strong>CARGA HOR\u00c1RIA<\/strong><br \/>\n16 h\/a<\/p>\n<p><strong>LOCAL<\/strong><br \/>\nCampus Dom Id\u00edlio Jos\u00e9 Soares<\/p>\n<p><strong>OBJETIVO<\/strong><br \/>\nConhecer o Sistema de Gest\u00e3o da Qualidade para a nova vers\u00e3o da norma ISO 9.001:2015<\/p>\n<p><strong>P\u00daBLICO-ALVO<\/strong><br \/>\nGestores e profissionais que atuam no de Sistema de Gest\u00e3o da Qualidade, profissionais de consultoria, especialistas em gest\u00e3o da qualidade e demais interessados que buscam aperfei\u00e7oamento profissional.<\/p>\n<p><strong>CONTE\u00daDO<\/strong><br \/>\nIntrodu\u00e7\u00e3o ao sistema de Gest\u00e3o da Qualidade;<br \/>\nVis\u00e3o geral da ISO 9001:2015;<br \/>\nDescri\u00e7\u00e3o dos requisitos da ISO 9001;<br \/>\nContexto de uma organiza\u00e7\u00e3o;<br \/>\nLideran\u00e7a;<br \/>\nPlanejamento para o sistema de gest\u00e3o da qualidade;<br \/>\nSuporte;<br \/>\nOpera\u00e7\u00e3o;<br \/>\nAvalia\u00e7\u00e3o de Desempenho;<br \/>\nMelhoria;<br \/>\nEstudo de Caso.<\/p>\n<p><strong>OBSERVA\u00c7\u00d5ES<\/strong><br \/>\nA Universidade se reserva o direito de alterar o cronograma e o corpo docente.<br \/>\nDocumenta\u00e7\u00e3o necess\u00e1ria para quem n\u00e3o \u00e9 aluno da Cat\u00f3lica de Santos: c\u00f3pias do RG, CPF, certid\u00e3o de nascimento ou casamento.<br \/>\nA inscri\u00e7\u00e3o presencial s\u00f3 poder\u00e1 ser efetuada pelo interessado no curso, ou por pessoa munida de procura\u00e7\u00e3o autenticada em cart\u00f3rio.<br \/>\nA efetiva\u00e7\u00e3o da matr\u00edcula est\u00e1 condicionada ao pagamento do boleto da 1\u00aa. parcela e entrega da documenta\u00e7\u00e3o exigida.<\/p>\n<div><strong>OUTRAS INFORMA\u00c7\u00d5ES<\/strong><\/div>\n<div>Departamento de Atendimento Integrado<\/div>\n<div>Telefones: (13) 3205-5555 \u2013 ramais 1354\/1384<\/div>\n<div>E-mail: dat@unisantos.br<\/div>\n","protected":false},"excerpt":{"rendered":"<p>PROFESSORA RESPONS\u00c1VEL Prof\u00aa. Dr\u00aa. Michele Leiko Uemura CARGA HOR\u00c1RIA 16 h\/a LOCAL Campus Dom Id\u00edlio Jos\u00e9 Soares OBJETIVO Conhecer o [&hellip;]<\/p>\n","protected":false},"author":1,"featured_media":675,"parent":399,"menu_order":0,"comment_status":"closed","ping_status":"closed","template":"","meta":{"footnotes":""},"_links":{"self":[{"href":"https:\/\/www.unisantos.br\/pos\/wp-json\/wp\/v2\/pages\/613"}],"collection":[{"href":"https:\/\/www.unisantos.br\/pos\/wp-json\/wp\/v2\/pages"}],"about":[{"href":"https:\/\/www.unisantos.br\/pos\/wp-json\/wp\/v2\/types\/page"}],"author":[{"embeddable":true,"href":"https:\/\/www.unisantos.br\/pos\/wp-json\/wp\/v2\/users\/1"}],"replies":[{"embeddable":true,"href":"https:\/\/www.unisantos.br\/pos\/wp-json\/wp\/v2\/comments?post=613"}],"version-history":[{"count":3,"href":"https:\/\/www.unisantos.br\/pos\/wp-json\/wp\/v2\/pages\/613\/revisions"}],"predecessor-version":[{"id":5505,"href":"https:\/\/www.unisantos.br\/pos\/wp-json\/wp\/v2\/pages\/613\/revisions\/5505"}],"up":[{"embeddable":true,"href":"https:\/\/www.unisantos.br\/pos\/wp-json\/wp\/v2\/pages\/399"}],"wp:featuredmedia":[{"embeddable":true,"href":"https:\/\/www.unisantos.br\/pos\/wp-json\/wp\/v2\/media\/675"}],"wp:attachment":[{"href":"https:\/\/www.unisantos.br\/pos\/wp-json\/wp\/v2\/media?parent=613"}],"curies":[{"name":"wp","href":"https:\/\/api.w.org\/{rel}","templated":true}]}}