{"id":611,"date":"2018-10-16T13:45:32","date_gmt":"2018-10-16T16:45:32","guid":{"rendered":"https:\/\/www.unisantos.br\/pos\/?page_id=611"},"modified":"2023-08-14T14:12:40","modified_gmt":"2023-08-14T17:12:40","slug":"interacao-entre-nutrientes-e-medicamentos","status":"publish","type":"page","link":"https:\/\/www.unisantos.br\/pos\/qualificacao\/interacao-entre-nutrientes-e-medicamentos\/","title":{"rendered":"Intera\u00e7\u00e3o entre Nutrientes e Medicamentos"},"content":{"rendered":"<p><strong>CARGA HOR\u00c1RIA<br \/>\n<\/strong>8 h<\/p>\n<p><strong>OBJETIVOS<br \/>\n<\/strong>\u2022 Fornecer informa\u00e7\u00f5es sobre as intera\u00e7\u00f5es entre medicamentos\u00a0 e alimentos<br \/>\n\u2022 Discutir m\u00e9todos e t\u00e9cnicas que evitem que um prejudique a a\u00e7\u00e3o e absor\u00e7\u00e3o do outro, causando poss\u00edvel desnutri\u00e7\u00e3o, ou perda da efic\u00e1cia do medicamento<\/p>\n<p><strong>P\u00daBLICO-ALVO<br \/>\n<\/strong>Estudantes e profissionais das \u00e1reas de Nutri\u00e7\u00e3o e Farm\u00e1cia.<\/p>\n<p><strong>CONTE\u00daDO<\/strong><br \/>\n\u2022 Conceitos em Intera\u00e7\u00e3o droga x nutriente<br \/>\n\u2022 Antiulcerosos, anti\u00e1cidos e laxantes versus alimentos<br \/>\n\u2022 Antidiab\u00e9ticos, anti-hipertensivos e hipolipidemiantes versus alimentos<br \/>\n\u2022 Analg\u00e9sicos e antiinflamat\u00f3rios versus alimentos<br \/>\n\u2022 Intera\u00e7\u00f5es com antibi\u00f3ticos e antimicrobianos<br \/>\n\u2022 Antineopl\u00e1sicos e alimenta\u00e7\u00e3o do paciente com c\u00e2ncer<br \/>\n\u2022 Ansiol\u00edticos e antidepressivos versus alimentos<br \/>\n\u2022 Intera\u00e7\u00f5es espec\u00edficas<br \/>\n\u2022 Defici\u00eancia de nutrientes decorrente de intera\u00e7\u00f5es entre alimentos e medicamentos e exames laboratoriais<\/p>\n<p><strong>OBSERVA\u00c7\u00d5ES<\/strong><br \/>\n\u2022 A Universidade se reserva o direito de alterar o cronograma e o corpo docente.<br \/>\n\u2022 Documenta\u00e7\u00e3o necess\u00e1ria: c\u00f3pias do RG, CPF.<br \/>\n\u2022 A inscri\u00e7\u00e3o presencial s\u00f3 poder\u00e1 ser efetuada pelo interessado no curso, ou por pessoa munida de procura\u00e7\u00e3o autenticada em cart\u00f3rio.<br \/>\n\u2022 A efetiva\u00e7\u00e3o da matr\u00edcula est\u00e1 condicionada ao pagamento do boleto da 1\u00aa. parcela e entrega da documenta\u00e7\u00e3o exigida.<\/p>\n","protected":false},"excerpt":{"rendered":"<p>CARGA HOR\u00c1RIA 8 h OBJETIVOS \u2022 Fornecer informa\u00e7\u00f5es sobre as intera\u00e7\u00f5es entre medicamentos\u00a0 e alimentos \u2022 Discutir m\u00e9todos e t\u00e9cnicas [&hellip;]<\/p>\n","protected":false},"author":1,"featured_media":677,"parent":399,"menu_order":0,"comment_status":"closed","ping_status":"closed","template":"","meta":{"footnotes":""},"_links":{"self":[{"href":"https:\/\/www.unisantos.br\/pos\/wp-json\/wp\/v2\/pages\/611"}],"collection":[{"href":"https:\/\/www.unisantos.br\/pos\/wp-json\/wp\/v2\/pages"}],"about":[{"href":"https:\/\/www.unisantos.br\/pos\/wp-json\/wp\/v2\/types\/page"}],"author":[{"embeddable":true,"href":"https:\/\/www.unisantos.br\/pos\/wp-json\/wp\/v2\/users\/1"}],"replies":[{"embeddable":true,"href":"https:\/\/www.unisantos.br\/pos\/wp-json\/wp\/v2\/comments?post=611"}],"version-history":[{"count":2,"href":"https:\/\/www.unisantos.br\/pos\/wp-json\/wp\/v2\/pages\/611\/revisions"}],"predecessor-version":[{"id":5535,"href":"https:\/\/www.unisantos.br\/pos\/wp-json\/wp\/v2\/pages\/611\/revisions\/5535"}],"up":[{"embeddable":true,"href":"https:\/\/www.unisantos.br\/pos\/wp-json\/wp\/v2\/pages\/399"}],"wp:featuredmedia":[{"embeddable":true,"href":"https:\/\/www.unisantos.br\/pos\/wp-json\/wp\/v2\/media\/677"}],"wp:attachment":[{"href":"https:\/\/www.unisantos.br\/pos\/wp-json\/wp\/v2\/media?parent=611"}],"curies":[{"name":"wp","href":"https:\/\/api.w.org\/{rel}","templated":true}]}}