{"id":609,"date":"2018-10-16T13:44:59","date_gmt":"2018-10-16T16:44:59","guid":{"rendered":"https:\/\/www.unisantos.br\/pos\/?page_id=609"},"modified":"2023-08-14T14:05:02","modified_gmt":"2023-08-14T17:05:02","slug":"identificacao-e-gestao-de-riscos-ambientais","status":"publish","type":"page","link":"https:\/\/www.unisantos.br\/pos\/qualificacao\/identificacao-e-gestao-de-riscos-ambientais\/","title":{"rendered":"Identifica\u00e7\u00e3o e Gest\u00e3o de Riscos Ambientais"},"content":{"rendered":"<p><strong>PROFESSOR RESPONS\u00c1VEL<\/strong><br \/>\nProf\u00aa. Dr\u00aa. Michele Leiko Uemura<\/p>\n<p><strong>CARGA HOR\u00c1RIA<\/strong><br \/>\n24 h\/a<\/p>\n<p><strong>LOCAL<\/strong><br \/>\nCampus Dom Id\u00edlio Jos\u00e9 Soares<\/p>\n<p><strong>OBJETIVOS<\/strong><br \/>\nConhecer a Norma T\u00e9cnica P4.261 da Cetesb;<br \/>\nConhecer as t\u00e9cnicas relacionadas a estudos de an\u00e1lise de risco e programa de gerenciamento de risco;<br \/>\nGerenciar riscos associados a atividades que envolvem o processo e a manipula\u00e7\u00e3o de subst\u00e2ncias qu\u00edmicas perigosas.<\/p>\n<p><strong>P\u00daBLICO-ALVO<\/strong><br \/>\nGestores e profissionais que atuam na \u00e1rea ambiental, profissionais de consultoria, especialistas em gest\u00e3o e demais interessados que buscam aperfei\u00e7oamento profissional.<\/p>\n<p><strong>CONTE\u00daDO<\/strong><br \/>\nHist\u00f3rico e conceitos b\u00e1sicos;<br \/>\nTomada de decis\u00e3o (EAR ou PGR);<br \/>\nT\u00e9cnicas de identifica\u00e7\u00e3o de perigos;<br \/>\nAn\u00e1lise Preliminar de Perigos, An\u00e1lise de Perigos e Operabilidade (HazOp), What if (E se?).<br \/>\nEstimativa de Frequ\u00eancias;<br \/>\nEstimativa de Efeitos F\u00edsicos;<br \/>\nAvalia\u00e7\u00e3o de Vulnerabilidade;<br \/>\nEstimativa e Avalia\u00e7\u00e3o de Risco;<br \/>\nRedu\u00e7\u00e3o do Risco;<br \/>\nPrograma de Gerenciamento de Risco;<br \/>\nPlano de A\u00e7\u00e3o de Emerg\u00eancia.<\/p>\n<p><strong>OBSERVA\u00c7\u00d5ES<\/strong><br \/>\nA Universidade se reserva o direito de alterar o cronograma e o corpo docente.<br \/>\nDocumenta\u00e7\u00e3o necess\u00e1ria para quem n\u00e3o \u00e9 aluno da Cat\u00f3lica de Santos:\u00a0c\u00f3pias do RG, CPF, certid\u00e3o de nascimento ou casamento.<br \/>\nA inscri\u00e7\u00e3o presencial s\u00f3 poder\u00e1 ser efetuada pelo interessado no curso, ou por pessoa munida de procura\u00e7\u00e3o autenticada em cart\u00f3rio.<br \/>\nA efetiva\u00e7\u00e3o da matr\u00edcula est\u00e1 condicionada ao pagamento do boleto da 1\u00aa. parcela e entrega da documenta\u00e7\u00e3o exigida.<\/p>\n<div><strong>OUTRAS INFORMA\u00c7\u00d5ES<\/strong><\/div>\n<div>Departamento de Atendimento Integrado<\/div>\n<div>Telefones: (13) 3205-5555 \u2013 ramais 1354\/1384<\/div>\n<div>E-mail: dat@unisantos.br<\/div>\n<p>&nbsp;<\/p>\n","protected":false},"excerpt":{"rendered":"<p>PROFESSOR RESPONS\u00c1VEL Prof\u00aa. Dr\u00aa. Michele Leiko Uemura CARGA HOR\u00c1RIA 24 h\/a LOCAL Campus Dom Id\u00edlio Jos\u00e9 Soares OBJETIVOS Conhecer a [&hellip;]<\/p>\n","protected":false},"author":1,"featured_media":675,"parent":399,"menu_order":0,"comment_status":"closed","ping_status":"closed","template":"","meta":{"footnotes":""},"_links":{"self":[{"href":"https:\/\/www.unisantos.br\/pos\/wp-json\/wp\/v2\/pages\/609"}],"collection":[{"href":"https:\/\/www.unisantos.br\/pos\/wp-json\/wp\/v2\/pages"}],"about":[{"href":"https:\/\/www.unisantos.br\/pos\/wp-json\/wp\/v2\/types\/page"}],"author":[{"embeddable":true,"href":"https:\/\/www.unisantos.br\/pos\/wp-json\/wp\/v2\/users\/1"}],"replies":[{"embeddable":true,"href":"https:\/\/www.unisantos.br\/pos\/wp-json\/wp\/v2\/comments?post=609"}],"version-history":[{"count":3,"href":"https:\/\/www.unisantos.br\/pos\/wp-json\/wp\/v2\/pages\/609\/revisions"}],"predecessor-version":[{"id":5504,"href":"https:\/\/www.unisantos.br\/pos\/wp-json\/wp\/v2\/pages\/609\/revisions\/5504"}],"up":[{"embeddable":true,"href":"https:\/\/www.unisantos.br\/pos\/wp-json\/wp\/v2\/pages\/399"}],"wp:featuredmedia":[{"embeddable":true,"href":"https:\/\/www.unisantos.br\/pos\/wp-json\/wp\/v2\/media\/675"}],"wp:attachment":[{"href":"https:\/\/www.unisantos.br\/pos\/wp-json\/wp\/v2\/media?parent=609"}],"curies":[{"name":"wp","href":"https:\/\/api.w.org\/{rel}","templated":true}]}}