{"id":607,"date":"2018-10-16T13:44:30","date_gmt":"2018-10-16T16:44:30","guid":{"rendered":"https:\/\/www.unisantos.br\/pos\/?page_id=607"},"modified":"2023-08-14T14:25:40","modified_gmt":"2023-08-14T17:25:40","slug":"identificacao-e-classificacao-de-perigos-e-riscos","status":"publish","type":"page","link":"https:\/\/www.unisantos.br\/pos\/qualificacao\/identificacao-e-classificacao-de-perigos-e-riscos\/","title":{"rendered":"Identifica\u00e7\u00e3o e Classifica\u00e7\u00e3o de Perigos e Riscos"},"content":{"rendered":"<p><strong>CARGA HOR\u00c1RIA<br \/>\n<\/strong>8 h\/a<\/p>\n<p><strong>LOCAL<\/strong><br \/>\nCampus Dom Id\u00edlio Jos\u00e9 Soares<\/p>\n<p><strong>OBJETIVO<\/strong><br \/>\nCompreender o conceito de perigos e riscos ocupacionais;<br \/>\nInterpretar o requisito OHSAS 18001;<br \/>\nConhecer etapas do processo de identifica\u00e7\u00e3o e avalia\u00e7\u00e3o dos perigos e riscos ocupacionais;<br \/>\nDiscutir as medidas de controle necess\u00e1rias para tratar os riscos significativos.<\/p>\n<p><strong>P\u00daBLICO-ALVO<\/strong><br \/>\nGestores e profissionais que atuam no de Sistema de Gest\u00e3o, profissionais de consultoria, especialistas em gest\u00e3o e demais interessados que buscam aperfei\u00e7oamento profissional.<\/p>\n<p><strong>CONTE\u00daDO<\/strong><br \/>\nPerigos, danos e riscos ocupacionais \u2013 defini\u00e7\u00f5es;<br \/>\nExemplos de perigos e danos ocupacionais;<br \/>\nObjetivos da Avalia\u00e7\u00e3o;<br \/>\nMetodologia de Avalia\u00e7\u00e3o;<br \/>\nEtapas do processo para a identifica\u00e7\u00e3o dos perigos e danos ocupacionais;<br \/>\nAvalia\u00e7\u00e3o da signific\u00e2ncia dos riscos ocupacionais;<br \/>\nDefini\u00e7\u00e3o de medidas de controle necess\u00e1rias para tratar os riscos significativos;<\/p>\n<p><strong>OBSERVA\u00c7\u00d5ES<\/strong><br \/>\nA Universidade se reserva o direito de alterar o cronograma e o corpo docente.<br \/>\nDocumenta\u00e7\u00e3o necess\u00e1ria para quem n\u00e3o \u00e9 aluno da Cat\u00f3lica de Santos:\u00a0c\u00f3pias do RG, CPF, certid\u00e3o de nascimento ou casamento.<br \/>\nA inscri\u00e7\u00e3o presencial s\u00f3 poder\u00e1 ser efetuada pelo interessado no curso, ou por pessoa munida de procura\u00e7\u00e3o autenticada em cart\u00f3rio.<br \/>\nA efetiva\u00e7\u00e3o da matr\u00edcula est\u00e1 condicionada ao pagamento do boleto da 1\u00aa. parcela e entrega da documenta\u00e7\u00e3o exigida.<\/p>\n<div><strong>OUTRAS INFORMA\u00c7\u00d5ES<\/strong><\/div>\n<div>Departamento de Atendimento Integrado<\/div>\n<div>Telefones: (13) 3205-5555 \u2013 ramais 1354\/1384<\/div>\n<div>E-mail: dat@unisantos.br<\/div>\n<p>&nbsp;<\/p>\n","protected":false},"excerpt":{"rendered":"<p>CARGA HOR\u00c1RIA 8 h\/a LOCAL Campus Dom Id\u00edlio Jos\u00e9 Soares OBJETIVO Compreender o conceito de perigos e riscos ocupacionais; Interpretar [&hellip;]<\/p>\n","protected":false},"author":1,"featured_media":686,"parent":399,"menu_order":0,"comment_status":"closed","ping_status":"closed","template":"","meta":{"footnotes":""},"_links":{"self":[{"href":"https:\/\/www.unisantos.br\/pos\/wp-json\/wp\/v2\/pages\/607"}],"collection":[{"href":"https:\/\/www.unisantos.br\/pos\/wp-json\/wp\/v2\/pages"}],"about":[{"href":"https:\/\/www.unisantos.br\/pos\/wp-json\/wp\/v2\/types\/page"}],"author":[{"embeddable":true,"href":"https:\/\/www.unisantos.br\/pos\/wp-json\/wp\/v2\/users\/1"}],"replies":[{"embeddable":true,"href":"https:\/\/www.unisantos.br\/pos\/wp-json\/wp\/v2\/comments?post=607"}],"version-history":[{"count":2,"href":"https:\/\/www.unisantos.br\/pos\/wp-json\/wp\/v2\/pages\/607\/revisions"}],"predecessor-version":[{"id":5557,"href":"https:\/\/www.unisantos.br\/pos\/wp-json\/wp\/v2\/pages\/607\/revisions\/5557"}],"up":[{"embeddable":true,"href":"https:\/\/www.unisantos.br\/pos\/wp-json\/wp\/v2\/pages\/399"}],"wp:featuredmedia":[{"embeddable":true,"href":"https:\/\/www.unisantos.br\/pos\/wp-json\/wp\/v2\/media\/686"}],"wp:attachment":[{"href":"https:\/\/www.unisantos.br\/pos\/wp-json\/wp\/v2\/media?parent=607"}],"curies":[{"name":"wp","href":"https:\/\/api.w.org\/{rel}","templated":true}]}}