{"id":599,"date":"2018-10-16T13:42:51","date_gmt":"2018-10-16T16:42:51","guid":{"rendered":"https:\/\/www.unisantos.br\/pos\/?page_id=599"},"modified":"2023-08-14T14:16:47","modified_gmt":"2023-08-14T17:16:47","slug":"governanca-de-tecnologia-da-informacao","status":"publish","type":"page","link":"https:\/\/www.unisantos.br\/pos\/qualificacao\/governanca-de-tecnologia-da-informacao\/","title":{"rendered":"Governan\u00e7a de Tecnologia da Informa\u00e7\u00e3o"},"content":{"rendered":"<p><strong>CARGA HOR\u00c1RIA<br \/>\n<\/strong>25 h<\/p>\n<p><strong>OBJETIVO<br \/>\n<\/strong>Capacitar profissionais que atuam ou pretendam atuar em \u00e1reas de ger\u00eancia de empresas particulares, p\u00fablicas e de terceiro setor nas principais Tecnologias de Informa\u00e7\u00e3o dispon\u00edveis e na gest\u00e3o eficiente dos recursos de T.I. dentro de uma organiza\u00e7\u00e3o.<\/p>\n<p><strong>P\u00daBLICO-ALVO<\/strong><br \/>\nProfissionais de entidades privadas, p\u00fablicas e de terceiro setor, que necessitem tomar decis\u00f5es relativas \u00e1s opera\u00e7\u00f5es e a investimentos em recursos de Tecnologia da Informa\u00e7\u00e3o. Profissionais que pretendam atuar como Gestores na \u00e1rea de Tecnologia da Informa\u00e7\u00e3o.<\/p>\n<p><strong>CONTE\u00daDO<\/strong><br \/>\n\u2022\u00a0O que \u00e9 Governan\u00e7a<br \/>\n\u2022\u00a0Sarbanes-Oxley<br \/>\n\u2022\u00a0CObIT<br \/>\n\u2022\u00a0Framework de Gest\u00e3o<br \/>\n\u2022\u00a0Indicadores<\/p>\n<p><strong>OBSERVA\u00c7\u00d5ES<\/strong><br \/>\n\u2022 A Universidade se reserva o direito de alterar o cronograma e o corpo docente.<br \/>\n\u2022 Documenta\u00e7\u00e3o necess\u00e1ria: c\u00f3pias do RG, CPF.<br \/>\n\u2022 A inscri\u00e7\u00e3o presencial s\u00f3 poder\u00e1 ser efetuada pelo interessado no curso, ou por pessoa munida de procura\u00e7\u00e3o autenticada em cart\u00f3rio.<br \/>\n\u2022 A efetiva\u00e7\u00e3o da matr\u00edcula est\u00e1 condicionada ao pagamento do boleto da 1\u00aa. parcela e entrega da documenta\u00e7\u00e3o exigida.<\/p>\n","protected":false},"excerpt":{"rendered":"<p>CARGA HOR\u00c1RIA 25 h OBJETIVO Capacitar profissionais que atuam ou pretendam atuar em \u00e1reas de ger\u00eancia de empresas particulares, p\u00fablicas [&hellip;]<\/p>\n","protected":false},"author":1,"featured_media":687,"parent":399,"menu_order":0,"comment_status":"closed","ping_status":"closed","template":"","meta":{"footnotes":""},"_links":{"self":[{"href":"https:\/\/www.unisantos.br\/pos\/wp-json\/wp\/v2\/pages\/599"}],"collection":[{"href":"https:\/\/www.unisantos.br\/pos\/wp-json\/wp\/v2\/pages"}],"about":[{"href":"https:\/\/www.unisantos.br\/pos\/wp-json\/wp\/v2\/types\/page"}],"author":[{"embeddable":true,"href":"https:\/\/www.unisantos.br\/pos\/wp-json\/wp\/v2\/users\/1"}],"replies":[{"embeddable":true,"href":"https:\/\/www.unisantos.br\/pos\/wp-json\/wp\/v2\/comments?post=599"}],"version-history":[{"count":2,"href":"https:\/\/www.unisantos.br\/pos\/wp-json\/wp\/v2\/pages\/599\/revisions"}],"predecessor-version":[{"id":5548,"href":"https:\/\/www.unisantos.br\/pos\/wp-json\/wp\/v2\/pages\/599\/revisions\/5548"}],"up":[{"embeddable":true,"href":"https:\/\/www.unisantos.br\/pos\/wp-json\/wp\/v2\/pages\/399"}],"wp:featuredmedia":[{"embeddable":true,"href":"https:\/\/www.unisantos.br\/pos\/wp-json\/wp\/v2\/media\/687"}],"wp:attachment":[{"href":"https:\/\/www.unisantos.br\/pos\/wp-json\/wp\/v2\/media?parent=599"}],"curies":[{"name":"wp","href":"https:\/\/api.w.org\/{rel}","templated":true}]}}