{"id":5953,"date":"2024-03-04T16:59:50","date_gmt":"2024-03-04T19:59:50","guid":{"rendered":"https:\/\/www.unisantos.br\/pos\/?page_id=5953"},"modified":"2024-09-03T17:58:47","modified_gmt":"2024-09-03T20:58:47","slug":"projeto-de-circuitos-integrados-avancados","status":"publish","type":"page","link":"https:\/\/www.unisantos.br\/pos\/qualificacao\/projeto-de-circuitos-integrados-avancados\/","title":{"rendered":"Projeto de Circuitos Integrados Avan\u00e7ados"},"content":{"rendered":"<p><strong>PROFESSOR RESPONS\u00c1VEL<br \/>\n<\/strong>Prof. Dr. Luiz Carlos Moreira<\/p>\n<p><strong>CARGA HOR\u00c1RIA<br \/>\n<\/strong>30 h\/a<strong>\u00a0<\/strong><\/p>\n<p><strong>LOCAL<br \/>\n<\/strong>Campus Dom Id\u00edlio Jos\u00e9 Soares<\/p>\n<p><strong>OBJETIVO<br \/>\n<\/strong>O objetivo do curso \u00e9 desenvolver e implementar projetos de Circuitos Integrados (CIs), utilizando t\u00e9cnicas de layout e p\u00f3s-layouts em projetos de circuitos anal\u00f3gicos e digitais. Ou seja, utilizando as ferramentas Design Rule Checker (DRC) e Layout Vs Schematic \u2013 (LVS) e extra\u00e7\u00e3o de componentes parasit\u00e1rios.<\/p>\n<p><strong>P\u00daBLICO-ALVO<br \/>\n<\/strong>Estudantes com experi\u00eancia em projetos de microeletr\u00f4nica em ci\u00eancia da computa\u00e7\u00e3o e engenharia el\u00e9trica; engenheiros de computa\u00e7\u00e3o; e t\u00e9cnicos em eletr\u00f4nica.<\/p>\n<p><strong>CONTE\u00daDO<br \/>\n<\/strong>Projeto avan\u00e7ado de Circuitos Anal\u00f3gicos<br \/>\nProjeto avan\u00e7ado de Circuitos Digitais<br \/>\nApresenta\u00e7\u00e3o de Trabalhos<strong>\u00a0<\/strong><\/p>\n<p><strong>OBSERVA\u00c7\u00d5ES<br \/>\n<\/strong>A Universidade se reserva o direito de alterar o cronograma e o corpo docente.<br \/>\nDocumenta\u00e7\u00e3o necess\u00e1ria para quem n\u00e3o \u00e9 aluno da Cat\u00f3lica de Santos: c\u00f3pias do RG, CPF, certid\u00e3o de nascimento ou casamento.<br \/>\nA inscri\u00e7\u00e3o presencial s\u00f3 poder\u00e1 ser efetuada pelo interessado no curso, ou por pessoa munida de procura\u00e7\u00e3o autenticada em cart\u00f3rio.<br \/>\nA efetiva\u00e7\u00e3o da matr\u00edcula est\u00e1 condicionada ao pagamento do boleto da 1\u00aa. parcela e entrega da documenta\u00e7\u00e3o exigida.<\/p>\n<p><strong>OUTRAS INFORMA\u00c7\u00d5ES<br \/>\nDepartamento de Atendimento Integrado<br \/>\n<\/strong>Telefone: (13) 3205-5555<br \/>\nE-mail: dat@unisantos.br<\/p>\n","protected":false},"excerpt":{"rendered":"<p>PROFESSOR RESPONS\u00c1VEL Prof. Dr. Luiz Carlos Moreira CARGA HOR\u00c1RIA 30 h\/a\u00a0 LOCAL Campus Dom Id\u00edlio Jos\u00e9 Soares OBJETIVO O objetivo [&hellip;]<\/p>\n","protected":false},"author":1,"featured_media":0,"parent":399,"menu_order":0,"comment_status":"closed","ping_status":"closed","template":"","meta":{"footnotes":""},"_links":{"self":[{"href":"https:\/\/www.unisantos.br\/pos\/wp-json\/wp\/v2\/pages\/5953"}],"collection":[{"href":"https:\/\/www.unisantos.br\/pos\/wp-json\/wp\/v2\/pages"}],"about":[{"href":"https:\/\/www.unisantos.br\/pos\/wp-json\/wp\/v2\/types\/page"}],"author":[{"embeddable":true,"href":"https:\/\/www.unisantos.br\/pos\/wp-json\/wp\/v2\/users\/1"}],"replies":[{"embeddable":true,"href":"https:\/\/www.unisantos.br\/pos\/wp-json\/wp\/v2\/comments?post=5953"}],"version-history":[{"count":4,"href":"https:\/\/www.unisantos.br\/pos\/wp-json\/wp\/v2\/pages\/5953\/revisions"}],"predecessor-version":[{"id":6311,"href":"https:\/\/www.unisantos.br\/pos\/wp-json\/wp\/v2\/pages\/5953\/revisions\/6311"}],"up":[{"embeddable":true,"href":"https:\/\/www.unisantos.br\/pos\/wp-json\/wp\/v2\/pages\/399"}],"wp:attachment":[{"href":"https:\/\/www.unisantos.br\/pos\/wp-json\/wp\/v2\/media?parent=5953"}],"curies":[{"name":"wp","href":"https:\/\/api.w.org\/{rel}","templated":true}]}}